{"id":2960,"date":"2018-10-08T11:45:48","date_gmt":"2018-10-08T11:45:48","guid":{"rendered":"https:\/\/abellanaplus.com\/?page_id=2960"},"modified":"2019-07-16T12:28:43","modified_gmt":"2019-07-16T09:28:43","slug":"2960-2","status":"publish","type":"page","link":"https:\/\/abellanaplus.com\/de\/","title":{"rendered":"\u00dcber uns"},"content":{"rendered":"<div id='layer_slider_1'  class='avia-layerslider main_color avia-shadow  avia-builder-el-0  el_before_av_one_half  avia-builder-el-first  container_wrap sidebar_right'  style='height: 471px; max-width: 1140px; margin: 0 auto;'  ><\/div><div id='after_layer_slider_1'  class='main_color av_default_container_wrap container_wrap sidebar_right'  ><div class='container av-section-cont-open' ><div class='template-page content  av-content-small alpha units'><div class='post-entry post-entry-type-page post-entry-2960'><div class='entry-content-wrapper clearfix'>\n<div  class='flex_column av-pckuwg-94e8828b8883b1a03fdefcd2e93b30df av_one_half  avia-builder-el-1  el_after_av_layerslider  el_before_av_one_half  avia-builder-el-first  first flex_column_div  '     ><p>\n<style type=\"text\/css\" data-created_by=\"avia_inline_auto\" id=\"style-css-av-av_heading-cfd107f993d380f6455d93e16325f00f\">\n#top .av-special-heading.av-av_heading-cfd107f993d380f6455d93e16325f00f{\npadding-bottom:10px;\n}\nbody .av-special-heading.av-av_heading-cfd107f993d380f6455d93e16325f00f .av-special-heading-tag .heading-char{\nfont-size:25px;\n}\n.av-special-heading.av-av_heading-cfd107f993d380f6455d93e16325f00f .av-subheading{\nfont-size:15px;\n}\n<\/style>\n<div  class='av-special-heading av-av_heading-cfd107f993d380f6455d93e16325f00f av-special-heading-h3 blockquote modern-quote  avia-builder-el-2  el_before_av_iconlist  avia-builder-el-first '><h3 class='av-special-heading-tag '  itemprop=\"headline\"  >Zentrale Werte<\/h3><div class=\"special-heading-border\"><div class=\"special-heading-inner-border\"><\/div><\/div><\/div><br \/>\n\n<style type=\"text\/css\" data-created_by=\"avia_inline_auto\" id=\"style-css-av-lykpm8-5e7cdd79dd7b705a9cada78ec1e9a731\">\n#top .avia-icon-list-container.av-lykpm8-5e7cdd79dd7b705a9cada78ec1e9a731 .iconlist_icon{\nbackground-color:#11abd6;\n}\n<\/style>\n<div  class='avia-icon-list-container av-lykpm8-5e7cdd79dd7b705a9cada78ec1e9a731  avia-builder-el-3  el_after_av_heading  avia-builder-el-last '><ul class='avia-icon-list avia_animate_when_almost_visible avia-icon-list-left av-iconlist-big av-lykpm8-5e7cdd79dd7b705a9cada78ec1e9a731 avia-iconlist-animate'>\n<li><div class='iconlist_icon av-klkb3k-896932e9e80f45e04f694c308317c329 avia-font-entypo-fontello'><span class='iconlist-char' aria-hidden='true' data-av_icon='\ue82b' data-av_iconfont='entypo-fontello'><\/span><\/div><article class=\"article-icon-entry \"  itemscope=\"itemscope\" itemtype=\"https:\/\/schema.org\/CreativeWork\" ><div class=\"iconlist_content_wrap\"><header class=\"entry-content-header\" aria-label=\"Icon: QUALIT\u00c4T\"><h4 class='av_iconlist_title iconlist_title  '  itemprop=\"headline\" >QUALIT\u00c4T<\/h4><\/header><div class='iconlist_content '  itemprop=\"text\" ><p>ist in allen Bereichen unser wichtigster Grundsatz<\/p>\n<\/div><\/div><footer class=\"entry-footer\"><\/footer><\/article><div class=\"iconlist-timeline\"><\/div><\/li>\n<li><div class='iconlist_icon av-jp8oo0-983697d9c87543f0d83a45d64cdfc7de avia-font-entypo-fontello'><span class='iconlist-char' aria-hidden='true' data-av_icon='\ue824' data-av_iconfont='entypo-fontello'><\/span><\/div><article class=\"article-icon-entry \"  itemscope=\"itemscope\" itemtype=\"https:\/\/schema.org\/CreativeWork\" ><div class=\"iconlist_content_wrap\"><header class=\"entry-content-header\" aria-label=\"Icon: VERTRAULICHKEIT\"><h4 class='av_iconlist_title iconlist_title  '  itemprop=\"headline\" >VERTRAULICHKEIT<\/h4><\/header><div class='iconlist_content '  itemprop=\"text\" ><p>all Ihrer Unterlagen und Dokumente hat bei uns absolute Priorit\u00e4t<\/p>\n<\/div><\/div><footer class=\"entry-footer\"><\/footer><\/article><div class=\"iconlist-timeline\"><\/div><\/li>\n<li><div class='iconlist_icon av-hv0n1s-e384596cc9646a8cc3299b0020b0aefd avia-font-entypo-fontello'><span class='iconlist-char' aria-hidden='true' data-av_icon='\ue8bb' data-av_iconfont='entypo-fontello'><\/span><\/div><article class=\"article-icon-entry \"  itemscope=\"itemscope\" itemtype=\"https:\/\/schema.org\/CreativeWork\" ><div class=\"iconlist_content_wrap\"><header class=\"entry-content-header\" aria-label=\"Icon: PROFESSIONALIT\u00c4T\"><h4 class='av_iconlist_title iconlist_title  '  itemprop=\"headline\" >PROFESSIONALIT\u00c4T<\/h4><\/header><div class='iconlist_content '  itemprop=\"text\" ><p>gesammelte Erfahrungen + Kenntnisse der Besonderheiten der Arbeit<\/p>\n<\/div><\/div><footer class=\"entry-footer\"><\/footer><\/article><div class=\"iconlist-timeline\"><\/div><\/li>\n<li><div class='iconlist_icon av-geuuqo-5c76eab171027ad3d9f54444651e7034 avia-font-entypo-fontello'><span class='iconlist-char' aria-hidden='true' data-av_icon='\ue8a3' data-av_iconfont='entypo-fontello'><\/span><\/div><article class=\"article-icon-entry \"  itemscope=\"itemscope\" itemtype=\"https:\/\/schema.org\/CreativeWork\" ><div class=\"iconlist_content_wrap\"><header class=\"entry-content-header\" aria-label=\"Icon: P\u00dcNKTLICHKEIT\"><h4 class='av_iconlist_title iconlist_title  '  itemprop=\"headline\" >P\u00dcNKTLICHKEIT<\/h4><\/header><div class='iconlist_content '  itemprop=\"text\" ><p>die Seele des Gesch\u00e4fts<\/p>\n<\/div><\/div><footer class=\"entry-footer\"><\/footer><\/article><div class=\"iconlist-timeline\"><\/div><\/li>\n<li><div class='iconlist_icon av-dvwgnk-5700b25c02c80b18956f0ce0554d7856 avia-font-entypo-fontello'><span class='iconlist-char' aria-hidden='true' data-av_icon='\ue80a' data-av_iconfont='entypo-fontello'><\/span><\/div><article class=\"article-icon-entry \"  itemscope=\"itemscope\" itemtype=\"https:\/\/schema.org\/CreativeWork\" ><div class=\"iconlist_content_wrap\"><header class=\"entry-content-header\" aria-label=\"Icon: INDIVIDUELLER ANSATZ\"><h4 class='av_iconlist_title iconlist_title  '  itemprop=\"headline\" >INDIVIDUELLER ANSATZ<\/h4><\/header><div class='iconlist_content '  itemprop=\"text\" ><p>Ber\u00fccksichtigen der Vielfalt der Kundenanforderungen<\/p>\n<\/div><\/div><footer class=\"entry-footer\"><\/footer><\/article><div class=\"iconlist-timeline\"><\/div><\/li>\n<li><div class='iconlist_icon av-ceb8hs-35b287dc7937cbab5cf8df08f145394a avia-font-entypo-fontello'><span class='iconlist-char' aria-hidden='true' data-av_icon='\ue894' data-av_iconfont='entypo-fontello'><\/span><\/div><article class=\"article-icon-entry \"  itemscope=\"itemscope\" itemtype=\"https:\/\/schema.org\/CreativeWork\" ><div class=\"iconlist_content_wrap\"><header class=\"entry-content-header\" aria-label=\"Icon: FLEXIBILIT\u00c4T\"><h4 class='av_iconlist_title iconlist_title  '  itemprop=\"headline\" >FLEXIBILIT\u00c4T<\/h4><\/header><div class='iconlist_content '  itemprop=\"text\" ><p>keine Stereotypen, Ziel ist es, eine L\u00f6sung f\u00fcr jeden Auftrag zu finden<\/p>\n<\/div><\/div><footer class=\"entry-footer\"><\/footer><\/article><div class=\"iconlist-timeline\"><\/div><\/li>\n<\/ul><\/div><\/p><\/div><div  class='flex_column av-amda4g-4305978d382437fc862188158a105952 av_one_half  avia-builder-el-4  el_after_av_one_half  el_before_av_promobox  flex_column_div  '     ><p>\n<style type=\"text\/css\" data-created_by=\"avia_inline_auto\" id=\"style-css-av-jxx4lvnw-122b991ed923827ee6074fe678ef7fea\">\n#top .av-special-heading.av-jxx4lvnw-122b991ed923827ee6074fe678ef7fea{\npadding-bottom:10px;\n}\nbody .av-special-heading.av-jxx4lvnw-122b991ed923827ee6074fe678ef7fea .av-special-heading-tag .heading-char{\nfont-size:25px;\n}\n.av-special-heading.av-jxx4lvnw-122b991ed923827ee6074fe678ef7fea .av-subheading{\nfont-size:15px;\n}\n<\/style>\n<div  class='av-special-heading av-jxx4lvnw-122b991ed923827ee6074fe678ef7fea av-special-heading-h3 blockquote modern-quote  avia-builder-el-5  el_before_av_heading  avia-builder-el-first '><h3 class='av-special-heading-tag '  itemprop=\"headline\"  >Eines der wichtigsten Ziele<\/h3><div class='av-subheading av-subheading_below'><p>unserer Arbeit ist es, das Vertrauen unserer Kunden zu gewinnen. Unsere Gesch\u00e4ftsstrategie ist absolut kundenorientiert. Wir nutzen flexible L\u00f6sungen, um allen Bed\u00fcrfnissen unserer Kunden optimal nachzukommen und dabei makellose Qualit\u00e4t zu einem vern\u00fcnftigen Preis anzubieten.<\/p>\n<\/div><div class=\"special-heading-border\"><div class=\"special-heading-inner-border\"><\/div><\/div><\/div><br \/>\n\n<style type=\"text\/css\" data-created_by=\"avia_inline_auto\" id=\"style-css-av-jxx4m4f7-d1a31f5b7ab545e1b4f6720c09681bb4\">\n#top .av-special-heading.av-jxx4m4f7-d1a31f5b7ab545e1b4f6720c09681bb4{\npadding-bottom:10px;\n}\nbody .av-special-heading.av-jxx4m4f7-d1a31f5b7ab545e1b4f6720c09681bb4 .av-special-heading-tag .heading-char{\nfont-size:25px;\n}\n.av-special-heading.av-jxx4m4f7-d1a31f5b7ab545e1b4f6720c09681bb4 .av-subheading{\nfont-size:15px;\n}\n<\/style>\n<div  class='av-special-heading av-jxx4m4f7-d1a31f5b7ab545e1b4f6720c09681bb4 av-special-heading-h3 blockquote modern-quote  avia-builder-el-6  el_after_av_heading  el_before_av_heading '><h3 class='av-special-heading-tag '  itemprop=\"headline\"  >Wir glauben an unseren Erfolg, denn wir haben alle notwendigen Voraussetzungen daf\u00fcr: <\/h3><div class='av-subheading av-subheading_below'><p>professionelle Linguisten mit fundierten Erfahrungen in unterschiedlichen Fachgebieten, Verfahren zur Qualit\u00e4tskontrolle zur Gew\u00e4hrleistung der h\u00f6chsten Qualit\u00e4t unserer Arbeit und, was am Wichtigsten ist, eine starke Motivation. Wir scheuen uns nicht vor Arbeit und streben stets danach, unsere Ziele zu erreichen.<\/p>\n<\/div><div class=\"special-heading-border\"><div class=\"special-heading-inner-border\"><\/div><\/div><\/div><br \/>\n\n<style type=\"text\/css\" data-created_by=\"avia_inline_auto\" id=\"style-css-av-jxx4mo8o-50a1a545239c07401988d59d91f18a88\">\n#top .av-special-heading.av-jxx4mo8o-50a1a545239c07401988d59d91f18a88{\npadding-bottom:10px;\n}\nbody .av-special-heading.av-jxx4mo8o-50a1a545239c07401988d59d91f18a88 .av-special-heading-tag .heading-char{\nfont-size:25px;\n}\n.av-special-heading.av-jxx4mo8o-50a1a545239c07401988d59d91f18a88 .av-subheading{\nfont-size:15px;\n}\n<\/style>\n<div  class='av-special-heading av-jxx4mo8o-50a1a545239c07401988d59d91f18a88 av-special-heading-h3 blockquote modern-quote  avia-builder-el-7  el_after_av_heading  avia-builder-el-last '><h3 class='av-special-heading-tag '  itemprop=\"headline\"  >Unser Team<\/h3><div class='av-subheading av-subheading_below'><p>ist hochmotiviert bei der Erreichung der gesetzten Ziele und bringt alle daf\u00fcr erforderlichen Voraussetzungen mit: Engagement, Teamf\u00e4higkeit, Verantwortlichkeit, die F\u00e4higkeit zur Weiterentwicklung und die Suche nach L\u00f6sungen bei den komplexesten Aufgaben. Wir halten uns unbeirrbar an die oben genannten Unternehmenswerte, da wir unseren Ruf sehr zu sch\u00e4tzen wissen. Durch diese Werte wissen wir stets, woran wir unser Verhalten ausrichten.<br \/>\nUnsere Arbeit ist nicht ganz einfach. Dennoch tun wir sie stets mit Vergn\u00fcgen und genau da zeigt sich unser professioneller Umgang.<\/p>\n<p>Wenden Sie sich an uns und Sie werden nicht entt\u00e4uscht sein!<\/p>\n<\/div><div class=\"special-heading-border\"><div class=\"special-heading-inner-border\"><\/div><\/div><\/div><\/p><\/div><\/p>\n<div  class='av_promobox av-43d280-65a3c8ac5f94eacc81517d371572df4a avia-button-yes  avia-builder-el-8  el_after_av_one_half  el_before_av_textblock '><div class='avia-promocontent'><\/p>\n<h3>Wenden Sie sich an uns und Sie werden nicht entt\u00e4uscht sein!<\/h3>\n<p>\n<\/div><div  class='avia-button-wrap av-43d280-164ea4dc768a995d35fb25736376d66a-wrap avia-button-right '><a href='https:\/\/abellanaplus.com\/de\/kontakt\/'  class='avia-button av-43d280-164ea4dc768a995d35fb25736376d66a av-link-btn avia-icon_select-yes-left-icon avia-size-large avia-position-right avia-color-theme-color'   aria-label=\"Kontakt\"><span class='avia_button_icon avia_button_icon_left' aria-hidden='true' data-av_icon='\ue805' data-av_iconfont='entypo-fontello'><\/span><span class='avia_iconbox_title' >Kontakt<\/span><\/a><\/div><\/div>\n<section  class='av_textblock_section av-1xq4xs-27287bdea5e57a70c44ebfccdf226e00 '   itemscope=\"itemscope\" itemtype=\"https:\/\/schema.org\/CreativeWork\" ><div class='avia_textblock'  itemprop=\"text\" ><\/div><\/section>\n","protected":false},"excerpt":{"rendered":"","protected":false},"author":2,"featured_media":0,"parent":0,"menu_order":100,"comment_status":"closed","ping_status":"closed","template":"","meta":{"footnotes":""},"class_list":["post-2960","page","type-page","status-publish","hentry"],"yoast_head":"<!-- This site is optimized with the Yoast SEO plugin v23.4 - https:\/\/yoast.com\/wordpress\/plugins\/seo\/ -->\n<title>Abellana Plus \u2013 your guide to multilingual environment! | Translation Services<\/title>\n<meta name=\"description\" content=\"Wir sind in der Europ\u00e4ischen Union und in Nordamerika f\u00fchrend in unserem Gebiet. Unser Unternehmen unterh\u00e4lt ein hochqualifiziertes und motiviertes Team f\u00fcr eine gro\u00dfe Anzahl mehrsprachiger Projekte in zahlreichen Fachgebieten.\" \/>\n<meta name=\"robots\" content=\"index, follow, max-snippet:-1, max-image-preview:large, max-video-preview:-1\" \/>\n<link rel=\"canonical\" href=\"https:\/\/abellanaplus.com\/de\/\" \/>\n<meta name=\"twitter:label1\" content=\"Gesch\u00e4tzte Lesezeit\" \/>\n\t<meta name=\"twitter:data1\" content=\"4\u00a0Minuten\" \/>\n<script type=\"application\/ld+json\" class=\"yoast-schema-graph\">{\"@context\":\"https:\/\/schema.org\",\"@graph\":[{\"@type\":\"WebPage\",\"@id\":\"https:\/\/abellanaplus.com\/de\/\",\"url\":\"https:\/\/abellanaplus.com\/de\/\",\"name\":\"Abellana Plus \u2013 your guide to multilingual environment! | Translation Services\",\"isPartOf\":{\"@id\":\"https:\/\/abellanaplus.com\/de\/#website\"},\"datePublished\":\"2018-10-08T11:45:48+00:00\",\"dateModified\":\"2019-07-16T09:28:43+00:00\",\"description\":\"Wir sind in der Europ\u00e4ischen Union und in Nordamerika f\u00fchrend in unserem Gebiet. Unser Unternehmen unterh\u00e4lt ein hochqualifiziertes und motiviertes Team f\u00fcr eine gro\u00dfe Anzahl mehrsprachiger Projekte in zahlreichen Fachgebieten.\",\"breadcrumb\":{\"@id\":\"https:\/\/abellanaplus.com\/de\/#breadcrumb\"},\"inLanguage\":\"de\",\"potentialAction\":[{\"@type\":\"ReadAction\",\"target\":[\"https:\/\/abellanaplus.com\/de\/\"]}]},{\"@type\":\"BreadcrumbList\",\"@id\":\"https:\/\/abellanaplus.com\/de\/#breadcrumb\",\"itemListElement\":[{\"@type\":\"ListItem\",\"position\":1,\"name\":\"Home\",\"item\":\"https:\/\/abellanaplus.com\/de\/\"},{\"@type\":\"ListItem\",\"position\":2,\"name\":\"\u00dcber uns\"}]},{\"@type\":\"WebSite\",\"@id\":\"https:\/\/abellanaplus.com\/de\/#website\",\"url\":\"https:\/\/abellanaplus.com\/de\/\",\"name\":\"Abellana Plus \u2013 your guide to multilingual environment! | Translation Services\",\"description\":\"\",\"publisher\":{\"@id\":\"https:\/\/abellanaplus.com\/de\/#organization\"},\"potentialAction\":[{\"@type\":\"SearchAction\",\"target\":{\"@type\":\"EntryPoint\",\"urlTemplate\":\"https:\/\/abellanaplus.com\/de\/?s={search_term_string}\"},\"query-input\":{\"@type\":\"PropertyValueSpecification\",\"valueRequired\":true,\"valueName\":\"search_term_string\"}}],\"inLanguage\":\"de\"},{\"@type\":\"Organization\",\"@id\":\"https:\/\/abellanaplus.com\/de\/#organization\",\"name\":\"Abellana Plus\",\"url\":\"https:\/\/abellanaplus.com\/de\/\",\"logo\":{\"@type\":\"ImageObject\",\"inLanguage\":\"de\",\"@id\":\"https:\/\/abellanaplus.com\/de\/#\/schema\/logo\/image\/\",\"url\":\"https:\/\/abellanaplus.com\/wp-content\/uploads\/2019\/07\/logo.png\",\"contentUrl\":\"https:\/\/abellanaplus.com\/wp-content\/uploads\/2019\/07\/logo.png\",\"width\":350,\"height\":364,\"caption\":\"Abellana Plus\"},\"image\":{\"@id\":\"https:\/\/abellanaplus.com\/de\/#\/schema\/logo\/image\/\"}}]}<\/script>\n<!-- \/ Yoast SEO plugin. -->","yoast_head_json":{"title":"Abellana Plus \u2013 your guide to multilingual environment! | Translation Services","description":"Wir sind in der Europ\u00e4ischen Union und in Nordamerika f\u00fchrend in unserem Gebiet. Unser Unternehmen unterh\u00e4lt ein hochqualifiziertes und motiviertes Team f\u00fcr eine gro\u00dfe Anzahl mehrsprachiger Projekte in zahlreichen Fachgebieten.","robots":{"index":"index","follow":"follow","max-snippet":"max-snippet:-1","max-image-preview":"max-image-preview:large","max-video-preview":"max-video-preview:-1"},"canonical":"https:\/\/abellanaplus.com\/de\/","twitter_misc":{"Gesch\u00e4tzte Lesezeit":"4\u00a0Minuten"},"schema":{"@context":"https:\/\/schema.org","@graph":[{"@type":"WebPage","@id":"https:\/\/abellanaplus.com\/de\/","url":"https:\/\/abellanaplus.com\/de\/","name":"Abellana Plus \u2013 your guide to multilingual environment! | Translation Services","isPartOf":{"@id":"https:\/\/abellanaplus.com\/de\/#website"},"datePublished":"2018-10-08T11:45:48+00:00","dateModified":"2019-07-16T09:28:43+00:00","description":"Wir sind in der Europ\u00e4ischen Union und in Nordamerika f\u00fchrend in unserem Gebiet. Unser Unternehmen unterh\u00e4lt ein hochqualifiziertes und motiviertes Team f\u00fcr eine gro\u00dfe Anzahl mehrsprachiger Projekte in zahlreichen Fachgebieten.","breadcrumb":{"@id":"https:\/\/abellanaplus.com\/de\/#breadcrumb"},"inLanguage":"de","potentialAction":[{"@type":"ReadAction","target":["https:\/\/abellanaplus.com\/de\/"]}]},{"@type":"BreadcrumbList","@id":"https:\/\/abellanaplus.com\/de\/#breadcrumb","itemListElement":[{"@type":"ListItem","position":1,"name":"Home","item":"https:\/\/abellanaplus.com\/de\/"},{"@type":"ListItem","position":2,"name":"\u00dcber uns"}]},{"@type":"WebSite","@id":"https:\/\/abellanaplus.com\/de\/#website","url":"https:\/\/abellanaplus.com\/de\/","name":"Abellana Plus \u2013 your guide to multilingual environment! | Translation Services","description":"","publisher":{"@id":"https:\/\/abellanaplus.com\/de\/#organization"},"potentialAction":[{"@type":"SearchAction","target":{"@type":"EntryPoint","urlTemplate":"https:\/\/abellanaplus.com\/de\/?s={search_term_string}"},"query-input":{"@type":"PropertyValueSpecification","valueRequired":true,"valueName":"search_term_string"}}],"inLanguage":"de"},{"@type":"Organization","@id":"https:\/\/abellanaplus.com\/de\/#organization","name":"Abellana Plus","url":"https:\/\/abellanaplus.com\/de\/","logo":{"@type":"ImageObject","inLanguage":"de","@id":"https:\/\/abellanaplus.com\/de\/#\/schema\/logo\/image\/","url":"https:\/\/abellanaplus.com\/wp-content\/uploads\/2019\/07\/logo.png","contentUrl":"https:\/\/abellanaplus.com\/wp-content\/uploads\/2019\/07\/logo.png","width":350,"height":364,"caption":"Abellana Plus"},"image":{"@id":"https:\/\/abellanaplus.com\/de\/#\/schema\/logo\/image\/"}}]}},"_links":{"self":[{"href":"https:\/\/abellanaplus.com\/de\/wp-json\/wp\/v2\/pages\/2960"}],"collection":[{"href":"https:\/\/abellanaplus.com\/de\/wp-json\/wp\/v2\/pages"}],"about":[{"href":"https:\/\/abellanaplus.com\/de\/wp-json\/wp\/v2\/types\/page"}],"author":[{"embeddable":true,"href":"https:\/\/abellanaplus.com\/de\/wp-json\/wp\/v2\/users\/2"}],"replies":[{"embeddable":true,"href":"https:\/\/abellanaplus.com\/de\/wp-json\/wp\/v2\/comments?post=2960"}],"version-history":[{"count":11,"href":"https:\/\/abellanaplus.com\/de\/wp-json\/wp\/v2\/pages\/2960\/revisions"}],"predecessor-version":[{"id":3963,"href":"https:\/\/abellanaplus.com\/de\/wp-json\/wp\/v2\/pages\/2960\/revisions\/3963"}],"wp:attachment":[{"href":"https:\/\/abellanaplus.com\/de\/wp-json\/wp\/v2\/media?parent=2960"}],"curies":[{"name":"wp","href":"https:\/\/api.w.org\/{rel}","templated":true}]}}