{"id":2996,"date":"2018-09-28T16:45:11","date_gmt":"2018-09-28T16:45:11","guid":{"rendered":"https:\/\/abellanaplus.com\/?page_id=2996"},"modified":"2019-07-10T11:17:44","modified_gmt":"2019-07-10T11:17:44","slug":"lektorat","status":"publish","type":"page","link":"https:\/\/abellanaplus.com\/de\/dienstleistungen\/lektorat\/","title":{"rendered":"Lektorat"},"content":{"rendered":"<section  class='av_textblock_section av-jxx5fzcd-7ecdb1053e1d18ee41105c9971df16b3 '   itemscope=\"itemscope\" itemtype=\"https:\/\/schema.org\/CreativeWork\" ><div class='avia_textblock'  itemprop=\"text\" ><p><strong>Das Lektorat zielt darauf ab, \u00dcbersetzungsfehler zu erkennen und zu korrigieren. Dies ist eine ernstzunehmende und sehr wichtige Aufgabe. Bei zur Ver\u00f6ffentlichung vorgesehenem Material wird ein Lektorat dringend empfohlen.<\/strong><\/p>\n<p>Unsere Lektoratsdienste umfassen:<\/p>\n<ul>\n<li>Korrektur von Fehlern in der Rechtschreibung, Grammatik, Zeichensetzung und mechanischen Fehlern;<\/li>\n<li>Gew\u00e4hrleistung der Einheitlichkeit von Terminologie und Stil;<\/li>\n<li>Gew\u00e4hrleistung der Einheitlichkeit von Seitenlayout und Schriftarten;<\/li>\n<li>Anpassung an die sprachlichen Normen einer Sprache.<\/li>\n<\/ul>\n<p>Alle Lektoratsdienste werden von Linguisten ausgef\u00fchrt, die Muttersprachler der Zielsprache sind, sodass es uns m\u00f6glich ist, ein Endprodukt in ausgezeichneter Qualit\u00e4t zu garantieren.<\/p>\n<p><a href=\"https:\/\/abellanaplus.com\/de\/kontakt\/\">Kontaktieren Sie uns gerne<\/a>, wenn Sie mehr \u00fcber unseren Lektoratsservice erfahren m\u00f6chten!<\/p>\n<\/div><\/section>\n","protected":false},"excerpt":{"rendered":"","protected":false},"author":2,"featured_media":0,"parent":2976,"menu_order":230,"comment_status":"closed","ping_status":"closed","template":"","meta":{"footnotes":""},"class_list":["post-2996","page","type-page","status-publish","hentry"],"yoast_head":"<!-- This site is optimized with the Yoast SEO plugin v23.4 - https:\/\/yoast.com\/wordpress\/plugins\/seo\/ -->\n<title>Lektorat | Abellana Plus \u2013 your guide to multilingual environment! | Translation Services<\/title>\n<meta name=\"robots\" content=\"index, follow, max-snippet:-1, max-image-preview:large, max-video-preview:-1\" \/>\n<link rel=\"canonical\" href=\"https:\/\/abellanaplus.com\/de\/dienstleistungen\/lektorat\/\" \/>\n<meta name=\"twitter:label1\" content=\"Gesch\u00e4tzte Lesezeit\" \/>\n\t<meta name=\"twitter:data1\" content=\"1\u00a0Minute\" \/>\n<script type=\"application\/ld+json\" class=\"yoast-schema-graph\">{\"@context\":\"https:\/\/schema.org\",\"@graph\":[{\"@type\":\"WebPage\",\"@id\":\"https:\/\/abellanaplus.com\/de\/dienstleistungen\/lektorat\/\",\"url\":\"https:\/\/abellanaplus.com\/de\/dienstleistungen\/lektorat\/\",\"name\":\"Lektorat | Abellana Plus \u2013 your guide to multilingual environment! | Translation Services\",\"isPartOf\":{\"@id\":\"https:\/\/abellanaplus.com\/de\/#website\"},\"datePublished\":\"2018-09-28T16:45:11+00:00\",\"dateModified\":\"2019-07-10T11:17:44+00:00\",\"breadcrumb\":{\"@id\":\"https:\/\/abellanaplus.com\/de\/dienstleistungen\/lektorat\/#breadcrumb\"},\"inLanguage\":\"de\",\"potentialAction\":[{\"@type\":\"ReadAction\",\"target\":[\"https:\/\/abellanaplus.com\/de\/dienstleistungen\/lektorat\/\"]}]},{\"@type\":\"BreadcrumbList\",\"@id\":\"https:\/\/abellanaplus.com\/de\/dienstleistungen\/lektorat\/#breadcrumb\",\"itemListElement\":[{\"@type\":\"ListItem\",\"position\":1,\"name\":\"Home\",\"item\":\"https:\/\/abellanaplus.com\/de\/\"},{\"@type\":\"ListItem\",\"position\":2,\"name\":\"Dienstleistungen\",\"item\":\"https:\/\/abellanaplus.com\/de\/services\/\"},{\"@type\":\"ListItem\",\"position\":3,\"name\":\"Lektorat\"}]},{\"@type\":\"WebSite\",\"@id\":\"https:\/\/abellanaplus.com\/de\/#website\",\"url\":\"https:\/\/abellanaplus.com\/de\/\",\"name\":\"Abellana Plus \u2013 your guide to multilingual environment! | Translation Services\",\"description\":\"\",\"publisher\":{\"@id\":\"https:\/\/abellanaplus.com\/de\/#organization\"},\"potentialAction\":[{\"@type\":\"SearchAction\",\"target\":{\"@type\":\"EntryPoint\",\"urlTemplate\":\"https:\/\/abellanaplus.com\/de\/?s={search_term_string}\"},\"query-input\":{\"@type\":\"PropertyValueSpecification\",\"valueRequired\":true,\"valueName\":\"search_term_string\"}}],\"inLanguage\":\"de\"},{\"@type\":\"Organization\",\"@id\":\"https:\/\/abellanaplus.com\/de\/#organization\",\"name\":\"Abellana Plus\",\"url\":\"https:\/\/abellanaplus.com\/de\/\",\"logo\":{\"@type\":\"ImageObject\",\"inLanguage\":\"de\",\"@id\":\"https:\/\/abellanaplus.com\/de\/#\/schema\/logo\/image\/\",\"url\":\"https:\/\/abellanaplus.com\/wp-content\/uploads\/2019\/07\/logo.png\",\"contentUrl\":\"https:\/\/abellanaplus.com\/wp-content\/uploads\/2019\/07\/logo.png\",\"width\":350,\"height\":364,\"caption\":\"Abellana Plus\"},\"image\":{\"@id\":\"https:\/\/abellanaplus.com\/de\/#\/schema\/logo\/image\/\"}}]}<\/script>\n<!-- \/ Yoast SEO plugin. -->","yoast_head_json":{"title":"Lektorat | Abellana Plus \u2013 your guide to multilingual environment! | Translation Services","robots":{"index":"index","follow":"follow","max-snippet":"max-snippet:-1","max-image-preview":"max-image-preview:large","max-video-preview":"max-video-preview:-1"},"canonical":"https:\/\/abellanaplus.com\/de\/dienstleistungen\/lektorat\/","twitter_misc":{"Gesch\u00e4tzte Lesezeit":"1\u00a0Minute"},"schema":{"@context":"https:\/\/schema.org","@graph":[{"@type":"WebPage","@id":"https:\/\/abellanaplus.com\/de\/dienstleistungen\/lektorat\/","url":"https:\/\/abellanaplus.com\/de\/dienstleistungen\/lektorat\/","name":"Lektorat | Abellana Plus \u2013 your guide to multilingual environment! | Translation Services","isPartOf":{"@id":"https:\/\/abellanaplus.com\/de\/#website"},"datePublished":"2018-09-28T16:45:11+00:00","dateModified":"2019-07-10T11:17:44+00:00","breadcrumb":{"@id":"https:\/\/abellanaplus.com\/de\/dienstleistungen\/lektorat\/#breadcrumb"},"inLanguage":"de","potentialAction":[{"@type":"ReadAction","target":["https:\/\/abellanaplus.com\/de\/dienstleistungen\/lektorat\/"]}]},{"@type":"BreadcrumbList","@id":"https:\/\/abellanaplus.com\/de\/dienstleistungen\/lektorat\/#breadcrumb","itemListElement":[{"@type":"ListItem","position":1,"name":"Home","item":"https:\/\/abellanaplus.com\/de\/"},{"@type":"ListItem","position":2,"name":"Dienstleistungen","item":"https:\/\/abellanaplus.com\/de\/services\/"},{"@type":"ListItem","position":3,"name":"Lektorat"}]},{"@type":"WebSite","@id":"https:\/\/abellanaplus.com\/de\/#website","url":"https:\/\/abellanaplus.com\/de\/","name":"Abellana Plus \u2013 your guide to multilingual environment! | Translation Services","description":"","publisher":{"@id":"https:\/\/abellanaplus.com\/de\/#organization"},"potentialAction":[{"@type":"SearchAction","target":{"@type":"EntryPoint","urlTemplate":"https:\/\/abellanaplus.com\/de\/?s={search_term_string}"},"query-input":{"@type":"PropertyValueSpecification","valueRequired":true,"valueName":"search_term_string"}}],"inLanguage":"de"},{"@type":"Organization","@id":"https:\/\/abellanaplus.com\/de\/#organization","name":"Abellana Plus","url":"https:\/\/abellanaplus.com\/de\/","logo":{"@type":"ImageObject","inLanguage":"de","@id":"https:\/\/abellanaplus.com\/de\/#\/schema\/logo\/image\/","url":"https:\/\/abellanaplus.com\/wp-content\/uploads\/2019\/07\/logo.png","contentUrl":"https:\/\/abellanaplus.com\/wp-content\/uploads\/2019\/07\/logo.png","width":350,"height":364,"caption":"Abellana Plus"},"image":{"@id":"https:\/\/abellanaplus.com\/de\/#\/schema\/logo\/image\/"}}]}},"_links":{"self":[{"href":"https:\/\/abellanaplus.com\/de\/wp-json\/wp\/v2\/pages\/2996"}],"collection":[{"href":"https:\/\/abellanaplus.com\/de\/wp-json\/wp\/v2\/pages"}],"about":[{"href":"https:\/\/abellanaplus.com\/de\/wp-json\/wp\/v2\/types\/page"}],"author":[{"embeddable":true,"href":"https:\/\/abellanaplus.com\/de\/wp-json\/wp\/v2\/users\/2"}],"replies":[{"embeddable":true,"href":"https:\/\/abellanaplus.com\/de\/wp-json\/wp\/v2\/comments?post=2996"}],"version-history":[{"count":3,"href":"https:\/\/abellanaplus.com\/de\/wp-json\/wp\/v2\/pages\/2996\/revisions"}],"predecessor-version":[{"id":3368,"href":"https:\/\/abellanaplus.com\/de\/wp-json\/wp\/v2\/pages\/2996\/revisions\/3368"}],"up":[{"embeddable":true,"href":"https:\/\/abellanaplus.com\/de\/wp-json\/wp\/v2\/pages\/2976"}],"wp:attachment":[{"href":"https:\/\/abellanaplus.com\/de\/wp-json\/wp\/v2\/media?parent=2996"}],"curies":[{"name":"wp","href":"https:\/\/api.w.org\/{rel}","templated":true}]}}