{"id":3006,"date":"2018-09-28T16:58:54","date_gmt":"2018-09-28T16:58:54","guid":{"rendered":"https:\/\/abellanaplus.com\/?page_id=3006"},"modified":"2019-07-10T11:24:30","modified_gmt":"2019-07-10T11:24:30","slug":"layout-und-grafikanpassung","status":"publish","type":"page","link":"https:\/\/abellanaplus.com\/de\/dienstleistungen\/layout-und-grafikanpassung\/","title":{"rendered":"Layout &#038; Grafikanpassung"},"content":{"rendered":"<section  class='av_textblock_section av-jxx5o75n-3927198837d552bca8c1d5b791ae1946 '   itemscope=\"itemscope\" itemtype=\"https:\/\/schema.org\/CreativeWork\" ><div class='avia_textblock'  itemprop=\"text\" ><p><strong>Wenn Sie eine Brosch\u00fcre, ein Handbuch oder eine sonstige Dokumentenart mit Bildern und Layout \u00fcbersetzen lassen, werden Sie h\u00f6chstwahrscheinlich DTP-Dienstleistungen ben\u00f6tigen.<\/strong><strong>Wie liefern \u00fcbersetztes Material druckfertig und freuen uns immer, unsere Kunden \u00fcber beste Verfahren zur Erstellung der Dokumentation zu informieren.<\/strong><\/p>\n<p>Im Verlauf des \u00dcbersetzungsverfahrens wird das Layout des Quelldokuments oftmals besch\u00e4digt, da die Sprachen in ihrer &#8222;Breite&#8220; variieren. Wir bieten aus diesem Grund eine DTP-Nachbereitung der \u00dcbersetzung an, um die \u00dcbersetzung erneut in Ihr Dokument einzuf\u00fcgen und das Layout der Quellversion anzupassen.<\/p>\n<p><a href=\"https:\/\/abellanaplus.com\/de\/kontakt\/\">Kontaktieren Sie uns<\/a> gerne, wenn Sie mehr erfahren m\u00f6chten \u00fcber unser DTP-Leistungsangebot!<\/p>\n<\/div><\/section>\n","protected":false},"excerpt":{"rendered":"","protected":false},"author":2,"featured_media":0,"parent":2976,"menu_order":240,"comment_status":"closed","ping_status":"closed","template":"","meta":{"footnotes":""},"class_list":["post-3006","page","type-page","status-publish","hentry"],"yoast_head":"<!-- This site is optimized with the Yoast SEO plugin v23.4 - https:\/\/yoast.com\/wordpress\/plugins\/seo\/ -->\n<title>Layout &amp; Grafikanpassung | Abellana Plus \u2013 your guide to multilingual environment! | Translation Services<\/title>\n<meta name=\"robots\" content=\"index, follow, max-snippet:-1, max-image-preview:large, max-video-preview:-1\" \/>\n<link rel=\"canonical\" href=\"https:\/\/abellanaplus.com\/de\/dienstleistungen\/layout-und-grafikanpassung\/\" \/>\n<meta name=\"twitter:label1\" content=\"Gesch\u00e4tzte Lesezeit\" \/>\n\t<meta name=\"twitter:data1\" content=\"1\u00a0Minute\" \/>\n<script type=\"application\/ld+json\" class=\"yoast-schema-graph\">{\"@context\":\"https:\/\/schema.org\",\"@graph\":[{\"@type\":\"WebPage\",\"@id\":\"https:\/\/abellanaplus.com\/de\/dienstleistungen\/layout-und-grafikanpassung\/\",\"url\":\"https:\/\/abellanaplus.com\/de\/dienstleistungen\/layout-und-grafikanpassung\/\",\"name\":\"Layout & Grafikanpassung | Abellana Plus \u2013 your guide to multilingual environment! | Translation Services\",\"isPartOf\":{\"@id\":\"https:\/\/abellanaplus.com\/de\/#website\"},\"datePublished\":\"2018-09-28T16:58:54+00:00\",\"dateModified\":\"2019-07-10T11:24:30+00:00\",\"breadcrumb\":{\"@id\":\"https:\/\/abellanaplus.com\/de\/dienstleistungen\/layout-und-grafikanpassung\/#breadcrumb\"},\"inLanguage\":\"de\",\"potentialAction\":[{\"@type\":\"ReadAction\",\"target\":[\"https:\/\/abellanaplus.com\/de\/dienstleistungen\/layout-und-grafikanpassung\/\"]}]},{\"@type\":\"BreadcrumbList\",\"@id\":\"https:\/\/abellanaplus.com\/de\/dienstleistungen\/layout-und-grafikanpassung\/#breadcrumb\",\"itemListElement\":[{\"@type\":\"ListItem\",\"position\":1,\"name\":\"Home\",\"item\":\"https:\/\/abellanaplus.com\/de\/\"},{\"@type\":\"ListItem\",\"position\":2,\"name\":\"Dienstleistungen\",\"item\":\"https:\/\/abellanaplus.com\/de\/services\/\"},{\"@type\":\"ListItem\",\"position\":3,\"name\":\"Layout &#038; Grafikanpassung\"}]},{\"@type\":\"WebSite\",\"@id\":\"https:\/\/abellanaplus.com\/de\/#website\",\"url\":\"https:\/\/abellanaplus.com\/de\/\",\"name\":\"Abellana Plus \u2013 your guide to multilingual environment! | Translation Services\",\"description\":\"\",\"publisher\":{\"@id\":\"https:\/\/abellanaplus.com\/de\/#organization\"},\"potentialAction\":[{\"@type\":\"SearchAction\",\"target\":{\"@type\":\"EntryPoint\",\"urlTemplate\":\"https:\/\/abellanaplus.com\/de\/?s={search_term_string}\"},\"query-input\":{\"@type\":\"PropertyValueSpecification\",\"valueRequired\":true,\"valueName\":\"search_term_string\"}}],\"inLanguage\":\"de\"},{\"@type\":\"Organization\",\"@id\":\"https:\/\/abellanaplus.com\/de\/#organization\",\"name\":\"Abellana Plus\",\"url\":\"https:\/\/abellanaplus.com\/de\/\",\"logo\":{\"@type\":\"ImageObject\",\"inLanguage\":\"de\",\"@id\":\"https:\/\/abellanaplus.com\/de\/#\/schema\/logo\/image\/\",\"url\":\"https:\/\/abellanaplus.com\/wp-content\/uploads\/2019\/07\/logo.png\",\"contentUrl\":\"https:\/\/abellanaplus.com\/wp-content\/uploads\/2019\/07\/logo.png\",\"width\":350,\"height\":364,\"caption\":\"Abellana Plus\"},\"image\":{\"@id\":\"https:\/\/abellanaplus.com\/de\/#\/schema\/logo\/image\/\"}}]}<\/script>\n<!-- \/ Yoast SEO plugin. -->","yoast_head_json":{"title":"Layout & Grafikanpassung | Abellana Plus \u2013 your guide to multilingual environment! | Translation Services","robots":{"index":"index","follow":"follow","max-snippet":"max-snippet:-1","max-image-preview":"max-image-preview:large","max-video-preview":"max-video-preview:-1"},"canonical":"https:\/\/abellanaplus.com\/de\/dienstleistungen\/layout-und-grafikanpassung\/","twitter_misc":{"Gesch\u00e4tzte Lesezeit":"1\u00a0Minute"},"schema":{"@context":"https:\/\/schema.org","@graph":[{"@type":"WebPage","@id":"https:\/\/abellanaplus.com\/de\/dienstleistungen\/layout-und-grafikanpassung\/","url":"https:\/\/abellanaplus.com\/de\/dienstleistungen\/layout-und-grafikanpassung\/","name":"Layout & Grafikanpassung | Abellana Plus \u2013 your guide to multilingual environment! | Translation Services","isPartOf":{"@id":"https:\/\/abellanaplus.com\/de\/#website"},"datePublished":"2018-09-28T16:58:54+00:00","dateModified":"2019-07-10T11:24:30+00:00","breadcrumb":{"@id":"https:\/\/abellanaplus.com\/de\/dienstleistungen\/layout-und-grafikanpassung\/#breadcrumb"},"inLanguage":"de","potentialAction":[{"@type":"ReadAction","target":["https:\/\/abellanaplus.com\/de\/dienstleistungen\/layout-und-grafikanpassung\/"]}]},{"@type":"BreadcrumbList","@id":"https:\/\/abellanaplus.com\/de\/dienstleistungen\/layout-und-grafikanpassung\/#breadcrumb","itemListElement":[{"@type":"ListItem","position":1,"name":"Home","item":"https:\/\/abellanaplus.com\/de\/"},{"@type":"ListItem","position":2,"name":"Dienstleistungen","item":"https:\/\/abellanaplus.com\/de\/services\/"},{"@type":"ListItem","position":3,"name":"Layout &#038; Grafikanpassung"}]},{"@type":"WebSite","@id":"https:\/\/abellanaplus.com\/de\/#website","url":"https:\/\/abellanaplus.com\/de\/","name":"Abellana Plus \u2013 your guide to multilingual environment! | Translation Services","description":"","publisher":{"@id":"https:\/\/abellanaplus.com\/de\/#organization"},"potentialAction":[{"@type":"SearchAction","target":{"@type":"EntryPoint","urlTemplate":"https:\/\/abellanaplus.com\/de\/?s={search_term_string}"},"query-input":{"@type":"PropertyValueSpecification","valueRequired":true,"valueName":"search_term_string"}}],"inLanguage":"de"},{"@type":"Organization","@id":"https:\/\/abellanaplus.com\/de\/#organization","name":"Abellana Plus","url":"https:\/\/abellanaplus.com\/de\/","logo":{"@type":"ImageObject","inLanguage":"de","@id":"https:\/\/abellanaplus.com\/de\/#\/schema\/logo\/image\/","url":"https:\/\/abellanaplus.com\/wp-content\/uploads\/2019\/07\/logo.png","contentUrl":"https:\/\/abellanaplus.com\/wp-content\/uploads\/2019\/07\/logo.png","width":350,"height":364,"caption":"Abellana Plus"},"image":{"@id":"https:\/\/abellanaplus.com\/de\/#\/schema\/logo\/image\/"}}]}},"_links":{"self":[{"href":"https:\/\/abellanaplus.com\/de\/wp-json\/wp\/v2\/pages\/3006"}],"collection":[{"href":"https:\/\/abellanaplus.com\/de\/wp-json\/wp\/v2\/pages"}],"about":[{"href":"https:\/\/abellanaplus.com\/de\/wp-json\/wp\/v2\/types\/page"}],"author":[{"embeddable":true,"href":"https:\/\/abellanaplus.com\/de\/wp-json\/wp\/v2\/users\/2"}],"replies":[{"embeddable":true,"href":"https:\/\/abellanaplus.com\/de\/wp-json\/wp\/v2\/comments?post=3006"}],"version-history":[{"count":3,"href":"https:\/\/abellanaplus.com\/de\/wp-json\/wp\/v2\/pages\/3006\/revisions"}],"predecessor-version":[{"id":3664,"href":"https:\/\/abellanaplus.com\/de\/wp-json\/wp\/v2\/pages\/3006\/revisions\/3664"}],"up":[{"embeddable":true,"href":"https:\/\/abellanaplus.com\/de\/wp-json\/wp\/v2\/pages\/2976"}],"wp:attachment":[{"href":"https:\/\/abellanaplus.com\/de\/wp-json\/wp\/v2\/media?parent=3006"}],"curies":[{"name":"wp","href":"https:\/\/api.w.org\/{rel}","templated":true}]}}