{"id":2861,"date":"2014-12-08T18:01:06","date_gmt":"2014-12-08T18:01:06","guid":{"rendered":"https:\/\/abellanaplus.com\/?page_id=2861"},"modified":"2019-07-16T12:28:01","modified_gmt":"2019-07-16T09:28:01","slug":"2861-2","status":"publish","type":"page","link":"https:\/\/abellanaplus.com\/fi\/","title":{"rendered":"Tietoja meist\u00e4"},"content":{"rendered":"<div id='layer_slider_1'  class='avia-layerslider main_color avia-shadow  avia-builder-el-0  el_before_av_one_half  avia-builder-el-first  container_wrap sidebar_right'  style='height: 471px; max-width: 1140px; margin: 0 auto;'  ><\/div><div id='after_layer_slider_1'  class='main_color av_default_container_wrap container_wrap sidebar_right'  ><div class='container av-section-cont-open' ><div class='template-page content  av-content-small alpha units'><div class='post-entry post-entry-type-page post-entry-2861'><div class='entry-content-wrapper clearfix'>\n<div  class='flex_column av-new2gt-0362ff5a223f2ec7c458e0f6d2e03269 av_one_half  avia-builder-el-1  el_after_av_layerslider  el_before_av_one_half  avia-builder-el-first  first flex_column_div  '     ><p>\n<style type=\"text\/css\" data-created_by=\"avia_inline_auto\" id=\"style-css-av-av_heading-a14e37fa954d466ef9d1f43d08bd9738\">\n#top .av-special-heading.av-av_heading-a14e37fa954d466ef9d1f43d08bd9738{\npadding-bottom:10px;\n}\nbody .av-special-heading.av-av_heading-a14e37fa954d466ef9d1f43d08bd9738 .av-special-heading-tag .heading-char{\nfont-size:25px;\n}\n.av-special-heading.av-av_heading-a14e37fa954d466ef9d1f43d08bd9738 .av-subheading{\nfont-size:15px;\n}\n<\/style>\n<div  class='av-special-heading av-av_heading-a14e37fa954d466ef9d1f43d08bd9738 av-special-heading-h3 blockquote modern-quote  avia-builder-el-2  el_before_av_iconlist  avia-builder-el-first '><h3 class='av-special-heading-tag '  itemprop=\"headline\"  >T\u00e4rkeimm\u00e4t arvot<\/h3><div class=\"special-heading-border\"><div class=\"special-heading-inner-border\"><\/div><\/div><\/div><br \/>\n\n<style type=\"text\/css\" data-created_by=\"avia_inline_auto\" id=\"style-css-av-l4de0t-5293b506f6379777caaf68b72d63cac1\">\n#top .avia-icon-list-container.av-l4de0t-5293b506f6379777caaf68b72d63cac1 .iconlist_icon{\nbackground-color:#11abd6;\n}\n<\/style>\n<div  class='avia-icon-list-container av-l4de0t-5293b506f6379777caaf68b72d63cac1  avia-builder-el-3  el_after_av_heading  avia-builder-el-last '><ul class='avia-icon-list avia_animate_when_almost_visible avia-icon-list-left av-iconlist-big av-l4de0t-5293b506f6379777caaf68b72d63cac1 avia-iconlist-animate'>\n<li><div class='iconlist_icon av-1wqca5-13dc4e83faf9866699946f5aa369afd9 avia-font-entypo-fontello'><span class='iconlist-char' aria-hidden='true' data-av_icon='\ue82b' data-av_iconfont='entypo-fontello'><\/span><\/div><article class=\"article-icon-entry \"  itemscope=\"itemscope\" itemtype=\"https:\/\/schema.org\/CreativeWork\" ><div class=\"iconlist_content_wrap\"><header class=\"entry-content-header\" aria-label=\"Icon: LAATU\"><h4 class='av_iconlist_title iconlist_title  '  itemprop=\"headline\" >LAATU<\/h4><\/header><div class='iconlist_content '  itemprop=\"text\" ><p>kaikilla alueilla\u00a0&#8211;\u00a0t\u00e4m\u00e4n on p\u00e4\u00e4periaatteemme<\/p>\n<\/div><\/div><footer class=\"entry-footer\"><\/footer><\/article><div class=\"iconlist-timeline\"><\/div><\/li>\n<li><div class='iconlist_icon av-i1ooy5-a228ff29d090984c7bd199d7fb073a25 avia-font-entypo-fontello'><span class='iconlist-char' aria-hidden='true' data-av_icon='\ue824' data-av_iconfont='entypo-fontello'><\/span><\/div><article class=\"article-icon-entry \"  itemscope=\"itemscope\" itemtype=\"https:\/\/schema.org\/CreativeWork\" ><div class=\"iconlist_content_wrap\"><header class=\"entry-content-header\" aria-label=\"Icon: LUOTTAMUKSELLISUUS\"><h4 class='av_iconlist_title iconlist_title  '  itemprop=\"headline\" >LUOTTAMUKSELLISUUS<\/h4><\/header><div class='iconlist_content '  itemprop=\"text\" ><p>kaikkien materiaalien ja asiakirjojen osalta on meille ehdottomasti ensisijalla<\/p>\n<\/div><\/div><footer class=\"entry-footer\"><\/footer><\/article><div class=\"iconlist-timeline\"><\/div><\/li>\n<li><div class='iconlist_icon av-for7i5-38aac149434122882cef6045cd85cdaf avia-font-entypo-fontello'><span class='iconlist-char' aria-hidden='true' data-av_icon='\ue8bb' data-av_iconfont='entypo-fontello'><\/span><\/div><article class=\"article-icon-entry \"  itemscope=\"itemscope\" itemtype=\"https:\/\/schema.org\/CreativeWork\" ><div class=\"iconlist_content_wrap\"><header class=\"entry-content-header\" aria-label=\"Icon: AMMATTITAITO\"><h4 class='av_iconlist_title iconlist_title  '  itemprop=\"headline\" >AMMATTITAITO<\/h4><\/header><div class='iconlist_content '  itemprop=\"text\" ><p>ty\u00f6n erityispiirteist\u00e4 saatu kokemus\u00a0+\u00a0tieto<\/p>\n<\/div><\/div><footer class=\"entry-footer\"><\/footer><\/article><div class=\"iconlist-timeline\"><\/div><\/li>\n<li><div class='iconlist_icon av-ep94p9-67115627a656d4cc28c38cd47956af1a avia-font-entypo-fontello'><span class='iconlist-char' aria-hidden='true' data-av_icon='\ue8a3' data-av_iconfont='entypo-fontello'><\/span><\/div><article class=\"article-icon-entry \"  itemscope=\"itemscope\" itemtype=\"https:\/\/schema.org\/CreativeWork\" ><div class=\"iconlist_content_wrap\"><header class=\"entry-content-header\" aria-label=\"Icon: T\u00c4SM\u00c4LLISYYS\"><h4 class='av_iconlist_title iconlist_title  '  itemprop=\"headline\" >T\u00c4SM\u00c4LLISYYS<\/h4><\/header><div class='iconlist_content '  itemprop=\"text\" ><p>liiketoimintamme sielu<\/p>\n<\/div><\/div><footer class=\"entry-footer\"><\/footer><\/article><div class=\"iconlist-timeline\"><\/div><\/li>\n<li><div class='iconlist_icon av-bvi5f1-e2575a345c5ae68dd5055f13a0481d88 avia-font-entypo-fontello'><span class='iconlist-char' aria-hidden='true' data-av_icon='\ue80a' data-av_iconfont='entypo-fontello'><\/span><\/div><article class=\"article-icon-entry \"  itemscope=\"itemscope\" itemtype=\"https:\/\/schema.org\/CreativeWork\" ><div class=\"iconlist_content_wrap\"><header class=\"entry-content-header\" aria-label=\"Icon: YKSIL\u00d6LLINEN L\u00c4HESTYMISTAPA\"><h4 class='av_iconlist_title iconlist_title  '  itemprop=\"headline\" >YKSIL\u00d6LLINEN L\u00c4HESTYMISTAPA<\/h4><\/header><div class='iconlist_content '  itemprop=\"text\" ><p>asiakkaiden tarpeiden moninaisuuden huomioiminen<\/p>\n<\/div><\/div><footer class=\"entry-footer\"><\/footer><\/article><div class=\"iconlist-timeline\"><\/div><\/li>\n<li><div class='iconlist_icon av-14ie7h-18cef02f1ba1b2528e6ffe744e9f55ca avia-font-entypo-fontello'><span class='iconlist-char' aria-hidden='true' data-av_icon='\ue894' data-av_iconfont='entypo-fontello'><\/span><\/div><article class=\"article-icon-entry \"  itemscope=\"itemscope\" itemtype=\"https:\/\/schema.org\/CreativeWork\" ><div class=\"iconlist_content_wrap\"><header class=\"entry-content-header\" aria-label=\"Icon: JOUSTAVUUS\"><h4 class='av_iconlist_title iconlist_title  '  itemprop=\"headline\" >JOUSTAVUUS<\/h4><\/header><div class='iconlist_content '  itemprop=\"text\" ><p>ei stereotypioita,\u00a0jotta kaikkiin teht\u00e4viin l\u00f6ytyisi ratkaisu<\/p>\n<\/div><\/div><footer class=\"entry-footer\"><\/footer><\/article><div class=\"iconlist-timeline\"><\/div><\/li>\n<\/ul><\/div><\/p><\/div><div  class='flex_column av-8w4mgt-80ffb68379337fcccf2aa3164a9555b4 av_one_half  avia-builder-el-4  el_after_av_one_half  el_before_av_promobox  flex_column_div  '     ><p>\n<style type=\"text\/css\" data-created_by=\"avia_inline_auto\" id=\"style-css-av-2nb4q5-1ac532a23adf086e7f166c14a8ed5993\">\n#top .av-special-heading.av-2nb4q5-1ac532a23adf086e7f166c14a8ed5993{\npadding-bottom:10px;\n}\nbody .av-special-heading.av-2nb4q5-1ac532a23adf086e7f166c14a8ed5993 .av-special-heading-tag .heading-char{\nfont-size:25px;\n}\n.av-special-heading.av-2nb4q5-1ac532a23adf086e7f166c14a8ed5993 .av-subheading{\nfont-size:15px;\n}\n<\/style>\n<div  class='av-special-heading av-2nb4q5-1ac532a23adf086e7f166c14a8ed5993 av-special-heading-h3 blockquote modern-quote  avia-builder-el-5  el_before_av_heading  avia-builder-el-first '><h3 class='av-special-heading-tag '  itemprop=\"headline\"  >Yksi ty\u00f6mme p\u00e4\u00e4tavoitteista<\/h3><div class='av-subheading av-subheading_below'><p>on luottamuksen rakentaminen meid\u00e4n ja asiakkaidemme v\u00e4lille. Toimintatapamme on t\u00e4ysin asiakasl\u00e4ht\u00f6inen. K\u00e4yt\u00e4mme joustavia ratkaisuja, jotta vastaisimme kaikkien asiakkaidemme tarpeisiin optimaalisesti samalla, kun tuotamme t\u00e4ydellist\u00e4 laatua kohtuulliseen hintaan.<\/p>\n<\/div><div class=\"special-heading-border\"><div class=\"special-heading-inner-border\"><\/div><\/div><\/div><br \/>\n\n<style type=\"text\/css\" data-created_by=\"avia_inline_auto\" id=\"style-css-av-jxx66gbs-543495bd3e2df6160f800635e965ec7f\">\n#top .av-special-heading.av-jxx66gbs-543495bd3e2df6160f800635e965ec7f{\npadding-bottom:10px;\n}\nbody .av-special-heading.av-jxx66gbs-543495bd3e2df6160f800635e965ec7f .av-special-heading-tag .heading-char{\nfont-size:25px;\n}\n.av-special-heading.av-jxx66gbs-543495bd3e2df6160f800635e965ec7f .av-subheading{\nfont-size:15px;\n}\n<\/style>\n<div  class='av-special-heading av-jxx66gbs-543495bd3e2df6160f800635e965ec7f av-special-heading-h3 blockquote modern-quote  avia-builder-el-6  el_after_av_heading  el_before_av_heading '><h3 class='av-special-heading-tag '  itemprop=\"headline\"  >Uskomme menestykseemme, koska meill\u00e4 on siihen kaikki edellytykset \u2013<\/h3><div class='av-subheading av-subheading_below'><p>kielialan ammattilaiset, laaja kokemus eri aloilta, laadunvarmistusmenetelm\u00e4, joka takaa ty\u00f6mme korkean laadun, ja mik\u00e4 t\u00e4rkeint\u00e4 \u2013 vahva motivaatio. Emme pelk\u00e4\u00e4 ty\u00f6t\u00e4 ja teemme kaikkemme p\u00e4\u00e4st\u00e4ksemme tavoitteisiimme.<\/p>\n<\/div><div class=\"special-heading-border\"><div class=\"special-heading-inner-border\"><\/div><\/div><\/div><br \/>\n\n<style type=\"text\/css\" data-created_by=\"avia_inline_auto\" id=\"style-css-av-jxx667op-3c904aa80131f86780547039d8dc68da\">\n#top .av-special-heading.av-jxx667op-3c904aa80131f86780547039d8dc68da{\npadding-bottom:10px;\n}\nbody .av-special-heading.av-jxx667op-3c904aa80131f86780547039d8dc68da .av-special-heading-tag .heading-char{\nfont-size:25px;\n}\n.av-special-heading.av-jxx667op-3c904aa80131f86780547039d8dc68da .av-subheading{\nfont-size:15px;\n}\n<\/style>\n<div  class='av-special-heading av-jxx667op-3c904aa80131f86780547039d8dc68da av-special-heading-h3 blockquote modern-quote  avia-builder-el-7  el_after_av_heading  avia-builder-el-last '><h3 class='av-special-heading-tag '  itemprop=\"headline\"  >Tiimimme<\/h3><div class='av-subheading av-subheading_below'><p>on eritt\u00e4in motivoitunut saavuttamaan asetetut tavoitteet ja sill\u00e4 on kaikki t\u00e4h\u00e4n tarvittavat ominaisuudet \u2013 sitoutuminen, tiimity\u00f6taidot, vastuullisuus sek\u00e4 kyky kehitty\u00e4 ja l\u00f6yt\u00e4\u00e4 ratkaisuja mit\u00e4 hankalimpiin teht\u00e4viin. Noudatamme ep\u00e4r\u00f6im\u00e4tt\u00e4 edell\u00e4 mainittuja yrityksemme arvoja, sill\u00e4 arvostamme yrityksen mainetta. N\u00e4iden arvojen ansiosta tied\u00e4mme aina, kuinka meid\u00e4n tulee toimia.<\/p>\n<p>Ty\u00f6mme ei ole helppoa. Hoidamme sen kuitenkin aina mielell\u00e4mme ja ammattimaisesti.<\/p>\n<p>K\u00e4\u00e4nny puoleemme, emme tuota pettymyst\u00e4!<\/p>\n<\/div><div class=\"special-heading-border\"><div class=\"special-heading-inner-border\"><\/div><\/div><\/div><\/p><\/div><\/p>\n<div  class='av_promobox av-26w7kt-d1b06768001e3670957b586df25868cd avia-button-yes  avia-builder-el-8  el_after_av_one_half  avia-builder-el-last '><div class='avia-promocontent'><\/p>\n<h3>K\u00e4\u00e4nny puoleemme,\u00a0emme tuota pettymyst\u00e4!<\/h3>\n<p>\n<\/div><div  class='avia-button-wrap av-26w7kt-6fa1131894862477cf89081b7530b203-wrap avia-button-right '><a href='https:\/\/abellanaplus.com\/fi\/ota-yhteytta\/'  class='avia-button av-26w7kt-6fa1131894862477cf89081b7530b203 av-link-btn avia-icon_select-yes-left-icon avia-size-large avia-position-right avia-color-theme-color'   aria-label=\"Yhteystiedot\"><span class='avia_button_icon avia_button_icon_left' aria-hidden='true' data-av_icon='\ue805' data-av_iconfont='entypo-fontello'><\/span><span class='avia_iconbox_title' >Yhteystiedot<\/span><\/a><\/div><\/div>\n","protected":false},"excerpt":{"rendered":"","protected":false},"author":2,"featured_media":0,"parent":0,"menu_order":100,"comment_status":"closed","ping_status":"closed","template":"","meta":{"footnotes":""},"class_list":["post-2861","page","type-page","status-publish","hentry"],"yoast_head":"<!-- This site is optimized with the Yoast SEO plugin v23.4 - https:\/\/yoast.com\/wordpress\/plugins\/seo\/ -->\n<title>Abellana Plus \u2013 your guide to multilingual environment! | Translation Services<\/title>\n<meta name=\"description\" content=\"Me olemme alamme johtajia Euroopan unionissa ja Pohjois-Amerikassa. Vankan ammattitaidon omaava ja motivoitunut tiimimme pystyy toteuttamaan monikielisi\u00e4 projekteja monilla eri erikoisaloilla.\" \/>\n<meta name=\"robots\" content=\"index, follow, max-snippet:-1, max-image-preview:large, max-video-preview:-1\" \/>\n<link rel=\"canonical\" href=\"https:\/\/abellanaplus.com\/fi\/\" \/>\n<meta name=\"twitter:label1\" content=\"Arvioitu lukuaika\" \/>\n\t<meta name=\"twitter:data1\" content=\"4 minuuttia\" \/>\n<script type=\"application\/ld+json\" class=\"yoast-schema-graph\">{\"@context\":\"https:\/\/schema.org\",\"@graph\":[{\"@type\":\"WebPage\",\"@id\":\"https:\/\/abellanaplus.com\/fi\/\",\"url\":\"https:\/\/abellanaplus.com\/fi\/\",\"name\":\"Abellana Plus \u2013 your guide to multilingual environment! | Translation Services\",\"isPartOf\":{\"@id\":\"https:\/\/abellanaplus.com\/fi\/#website\"},\"datePublished\":\"2014-12-08T18:01:06+00:00\",\"dateModified\":\"2019-07-16T09:28:01+00:00\",\"description\":\"Me olemme alamme johtajia Euroopan unionissa ja Pohjois-Amerikassa. Vankan ammattitaidon omaava ja motivoitunut tiimimme pystyy toteuttamaan monikielisi\u00e4 projekteja monilla eri erikoisaloilla.\",\"breadcrumb\":{\"@id\":\"https:\/\/abellanaplus.com\/fi\/#breadcrumb\"},\"inLanguage\":\"fi\",\"potentialAction\":[{\"@type\":\"ReadAction\",\"target\":[\"https:\/\/abellanaplus.com\/fi\/\"]}]},{\"@type\":\"BreadcrumbList\",\"@id\":\"https:\/\/abellanaplus.com\/fi\/#breadcrumb\",\"itemListElement\":[{\"@type\":\"ListItem\",\"position\":1,\"name\":\"Home\",\"item\":\"https:\/\/abellanaplus.com\/fi\/\"},{\"@type\":\"ListItem\",\"position\":2,\"name\":\"Tietoja meist\u00e4\"}]},{\"@type\":\"WebSite\",\"@id\":\"https:\/\/abellanaplus.com\/fi\/#website\",\"url\":\"https:\/\/abellanaplus.com\/fi\/\",\"name\":\"Abellana Plus \u2013 your guide to multilingual environment! | Translation Services\",\"description\":\"\",\"publisher\":{\"@id\":\"https:\/\/abellanaplus.com\/fi\/#organization\"},\"potentialAction\":[{\"@type\":\"SearchAction\",\"target\":{\"@type\":\"EntryPoint\",\"urlTemplate\":\"https:\/\/abellanaplus.com\/fi\/?s={search_term_string}\"},\"query-input\":{\"@type\":\"PropertyValueSpecification\",\"valueRequired\":true,\"valueName\":\"search_term_string\"}}],\"inLanguage\":\"fi\"},{\"@type\":\"Organization\",\"@id\":\"https:\/\/abellanaplus.com\/fi\/#organization\",\"name\":\"Abellana Plus\",\"url\":\"https:\/\/abellanaplus.com\/fi\/\",\"logo\":{\"@type\":\"ImageObject\",\"inLanguage\":\"fi\",\"@id\":\"https:\/\/abellanaplus.com\/fi\/#\/schema\/logo\/image\/\",\"url\":\"https:\/\/abellanaplus.com\/wp-content\/uploads\/2019\/07\/logo.png\",\"contentUrl\":\"https:\/\/abellanaplus.com\/wp-content\/uploads\/2019\/07\/logo.png\",\"width\":350,\"height\":364,\"caption\":\"Abellana Plus\"},\"image\":{\"@id\":\"https:\/\/abellanaplus.com\/fi\/#\/schema\/logo\/image\/\"}}]}<\/script>\n<!-- \/ Yoast SEO plugin. -->","yoast_head_json":{"title":"Abellana Plus \u2013 your guide to multilingual environment! | Translation Services","description":"Me olemme alamme johtajia Euroopan unionissa ja Pohjois-Amerikassa. Vankan ammattitaidon omaava ja motivoitunut tiimimme pystyy toteuttamaan monikielisi\u00e4 projekteja monilla eri erikoisaloilla.","robots":{"index":"index","follow":"follow","max-snippet":"max-snippet:-1","max-image-preview":"max-image-preview:large","max-video-preview":"max-video-preview:-1"},"canonical":"https:\/\/abellanaplus.com\/fi\/","twitter_misc":{"Arvioitu lukuaika":"4 minuuttia"},"schema":{"@context":"https:\/\/schema.org","@graph":[{"@type":"WebPage","@id":"https:\/\/abellanaplus.com\/fi\/","url":"https:\/\/abellanaplus.com\/fi\/","name":"Abellana Plus \u2013 your guide to multilingual environment! | Translation Services","isPartOf":{"@id":"https:\/\/abellanaplus.com\/fi\/#website"},"datePublished":"2014-12-08T18:01:06+00:00","dateModified":"2019-07-16T09:28:01+00:00","description":"Me olemme alamme johtajia Euroopan unionissa ja Pohjois-Amerikassa. Vankan ammattitaidon omaava ja motivoitunut tiimimme pystyy toteuttamaan monikielisi\u00e4 projekteja monilla eri erikoisaloilla.","breadcrumb":{"@id":"https:\/\/abellanaplus.com\/fi\/#breadcrumb"},"inLanguage":"fi","potentialAction":[{"@type":"ReadAction","target":["https:\/\/abellanaplus.com\/fi\/"]}]},{"@type":"BreadcrumbList","@id":"https:\/\/abellanaplus.com\/fi\/#breadcrumb","itemListElement":[{"@type":"ListItem","position":1,"name":"Home","item":"https:\/\/abellanaplus.com\/fi\/"},{"@type":"ListItem","position":2,"name":"Tietoja meist\u00e4"}]},{"@type":"WebSite","@id":"https:\/\/abellanaplus.com\/fi\/#website","url":"https:\/\/abellanaplus.com\/fi\/","name":"Abellana Plus \u2013 your guide to multilingual environment! | Translation Services","description":"","publisher":{"@id":"https:\/\/abellanaplus.com\/fi\/#organization"},"potentialAction":[{"@type":"SearchAction","target":{"@type":"EntryPoint","urlTemplate":"https:\/\/abellanaplus.com\/fi\/?s={search_term_string}"},"query-input":{"@type":"PropertyValueSpecification","valueRequired":true,"valueName":"search_term_string"}}],"inLanguage":"fi"},{"@type":"Organization","@id":"https:\/\/abellanaplus.com\/fi\/#organization","name":"Abellana Plus","url":"https:\/\/abellanaplus.com\/fi\/","logo":{"@type":"ImageObject","inLanguage":"fi","@id":"https:\/\/abellanaplus.com\/fi\/#\/schema\/logo\/image\/","url":"https:\/\/abellanaplus.com\/wp-content\/uploads\/2019\/07\/logo.png","contentUrl":"https:\/\/abellanaplus.com\/wp-content\/uploads\/2019\/07\/logo.png","width":350,"height":364,"caption":"Abellana Plus"},"image":{"@id":"https:\/\/abellanaplus.com\/fi\/#\/schema\/logo\/image\/"}}]}},"_links":{"self":[{"href":"https:\/\/abellanaplus.com\/fi\/wp-json\/wp\/v2\/pages\/2861"}],"collection":[{"href":"https:\/\/abellanaplus.com\/fi\/wp-json\/wp\/v2\/pages"}],"about":[{"href":"https:\/\/abellanaplus.com\/fi\/wp-json\/wp\/v2\/types\/page"}],"author":[{"embeddable":true,"href":"https:\/\/abellanaplus.com\/fi\/wp-json\/wp\/v2\/users\/2"}],"replies":[{"embeddable":true,"href":"https:\/\/abellanaplus.com\/fi\/wp-json\/wp\/v2\/comments?post=2861"}],"version-history":[{"count":12,"href":"https:\/\/abellanaplus.com\/fi\/wp-json\/wp\/v2\/pages\/2861\/revisions"}],"predecessor-version":[{"id":3962,"href":"https:\/\/abellanaplus.com\/fi\/wp-json\/wp\/v2\/pages\/2861\/revisions\/3962"}],"wp:attachment":[{"href":"https:\/\/abellanaplus.com\/fi\/wp-json\/wp\/v2\/media?parent=2861"}],"curies":[{"name":"wp","href":"https:\/\/api.w.org\/{rel}","templated":true}]}}