{"id":2866,"date":"2014-12-08T18:27:25","date_gmt":"2014-12-08T18:27:25","guid":{"rendered":"https:\/\/abellanaplus.com\/?page_id=2866"},"modified":"2019-07-15T13:18:23","modified_gmt":"2019-07-15T10:18:23","slug":"palvelut","status":"publish","type":"page","link":"https:\/\/abellanaplus.com\/fi\/palvelut\/","title":{"rendered":"Palvelut"},"content":{"rendered":"\n<style type=\"text\/css\" data-created_by=\"avia_inline_auto\" id=\"style-css-av-jy48iwra-0a5573e9fa13192a1a49bb248905cafd\">\n#top .av-special-heading.av-jy48iwra-0a5573e9fa13192a1a49bb248905cafd{\npadding-bottom:0;\n}\nbody .av-special-heading.av-jy48iwra-0a5573e9fa13192a1a49bb248905cafd .av-special-heading-tag .heading-char{\nfont-size:25px;\n}\n.av-special-heading.av-jy48iwra-0a5573e9fa13192a1a49bb248905cafd .av-subheading{\nfont-size:15px;\n}\n<\/style>\n<div  class='av-special-heading av-jy48iwra-0a5573e9fa13192a1a49bb248905cafd av-special-heading-h1 blockquote modern-quote modern-centered  avia-builder-el-0  el_before_av_section  avia-builder-el-no-sibling '><h1 class='av-special-heading-tag '  itemprop=\"headline\"  >TARJOAMME K\u00c4\u00c4NN\u00d6KSI\u00c4 MONISSA KIELIYHDISTELMISS\u00c4<\/h1><div class='av-subheading av-subheading_below'><p>keskittyen erityisesti Latviassa ja Latvian ymp\u00e4rill\u00e4 puhuttuihin kieliin: viro, ven\u00e4j\u00e4, latvia ja liettua.<\/p>\n<\/div><div class=\"special-heading-border\"><div class=\"special-heading-inner-border\"><\/div><\/div><\/div>\n<\/div><\/div><\/div><!-- close content main div --><\/div><\/div><div id='av_section_1'  class='avia-section av-2s264y-b0c45adcbb0cc2cf59c4671f30f09229 alternate_color avia-section-small avia-shadow  avia-builder-el-1  el_after_av_heading  el_before_av_one_half  avia-bg-style-scroll container_wrap sidebar_right'  ><div class='container av-section-cont-open' ><div class='template-page content  av-content-small alpha units'><div class='post-entry post-entry-type-page post-entry-2866'><div class='entry-content-wrapper clearfix'>\n<div  class='flex_column av-2lrm9u-f728007d3c0811cc80a089957d1d0f88 av_one_fourth  avia-builder-el-2  el_before_av_one_fourth  avia-builder-el-first  first flex_column_div  '     ><style type=\"text\/css\" data-created_by=\"avia_inline_auto\" id=\"style-css-av-jxx68nkm-b2b8a61ac58989005712980f1fe5b54a\">\n.iconbox.av-jxx68nkm-b2b8a61ac58989005712980f1fe5b54a .iconbox_icon{\nbackground-color:#95b045;\n}\n<\/style>\n<article  class='iconbox iconbox_top av-jxx68nkm-b2b8a61ac58989005712980f1fe5b54a  avia-builder-el-3  avia-builder-el-no-sibling  main_color'  itemscope=\"itemscope\" itemtype=\"https:\/\/schema.org\/CreativeWork\" ><div class=\"iconbox_content\"><header class=\"entry-content-header\" aria-label=\"Icon: K\u00e4\u00e4nn\u00f6kset\"><a href='https:\/\/abellanaplus.com\/fi\/palvelut\/kaannokset\/' title='K\u00e4\u00e4nn\u00f6kset'  class=\"iconbox_icon heading-color\" aria-hidden='true' data-av_icon='\ue837' data-av_iconfont='entypo-fontello'><\/a><h3 class='iconbox_content_title '  itemprop=\"headline\" ><a href='https:\/\/abellanaplus.com\/fi\/palvelut\/kaannokset\/' title='K\u00e4\u00e4nn\u00f6kset' >K\u00e4\u00e4nn\u00f6kset<\/a><\/h3><\/header><div class='iconbox_content_container '  itemprop=\"text\" ><p><br class=\"avia-permanent-lb\" \/><\/p>\n<\/div><\/div><footer class=\"entry-footer\"><\/footer><\/article><\/div>\n<style type=\"text\/css\" data-created_by=\"avia_inline_auto\" id=\"style-css-av-2deoxu-7079c38d0119045b84903ffed1d5aa41\">\n.flex_column.av-2deoxu-7079c38d0119045b84903ffed1d5aa41{\nborder-radius:0px 0px 0px 0px;\npadding:0px 0px 0px 0px;\n}\n<\/style>\n<div  class='flex_column av-2deoxu-7079c38d0119045b84903ffed1d5aa41 av_one_fourth  avia-builder-el-4  el_after_av_one_fourth  el_before_av_one_fourth  flex_column_div av-zero-column-padding  '     ><style type=\"text\/css\" data-created_by=\"avia_inline_auto\" id=\"style-css-av-jxx6axtk-e95d1e179cc50ad4735c611416cb9174\">\n.iconbox.av-jxx6axtk-e95d1e179cc50ad4735c611416cb9174 .iconbox_icon{\nbackground-color:#95b045;\n}\n<\/style>\n<article  class='iconbox iconbox_top av-jxx6axtk-e95d1e179cc50ad4735c611416cb9174  avia-builder-el-5  avia-builder-el-no-sibling  main_color'  itemscope=\"itemscope\" itemtype=\"https:\/\/schema.org\/CreativeWork\" ><div class=\"iconbox_content\"><header class=\"entry-content-header\" aria-label=\"Icon: Lokalisointi\"><a href='https:\/\/abellanaplus.com\/fi\/palvelut\/lokalisointi\/' title='Lokalisointi'  class=\"iconbox_icon heading-color\" aria-hidden='true' data-av_icon='\ue8b1' data-av_iconfont='entypo-fontello'><\/a><h3 class='iconbox_content_title '  itemprop=\"headline\" ><a href='https:\/\/abellanaplus.com\/fi\/palvelut\/lokalisointi\/' title='Lokalisointi' >Lokalisointi<\/a><\/h3><\/header><div class='iconbox_content_container '  itemprop=\"text\" ><p><br class=\"avia-permanent-lb\" \/><\/p>\n<\/div><\/div><footer class=\"entry-footer\"><\/footer><\/article><\/div>\n<style type=\"text\/css\" data-created_by=\"avia_inline_auto\" id=\"style-css-av-mv4h6q-239df5a237ad744489a234711efa7eb3\">\n.flex_column.av-mv4h6q-239df5a237ad744489a234711efa7eb3{\nborder-radius:0px 0px 0px 0px;\npadding:0px 0px 0px 0px;\n}\n<\/style>\n<div  class='flex_column av-mv4h6q-239df5a237ad744489a234711efa7eb3 av_one_fourth  avia-builder-el-6  el_after_av_one_fourth  el_before_av_one_fourth  flex_column_div av-zero-column-padding  '     ><style type=\"text\/css\" data-created_by=\"avia_inline_auto\" id=\"style-css-av-jxx6ban4-1791b0b584f83d621947a42d4772cf08\">\n.iconbox.av-jxx6ban4-1791b0b584f83d621947a42d4772cf08 .iconbox_icon{\nbackground-color:#95b045;\n}\n<\/style>\n<article  class='iconbox iconbox_top av-jxx6ban4-1791b0b584f83d621947a42d4772cf08  avia-builder-el-7  avia-builder-el-no-sibling  main_color'  itemscope=\"itemscope\" itemtype=\"https:\/\/schema.org\/CreativeWork\" ><div class=\"iconbox_content\"><header class=\"entry-content-header\" aria-label=\"Icon: Oikoluku\"><a href='https:\/\/abellanaplus.com\/fi\/palvelut\/oikoluku\/' title='Oikoluku'  class=\"iconbox_icon heading-color\" aria-hidden='true' data-av_icon='\ue838' data-av_iconfont='entypo-fontello'><\/a><h3 class='iconbox_content_title '  itemprop=\"headline\" ><a href='https:\/\/abellanaplus.com\/fi\/palvelut\/oikoluku\/' title='Oikoluku' >Oikoluku<\/a><\/h3><\/header><div class='iconbox_content_container '  itemprop=\"text\" ><p><br class=\"avia-permanent-lb\" \/><\/p>\n<\/div><\/div><footer class=\"entry-footer\"><\/footer><\/article><\/div>\n<style type=\"text\/css\" data-created_by=\"avia_inline_auto\" id=\"style-css-av-kpz4ma-cd14f8dcee591c983ece5a1da36ce366\">\n.flex_column.av-kpz4ma-cd14f8dcee591c983ece5a1da36ce366{\nborder-radius:0px 0px 0px 0px;\npadding:0px 0px 0px 0px;\n}\n<\/style>\n<div  class='flex_column av-kpz4ma-cd14f8dcee591c983ece5a1da36ce366 av_one_fourth  avia-builder-el-8  el_after_av_one_fourth  el_before_av_textblock  flex_column_div av-zero-column-padding  '     ><style type=\"text\/css\" data-created_by=\"avia_inline_auto\" id=\"style-css-av-jxx6bqcu-df946fcea3a80022e3d78a879c4e2c66\">\n.iconbox.av-jxx6bqcu-df946fcea3a80022e3d78a879c4e2c66 .iconbox_icon{\nbackground-color:#95b045;\n}\n<\/style>\n<article  class='iconbox iconbox_top av-jxx6bqcu-df946fcea3a80022e3d78a879c4e2c66  avia-builder-el-9  avia-builder-el-no-sibling  main_color'  itemscope=\"itemscope\" itemtype=\"https:\/\/schema.org\/CreativeWork\" ><div class=\"iconbox_content\"><header class=\"entry-content-header\" aria-label=\"Icon: Asettelun ja grafiikan muokkaus\"><a href='https:\/\/abellanaplus.com\/fi\/palvelut\/asettelun-ja-grafiikan-muokkaus\/' title='Asettelun ja grafiikan muokkaus'  class=\"iconbox_icon heading-color\" aria-hidden='true' data-av_icon='\ue84d' data-av_iconfont='entypo-fontello'><\/a><h3 class='iconbox_content_title '  itemprop=\"headline\" ><a href='https:\/\/abellanaplus.com\/fi\/palvelut\/asettelun-ja-grafiikan-muokkaus\/' title='Asettelun ja grafiikan muokkaus' >Asettelun ja grafiikan muokkaus<\/a><\/h3><\/header><div class='iconbox_content_container '  itemprop=\"text\" ><\/div><\/div><footer class=\"entry-footer\"><\/footer><\/article><\/div><section  class='av_textblock_section av-jxx6fj1d-40b9bd1e8cf9cce58f2029fc8df99b99 '   itemscope=\"itemscope\" itemtype=\"https:\/\/schema.org\/CreativeWork\" ><div class='avia_textblock'  itemprop=\"text\" ><p><br class=\"avia-permanent-lb\" \/><\/p>\n<p style=\"text-align: center;\">Pyrimme kaikessa toiminnassamme ennen kaikkea asiakkaiden tarpeiden t\u00e4ytt\u00e4miseen, eiv\u00e4tk\u00e4 k\u00e4\u00e4nn\u00f6spalvelut tee t\u00e4st\u00e4 poikkeusta \u2013 etenk\u00e4\u00e4n, koska nykyp\u00e4iv\u00e4n markkinat ovat globaalit ja yrityksill\u00e4 on suuri tarve p\u00e4\u00e4st\u00e4 globaaleille markkinoille. Kielipalveluiden tarjoajana tavoitteemme, jonka asiakkaat ovat asettaneet meille, teht\u00e4vien suorittamisessa ja ratkaisujen l\u00f6yt\u00e4misess\u00e4 on sidoksissa asiakkaan tuotetta koskevan viestinn\u00e4n v\u00e4litt\u00e4miseen globaaleilla markkinoilla.<\/p>\n<\/div><\/section>\n<\/div><\/div><\/div><!-- close content main div --><\/div><\/div><div id='after_section_1'  class='main_color av_default_container_wrap container_wrap sidebar_right'  ><div class='container av-section-cont-open' ><div class='template-page content  av-content-small alpha units'><div class='post-entry post-entry-type-page post-entry-2866'><div class='entry-content-wrapper clearfix'>\n<div  class='flex_column av-jgm41e-10e843f9a69411c1087b697a07956bee av_one_half  avia-builder-el-11  el_after_av_section  el_before_av_one_half  avia-builder-el-first  first flex_column_div  '     ><p>\n<style type=\"text\/css\" data-created_by=\"avia_inline_auto\" id=\"style-css-av-h2sowi-0d46bf0f8e55cb517dc0728f2c4e2dc2\">\n#top .av-special-heading.av-h2sowi-0d46bf0f8e55cb517dc0728f2c4e2dc2{\npadding-bottom:0;\n}\nbody .av-special-heading.av-h2sowi-0d46bf0f8e55cb517dc0728f2c4e2dc2 .av-special-heading-tag .heading-char{\nfont-size:25px;\n}\n.av-special-heading.av-h2sowi-0d46bf0f8e55cb517dc0728f2c4e2dc2 .av-subheading{\nfont-size:15px;\n}\n<\/style>\n<div  class='av-special-heading av-h2sowi-0d46bf0f8e55cb517dc0728f2c4e2dc2 av-special-heading-h3 blockquote modern-quote  avia-builder-el-12  el_before_av_hr  avia-builder-el-first '><h3 class='av-special-heading-tag '  itemprop=\"headline\"  >Jos haluat saada kattavan luettelon saatavissa olevista kieliyhdistelmist\u00e4, ota yhteytt\u00e4 ja teemme parhaamme auttaaksemme, sill\u00e4 alihankkijatietokantamme laajenee jatkuvasti.<\/h3><div class=\"special-heading-border\"><div class=\"special-heading-inner-border\"><\/div><\/div><\/div><br \/>\n<div  class='hr av-jxx6cgkt-1a18bc59c7a5bb42f3a922d89ee8f1a9 hr-default  avia-builder-el-13  el_after_av_heading  el_before_av_textblock '><span class='hr-inner '><span class=\"hr-inner-style\"><\/span><\/span><\/div><br \/>\n<section  class='av_textblock_section av-jxx6d6te-0fe0add03a7fdf01ac7a5e35ca1e51ee '   itemscope=\"itemscope\" itemtype=\"https:\/\/schema.org\/CreativeWork\" ><div class='avia_textblock'  itemprop=\"text\" ><p><strong>VIISI SYYT\u00c4 VALITA MEID\u00c4T:<\/strong><\/p>\n<ul>\n<li>Moitteeton laatu j\u00e4rkev\u00e4\u00e4n hintaan<\/li>\n<li>Yksil\u00f6llinen l\u00e4hestymistapa<\/li>\n<li>Oikea-aikaiset ja vaatimustesi mukaiset toimitukset<\/li>\n<li>Nopea palvelu<\/li>\n<li>Yst\u00e4v\u00e4llinen palvelu ja vastuullisuus<\/li>\n<\/ul>\n<\/div><\/section><br \/>\n<div  class='hr av-jxx6cgkt-1a18bc59c7a5bb42f3a922d89ee8f1a9 hr-default  avia-builder-el-15  el_after_av_textblock  el_before_av_textblock '><span class='hr-inner '><span class=\"hr-inner-style\"><\/span><\/span><\/div><br \/>\n<section  class='av_textblock_section av-jxx6em29-45b3d76aa1272883622d2da965496b3b '   itemscope=\"itemscope\" itemtype=\"https:\/\/schema.org\/CreativeWork\" ><div class='avia_textblock'  itemprop=\"text\" ><p>Toimitamme k\u00e4\u00e4nn\u00f6ksi\u00e4 monien eurooppalaisten kielten v\u00e4lill\u00e4 ja tarjoamme parhaan ratkaisun laatu\u2013hinta\u2013nopeus-haasteeseen.<\/p>\n<\/div><\/section><br \/>\n<div  class='hr av-gcnc0i-3311c3a6176e765a8d3ab0f9bd6c3772 hr-default  avia-builder-el-17  el_after_av_textblock  el_before_av_textblock '><span class='hr-inner '><span class=\"hr-inner-style\"><\/span><\/span><\/div><br \/>\n<section  class='av_textblock_section av-jxx6e5e0-a008466f55199010f2c9dea758b674ff '   itemscope=\"itemscope\" itemtype=\"https:\/\/schema.org\/CreativeWork\" ><div class='avia_textblock'  itemprop=\"text\" ><p>Pystymme tarjoamaan nopeaa palvelua, k\u00e4\u00e4nn\u00e4mme monien eri alojen tekstej\u00e4 ja otamme mielell\u00e4mme vastaan niin suuria kuin pieni\u00e4kin projekteja.<\/p>\n<\/div><\/section><br \/>\n<div  class='hr av-eo9jua-8d201293bdfb487a483adbaf8e36ea34 hr-default  avia-builder-el-19  el_after_av_textblock  el_before_av_textblock '><span class='hr-inner '><span class=\"hr-inner-style\"><\/span><\/span><\/div><br \/>\n<section  class='av_textblock_section av-jxx6dwnr-ee18fda50a7ab41fdf2f42b8053607ba '   itemscope=\"itemscope\" itemtype=\"https:\/\/schema.org\/CreativeWork\" ><div class='avia_textblock'  itemprop=\"text\" ><p>Ty\u00f6ss\u00e4mme yhdist\u00e4mme luovan l\u00e4hestymistavan ja modernit teknologiat luodaksemme parhaan lopputuloksen.<\/p>\n<\/div><\/section><\/p><\/div>\n\n<style type=\"text\/css\" data-created_by=\"avia_inline_auto\" id=\"style-css-av-cyktuq-48d85726c23bdd2863e9395a0fd5943e\">\n.flex_column.av-cyktuq-48d85726c23bdd2863e9395a0fd5943e{\nborder-radius:0px 0px 0px 0px;\npadding:0px 0px 0px 0px;\n}\n<\/style>\n<div  class='flex_column av-cyktuq-48d85726c23bdd2863e9395a0fd5943e av_one_half  avia-builder-el-21  el_after_av_one_half  el_before_av_hr  flex_column_div av-zero-column-padding  '     ><form action=\"https:\/\/abellanaplus.com\/fi\/palvelut\/\" method=\"post\" data-fields-with-error=\"Found errors in the following field(s):\" class=\"avia_ajax_form av-form-labels-visible   avia-builder-el-22  avia-builder-el-no-sibling   \" data-avia-form-id=\"1\" data-avia-redirect='' ><h3 class=''> <\/h3><fieldset><p class='  first_form  form_element form_fullwidth' id='element_avia_1_1'><label for=\"avia_1_1\">Nimi <abbr class=\"required\" title=\"required\">*<\/abbr><\/label> <input name=\"avia_1_1\" class=\"text_input is_empty\" type=\"text\" id=\"avia_1_1\" value=\"\" \/><\/p><p class='  first_form  form_element form_fullwidth' id='element_avia_2_1'><label for=\"avia_2_1\">S\u00e4hk\u00f6posti <abbr class=\"required\" title=\"required\">*<\/abbr><\/label> <input name=\"avia_2_1\" class=\"text_input is_email\" type=\"text\" id=\"avia_2_1\" value=\"\" \/><\/p><p class='  first_form  form_element form_fullwidth' id='element_avia_3_1'><label for=\"avia_3_1\">Aihe <abbr class=\"required\" title=\"required\">*<\/abbr><\/label> <input name=\"avia_3_1\" class=\"text_input is_empty\" type=\"text\" id=\"avia_3_1\" value=\"\" \/><\/p><p class='  first_form  form_element form_fullwidth' id='element_avia_4_1'><label for=\"avia_4_1\" class=\"textare_label hidden textare_label_avia_4_1\">Viesti <abbr class=\"required\" title=\"required\">*<\/abbr><\/label><textarea  name=\"avia_4_1\" class=\"text_area is_empty\" cols=\"40\" rows=\"7\" id=\"avia_4_1\" ><\/textarea><\/p><p class=\"hidden\"><input type=\"text\" name=\"avia_5_1\" class=\"hidden \" id=\"avia_5_1\" value=\"\" \/><\/p><p class='   form_element form_fullwidth' id='element_avia_6_1'><span class='value_verifier_label'>5 + 2 = ?<\/span><input name=\"avia_6_1_verifier\" type=\"hidden\" id=\"avia_6_1_verifier\" value=\"764147345\"\/><label for=\"avia_6_1\">Please prove that you are human by solving the equation <abbr class=\"required\" title=\"required\">*<\/abbr><\/label><input name=\"avia_6_1\" class=\"text_input captcha\" type=\"text\" id=\"avia_6_1\" value=\"\"\/><\/p><p class=\"form_element \"><input type=\"hidden\" value=\"1\" name=\"avia_generated_form1\" \/><input type=\"submit\" value=\"L\u00e4het\u00e4\" class=\"button\"  data-sending-label=\"Sending\"\/><\/p><\/fieldset><\/form><div id=\"ajaxresponse_1\" class=\"ajaxresponse ajaxresponse_1 hidden\"><\/div><\/div>\n<div  class='hr av-26026a-c42f6d88b6dd825d91038c9bac6f8884 hr-default  avia-builder-el-23  el_after_av_one_half  avia-builder-el-last '><span class='hr-inner '><span class=\"hr-inner-style\"><\/span><\/span><\/div>\n","protected":false},"excerpt":{"rendered":"","protected":false},"author":2,"featured_media":0,"parent":0,"menu_order":200,"comment_status":"closed","ping_status":"closed","template":"","meta":{"footnotes":""},"class_list":["post-2866","page","type-page","status-publish","hentry"],"yoast_head":"<!-- This site is optimized with the Yoast SEO plugin v23.4 - https:\/\/yoast.com\/wordpress\/plugins\/seo\/ -->\n<title>Palvelut | Abellana Plus \u2013 your guide to multilingual environment! | Translation Services<\/title>\n<meta name=\"robots\" content=\"index, follow, max-snippet:-1, max-image-preview:large, max-video-preview:-1\" \/>\n<link rel=\"canonical\" href=\"https:\/\/abellanaplus.com\/fi\/palvelut\/\" \/>\n<meta name=\"twitter:label1\" content=\"Arvioitu lukuaika\" \/>\n\t<meta name=\"twitter:data1\" content=\"8 minuuttia\" \/>\n<script type=\"application\/ld+json\" class=\"yoast-schema-graph\">{\"@context\":\"https:\/\/schema.org\",\"@graph\":[{\"@type\":\"WebPage\",\"@id\":\"https:\/\/abellanaplus.com\/fi\/palvelut\/\",\"url\":\"https:\/\/abellanaplus.com\/fi\/palvelut\/\",\"name\":\"Palvelut | Abellana Plus \u2013 your guide to multilingual environment! | Translation Services\",\"isPartOf\":{\"@id\":\"https:\/\/abellanaplus.com\/fi\/#website\"},\"datePublished\":\"2014-12-08T18:27:25+00:00\",\"dateModified\":\"2019-07-15T10:18:23+00:00\",\"breadcrumb\":{\"@id\":\"https:\/\/abellanaplus.com\/fi\/palvelut\/#breadcrumb\"},\"inLanguage\":\"fi\",\"potentialAction\":[{\"@type\":\"ReadAction\",\"target\":[\"https:\/\/abellanaplus.com\/fi\/palvelut\/\"]}]},{\"@type\":\"BreadcrumbList\",\"@id\":\"https:\/\/abellanaplus.com\/fi\/palvelut\/#breadcrumb\",\"itemListElement\":[{\"@type\":\"ListItem\",\"position\":1,\"name\":\"Home\",\"item\":\"https:\/\/abellanaplus.com\/fi\/\"},{\"@type\":\"ListItem\",\"position\":2,\"name\":\"Palvelut\"}]},{\"@type\":\"WebSite\",\"@id\":\"https:\/\/abellanaplus.com\/fi\/#website\",\"url\":\"https:\/\/abellanaplus.com\/fi\/\",\"name\":\"Abellana Plus \u2013 your guide to multilingual environment! | Translation Services\",\"description\":\"\",\"publisher\":{\"@id\":\"https:\/\/abellanaplus.com\/fi\/#organization\"},\"potentialAction\":[{\"@type\":\"SearchAction\",\"target\":{\"@type\":\"EntryPoint\",\"urlTemplate\":\"https:\/\/abellanaplus.com\/fi\/?s={search_term_string}\"},\"query-input\":{\"@type\":\"PropertyValueSpecification\",\"valueRequired\":true,\"valueName\":\"search_term_string\"}}],\"inLanguage\":\"fi\"},{\"@type\":\"Organization\",\"@id\":\"https:\/\/abellanaplus.com\/fi\/#organization\",\"name\":\"Abellana Plus\",\"url\":\"https:\/\/abellanaplus.com\/fi\/\",\"logo\":{\"@type\":\"ImageObject\",\"inLanguage\":\"fi\",\"@id\":\"https:\/\/abellanaplus.com\/fi\/#\/schema\/logo\/image\/\",\"url\":\"https:\/\/abellanaplus.com\/wp-content\/uploads\/2019\/07\/logo.png\",\"contentUrl\":\"https:\/\/abellanaplus.com\/wp-content\/uploads\/2019\/07\/logo.png\",\"width\":350,\"height\":364,\"caption\":\"Abellana Plus\"},\"image\":{\"@id\":\"https:\/\/abellanaplus.com\/fi\/#\/schema\/logo\/image\/\"}}]}<\/script>\n<!-- \/ Yoast SEO plugin. -->","yoast_head_json":{"title":"Palvelut | Abellana Plus \u2013 your guide to multilingual environment! | Translation Services","robots":{"index":"index","follow":"follow","max-snippet":"max-snippet:-1","max-image-preview":"max-image-preview:large","max-video-preview":"max-video-preview:-1"},"canonical":"https:\/\/abellanaplus.com\/fi\/palvelut\/","twitter_misc":{"Arvioitu lukuaika":"8 minuuttia"},"schema":{"@context":"https:\/\/schema.org","@graph":[{"@type":"WebPage","@id":"https:\/\/abellanaplus.com\/fi\/palvelut\/","url":"https:\/\/abellanaplus.com\/fi\/palvelut\/","name":"Palvelut | Abellana Plus \u2013 your guide to multilingual environment! | Translation Services","isPartOf":{"@id":"https:\/\/abellanaplus.com\/fi\/#website"},"datePublished":"2014-12-08T18:27:25+00:00","dateModified":"2019-07-15T10:18:23+00:00","breadcrumb":{"@id":"https:\/\/abellanaplus.com\/fi\/palvelut\/#breadcrumb"},"inLanguage":"fi","potentialAction":[{"@type":"ReadAction","target":["https:\/\/abellanaplus.com\/fi\/palvelut\/"]}]},{"@type":"BreadcrumbList","@id":"https:\/\/abellanaplus.com\/fi\/palvelut\/#breadcrumb","itemListElement":[{"@type":"ListItem","position":1,"name":"Home","item":"https:\/\/abellanaplus.com\/fi\/"},{"@type":"ListItem","position":2,"name":"Palvelut"}]},{"@type":"WebSite","@id":"https:\/\/abellanaplus.com\/fi\/#website","url":"https:\/\/abellanaplus.com\/fi\/","name":"Abellana Plus \u2013 your guide to multilingual environment! | Translation Services","description":"","publisher":{"@id":"https:\/\/abellanaplus.com\/fi\/#organization"},"potentialAction":[{"@type":"SearchAction","target":{"@type":"EntryPoint","urlTemplate":"https:\/\/abellanaplus.com\/fi\/?s={search_term_string}"},"query-input":{"@type":"PropertyValueSpecification","valueRequired":true,"valueName":"search_term_string"}}],"inLanguage":"fi"},{"@type":"Organization","@id":"https:\/\/abellanaplus.com\/fi\/#organization","name":"Abellana Plus","url":"https:\/\/abellanaplus.com\/fi\/","logo":{"@type":"ImageObject","inLanguage":"fi","@id":"https:\/\/abellanaplus.com\/fi\/#\/schema\/logo\/image\/","url":"https:\/\/abellanaplus.com\/wp-content\/uploads\/2019\/07\/logo.png","contentUrl":"https:\/\/abellanaplus.com\/wp-content\/uploads\/2019\/07\/logo.png","width":350,"height":364,"caption":"Abellana Plus"},"image":{"@id":"https:\/\/abellanaplus.com\/fi\/#\/schema\/logo\/image\/"}}]}},"_links":{"self":[{"href":"https:\/\/abellanaplus.com\/fi\/wp-json\/wp\/v2\/pages\/2866"}],"collection":[{"href":"https:\/\/abellanaplus.com\/fi\/wp-json\/wp\/v2\/pages"}],"about":[{"href":"https:\/\/abellanaplus.com\/fi\/wp-json\/wp\/v2\/types\/page"}],"author":[{"embeddable":true,"href":"https:\/\/abellanaplus.com\/fi\/wp-json\/wp\/v2\/users\/2"}],"replies":[{"embeddable":true,"href":"https:\/\/abellanaplus.com\/fi\/wp-json\/wp\/v2\/comments?post=2866"}],"version-history":[{"count":4,"href":"https:\/\/abellanaplus.com\/fi\/wp-json\/wp\/v2\/pages\/2866\/revisions"}],"predecessor-version":[{"id":3950,"href":"https:\/\/abellanaplus.com\/fi\/wp-json\/wp\/v2\/pages\/2866\/revisions\/3950"}],"wp:attachment":[{"href":"https:\/\/abellanaplus.com\/fi\/wp-json\/wp\/v2\/media?parent=2866"}],"curies":[{"name":"wp","href":"https:\/\/api.w.org\/{rel}","templated":true}]}}