{"id":2868,"date":"2014-12-08T18:30:48","date_gmt":"2014-12-08T18:30:48","guid":{"rendered":"https:\/\/abellanaplus.com\/?page_id=2868"},"modified":"2019-07-10T11:57:19","modified_gmt":"2019-07-10T11:57:19","slug":"kaannokset","status":"publish","type":"page","link":"https:\/\/abellanaplus.com\/fi\/palvelut\/kaannokset\/","title":{"rendered":"K\u00e4\u00e4nn\u00f6kset"},"content":{"rendered":"<section  class='av_textblock_section av-2qt5ro-275c7c182d3e01612f7befdaf9bcefbb '   itemscope=\"itemscope\" itemtype=\"https:\/\/schema.org\/CreativeWork\" ><div class='avia_textblock'  itemprop=\"text\" ><p><strong>Tarjoamme laadukkaita k\u00e4\u00e4nn\u00f6ksi\u00e4 useimmille Euroopan kielille. Pystymme takaamaan korkealaatuiset sek\u00e4 kielellisesti ett\u00e4 kulttuurillisesti tarkat k\u00e4\u00e4nn\u00f6kset, sill\u00e4 ty\u00f6skentelemme ainoastaan ammattilaisten ja kokeneiden lingvistien kanssa, jotka k\u00e4\u00e4nt\u00e4v\u00e4t tekstej\u00e4 \u00e4idinkieleens\u00e4.<\/strong><\/p>\n<p>Laadunvarmistusmenetelm\u00e4mme mukaisesti jokainen k\u00e4\u00e4nn\u00f6s k\u00e4y l\u00e4pi useita vaiheita \u2013 k\u00e4\u00e4nt\u00e4minen, editointi, pistokoe-\/muodon tarkastus ja painoon menevien dokumenttien osalta taiton j\u00e4lkeinen tarkastus. Useimmissa tapauksissa k\u00e4\u00e4nt\u00e4j\u00e4mme ovat kohdekielt\u00e4 \u00e4idinkielen\u00e4\u00e4n puhuvia ja asuvat alueella tai maassa, jossa kohdeteksti\u00e4 k\u00e4ytet\u00e4\u00e4n. Editoinnin tekev\u00e4t aina kielt\u00e4 \u00e4idinkielen\u00e4\u00e4n puhuvat kielialan ammattilaiset.<\/p>\n<p>K\u00e4yt\u00e4mme tietokoneavusteisia k\u00e4\u00e4nn\u00f6sty\u00f6kaluja tekstien korkean laadun takaamiseksi. Yleens\u00e4 k\u00e4yt\u00e4mme SDL Trados Studio -ohjelmistoa, joka on maailman k\u00e4ytetyin ja arvostetuin k\u00e4\u00e4nn\u00f6sohjelma. T\u00e4m\u00e4 ohjelmisto tarjoaa etuja, kuten k\u00e4\u00e4nn\u00f6smuistien luonti, jotka s\u00e4\u00e4st\u00e4v\u00e4t aikaa ja resursseja sek\u00e4 takaavat terminologian ja tyylin yhten\u00e4isyyden. Tietokoneavusteiset k\u00e4\u00e4nn\u00f6sty\u00f6kalut my\u00f6s s\u00e4\u00e4st\u00e4v\u00e4t rahaa. Luomme asiakaskohtaisen k\u00e4\u00e4nn\u00f6smuistin ja laskemme asiakkaan maksamaa sanahintaa sellaisten tekstiosuuksien osalta, jotka olemme jo k\u00e4\u00e4nt\u00e4neet edellisten k\u00e4\u00e4nn\u00f6sten yhteydess\u00e4.<\/p>\n<p>Koska tarjoamme palveluita useille kielipareille, asiakas s\u00e4\u00e4st\u00e4\u00e4 aikaa k\u00e4ytt\u00e4ess\u00e4\u00e4n vain yht\u00e4 alihankkijaa. Pystymme k\u00e4sittelem\u00e4\u00e4n kaikentyyppisi\u00e4 tekstej\u00e4 syntym\u00e4todistuksista ja verkkosivustoista laajoihin k\u00e4ytt\u00f6ohjeisiin ja muihin dokumentteihin \u2013 mukaan luettuna asiakirjat, joihin vaaditaan virallinen auktorisoidun k\u00e4\u00e4nt\u00e4j\u00e4n leima,<\/p>\n<p>Tekstin muoto ei ole ongelma, sill\u00e4 k\u00e4sittelemme useita tiedostomuotoja (*.doc, *.xls, *.indd, *.ppt, *.xml, *.ttx, *.stl) ja voimme toimittaa k\u00e4\u00e4nn\u00f6ksen sinulle sovitussa muodossa.<\/p>\n<p>Takaamme laadun, tarkkuuden ja ammattimaisen asenteen kaikissa t\u00f6iss\u00e4.<\/p>\n<p><a href=\"https:\/\/abellanaplus.com\/fi\/ota-yhteytta\/\">Ota yhteytt\u00e4\u00a0saadaksesi lis\u00e4tietoja k\u00e4\u00e4nn\u00f6svaihtoehdoista.<\/a><\/p>\n<\/div><\/section>\n","protected":false},"excerpt":{"rendered":"","protected":false},"author":2,"featured_media":0,"parent":2866,"menu_order":210,"comment_status":"closed","ping_status":"closed","template":"","meta":{"footnotes":""},"class_list":["post-2868","page","type-page","status-publish","hentry"],"yoast_head":"<!-- This site is optimized with the Yoast SEO plugin v23.4 - https:\/\/yoast.com\/wordpress\/plugins\/seo\/ -->\n<title>K\u00e4\u00e4nn\u00f6kset | Abellana Plus \u2013 your guide to multilingual environment! | Translation Services<\/title>\n<meta name=\"robots\" content=\"index, follow, max-snippet:-1, max-image-preview:large, max-video-preview:-1\" \/>\n<link rel=\"canonical\" href=\"https:\/\/abellanaplus.com\/fi\/palvelut\/kaannokset\/\" \/>\n<meta name=\"twitter:label1\" content=\"Arvioitu lukuaika\" \/>\n\t<meta name=\"twitter:data1\" content=\"2 minuuttia\" \/>\n<script type=\"application\/ld+json\" class=\"yoast-schema-graph\">{\"@context\":\"https:\/\/schema.org\",\"@graph\":[{\"@type\":\"WebPage\",\"@id\":\"https:\/\/abellanaplus.com\/fi\/palvelut\/kaannokset\/\",\"url\":\"https:\/\/abellanaplus.com\/fi\/palvelut\/kaannokset\/\",\"name\":\"K\u00e4\u00e4nn\u00f6kset | Abellana Plus \u2013 your guide to multilingual environment! | Translation Services\",\"isPartOf\":{\"@id\":\"https:\/\/abellanaplus.com\/fi\/#website\"},\"datePublished\":\"2014-12-08T18:30:48+00:00\",\"dateModified\":\"2019-07-10T11:57:19+00:00\",\"breadcrumb\":{\"@id\":\"https:\/\/abellanaplus.com\/fi\/palvelut\/kaannokset\/#breadcrumb\"},\"inLanguage\":\"fi\",\"potentialAction\":[{\"@type\":\"ReadAction\",\"target\":[\"https:\/\/abellanaplus.com\/fi\/palvelut\/kaannokset\/\"]}]},{\"@type\":\"BreadcrumbList\",\"@id\":\"https:\/\/abellanaplus.com\/fi\/palvelut\/kaannokset\/#breadcrumb\",\"itemListElement\":[{\"@type\":\"ListItem\",\"position\":1,\"name\":\"Home\",\"item\":\"https:\/\/abellanaplus.com\/fi\/\"},{\"@type\":\"ListItem\",\"position\":2,\"name\":\"Palvelut\",\"item\":\"https:\/\/abellanaplus.com\/fi\/services\/\"},{\"@type\":\"ListItem\",\"position\":3,\"name\":\"K\u00e4\u00e4nn\u00f6kset\"}]},{\"@type\":\"WebSite\",\"@id\":\"https:\/\/abellanaplus.com\/fi\/#website\",\"url\":\"https:\/\/abellanaplus.com\/fi\/\",\"name\":\"Abellana Plus \u2013 your guide to multilingual environment! | Translation Services\",\"description\":\"\",\"publisher\":{\"@id\":\"https:\/\/abellanaplus.com\/fi\/#organization\"},\"potentialAction\":[{\"@type\":\"SearchAction\",\"target\":{\"@type\":\"EntryPoint\",\"urlTemplate\":\"https:\/\/abellanaplus.com\/fi\/?s={search_term_string}\"},\"query-input\":{\"@type\":\"PropertyValueSpecification\",\"valueRequired\":true,\"valueName\":\"search_term_string\"}}],\"inLanguage\":\"fi\"},{\"@type\":\"Organization\",\"@id\":\"https:\/\/abellanaplus.com\/fi\/#organization\",\"name\":\"Abellana Plus\",\"url\":\"https:\/\/abellanaplus.com\/fi\/\",\"logo\":{\"@type\":\"ImageObject\",\"inLanguage\":\"fi\",\"@id\":\"https:\/\/abellanaplus.com\/fi\/#\/schema\/logo\/image\/\",\"url\":\"https:\/\/abellanaplus.com\/wp-content\/uploads\/2019\/07\/logo.png\",\"contentUrl\":\"https:\/\/abellanaplus.com\/wp-content\/uploads\/2019\/07\/logo.png\",\"width\":350,\"height\":364,\"caption\":\"Abellana Plus\"},\"image\":{\"@id\":\"https:\/\/abellanaplus.com\/fi\/#\/schema\/logo\/image\/\"}}]}<\/script>\n<!-- \/ Yoast SEO plugin. -->","yoast_head_json":{"title":"K\u00e4\u00e4nn\u00f6kset | Abellana Plus \u2013 your guide to multilingual environment! | Translation Services","robots":{"index":"index","follow":"follow","max-snippet":"max-snippet:-1","max-image-preview":"max-image-preview:large","max-video-preview":"max-video-preview:-1"},"canonical":"https:\/\/abellanaplus.com\/fi\/palvelut\/kaannokset\/","twitter_misc":{"Arvioitu lukuaika":"2 minuuttia"},"schema":{"@context":"https:\/\/schema.org","@graph":[{"@type":"WebPage","@id":"https:\/\/abellanaplus.com\/fi\/palvelut\/kaannokset\/","url":"https:\/\/abellanaplus.com\/fi\/palvelut\/kaannokset\/","name":"K\u00e4\u00e4nn\u00f6kset | Abellana Plus \u2013 your guide to multilingual environment! | Translation Services","isPartOf":{"@id":"https:\/\/abellanaplus.com\/fi\/#website"},"datePublished":"2014-12-08T18:30:48+00:00","dateModified":"2019-07-10T11:57:19+00:00","breadcrumb":{"@id":"https:\/\/abellanaplus.com\/fi\/palvelut\/kaannokset\/#breadcrumb"},"inLanguage":"fi","potentialAction":[{"@type":"ReadAction","target":["https:\/\/abellanaplus.com\/fi\/palvelut\/kaannokset\/"]}]},{"@type":"BreadcrumbList","@id":"https:\/\/abellanaplus.com\/fi\/palvelut\/kaannokset\/#breadcrumb","itemListElement":[{"@type":"ListItem","position":1,"name":"Home","item":"https:\/\/abellanaplus.com\/fi\/"},{"@type":"ListItem","position":2,"name":"Palvelut","item":"https:\/\/abellanaplus.com\/fi\/services\/"},{"@type":"ListItem","position":3,"name":"K\u00e4\u00e4nn\u00f6kset"}]},{"@type":"WebSite","@id":"https:\/\/abellanaplus.com\/fi\/#website","url":"https:\/\/abellanaplus.com\/fi\/","name":"Abellana Plus \u2013 your guide to multilingual environment! | Translation Services","description":"","publisher":{"@id":"https:\/\/abellanaplus.com\/fi\/#organization"},"potentialAction":[{"@type":"SearchAction","target":{"@type":"EntryPoint","urlTemplate":"https:\/\/abellanaplus.com\/fi\/?s={search_term_string}"},"query-input":{"@type":"PropertyValueSpecification","valueRequired":true,"valueName":"search_term_string"}}],"inLanguage":"fi"},{"@type":"Organization","@id":"https:\/\/abellanaplus.com\/fi\/#organization","name":"Abellana Plus","url":"https:\/\/abellanaplus.com\/fi\/","logo":{"@type":"ImageObject","inLanguage":"fi","@id":"https:\/\/abellanaplus.com\/fi\/#\/schema\/logo\/image\/","url":"https:\/\/abellanaplus.com\/wp-content\/uploads\/2019\/07\/logo.png","contentUrl":"https:\/\/abellanaplus.com\/wp-content\/uploads\/2019\/07\/logo.png","width":350,"height":364,"caption":"Abellana Plus"},"image":{"@id":"https:\/\/abellanaplus.com\/fi\/#\/schema\/logo\/image\/"}}]}},"_links":{"self":[{"href":"https:\/\/abellanaplus.com\/fi\/wp-json\/wp\/v2\/pages\/2868"}],"collection":[{"href":"https:\/\/abellanaplus.com\/fi\/wp-json\/wp\/v2\/pages"}],"about":[{"href":"https:\/\/abellanaplus.com\/fi\/wp-json\/wp\/v2\/types\/page"}],"author":[{"embeddable":true,"href":"https:\/\/abellanaplus.com\/fi\/wp-json\/wp\/v2\/users\/2"}],"replies":[{"embeddable":true,"href":"https:\/\/abellanaplus.com\/fi\/wp-json\/wp\/v2\/comments?post=2868"}],"version-history":[{"count":6,"href":"https:\/\/abellanaplus.com\/fi\/wp-json\/wp\/v2\/pages\/2868\/revisions"}],"predecessor-version":[{"id":3691,"href":"https:\/\/abellanaplus.com\/fi\/wp-json\/wp\/v2\/pages\/2868\/revisions\/3691"}],"up":[{"embeddable":true,"href":"https:\/\/abellanaplus.com\/fi\/wp-json\/wp\/v2\/pages\/2866"}],"wp:attachment":[{"href":"https:\/\/abellanaplus.com\/fi\/wp-json\/wp\/v2\/media?parent=2868"}],"curies":[{"name":"wp","href":"https:\/\/api.w.org\/{rel}","templated":true}]}}