{"id":2876,"date":"2014-12-08T18:52:00","date_gmt":"2014-12-08T18:52:00","guid":{"rendered":"https:\/\/abellanaplus.com\/?page_id=2876"},"modified":"2019-07-10T12:00:48","modified_gmt":"2019-07-10T12:00:48","slug":"asettelun-ja-grafiikan-muokkaus","status":"publish","type":"page","link":"https:\/\/abellanaplus.com\/fi\/palvelut\/asettelun-ja-grafiikan-muokkaus\/","title":{"rendered":"Asettelun ja grafiikan muokkaus"},"content":{"rendered":"<section  class='av_textblock_section av-jxx6yvfo-58db3a205cafd7c75e9e78575bcad94a '   itemscope=\"itemscope\" itemtype=\"https:\/\/schema.org\/CreativeWork\" ><div class='avia_textblock'  itemprop=\"text\" ><p><strong>Jos sinun on k\u00e4\u00e4nnett\u00e4v\u00e4 esite, k\u00e4ytt\u00f6ohje tai jokin muu asiakirja, johon sis\u00e4ltyy kuvia ja asetteluja, tarvitset todenn\u00e4k\u00f6isesti taittopalveluita tai asettelun\/grafiikan muokkausta.<\/strong><strong>Toimitamme k\u00e4\u00e4nnetyt materiaalit painovalmiina ja neuvomme mielell\u00e4mme asiakirjojen tuotannossa noudatettavien parhaiden k\u00e4yt\u00e4nt\u00f6jen suhteen.<\/strong><\/p>\n<p>L\u00e4hdedokumentin asettelu k\u00e4rsii k\u00e4\u00e4nn\u00f6sprosessin aikana usein, koska erikieliset tekstit ovat eripituisia. Tarjoamme sen vuoksi k\u00e4\u00e4nn\u00f6ksen j\u00e4lkeist\u00e4 taittoa, jotta k\u00e4\u00e4nn\u00f6s voidaan asetella asiakirjaan oikein ja asettelu s\u00e4\u00e4t\u00e4\u00e4 l\u00e4hdeversion mukaan.<\/p>\n<div><\/div>\n<p><a href=\"https:\/\/abellanaplus.com\/fi\/ota-yhteytta\/\">Ota\u00a0yhteytt\u00e4<\/a>,\u00a0jos haluat lis\u00e4tietoja taittopalveluistamme!<\/p>\n<\/div><\/section>\n","protected":false},"excerpt":{"rendered":"","protected":false},"author":2,"featured_media":0,"parent":2866,"menu_order":240,"comment_status":"closed","ping_status":"closed","template":"","meta":{"footnotes":""},"class_list":["post-2876","page","type-page","status-publish","hentry"],"yoast_head":"<!-- This site is optimized with the Yoast SEO plugin v23.4 - https:\/\/yoast.com\/wordpress\/plugins\/seo\/ -->\n<title>Asettelun ja grafiikan muokkaus | Abellana Plus \u2013 your guide to multilingual environment! | Translation Services<\/title>\n<meta name=\"robots\" content=\"index, follow, max-snippet:-1, max-image-preview:large, max-video-preview:-1\" \/>\n<link rel=\"canonical\" href=\"https:\/\/abellanaplus.com\/fi\/palvelut\/asettelun-ja-grafiikan-muokkaus\/\" \/>\n<meta name=\"twitter:label1\" content=\"Arvioitu lukuaika\" \/>\n\t<meta name=\"twitter:data1\" content=\"1 minuutti\" \/>\n<script type=\"application\/ld+json\" class=\"yoast-schema-graph\">{\"@context\":\"https:\/\/schema.org\",\"@graph\":[{\"@type\":\"WebPage\",\"@id\":\"https:\/\/abellanaplus.com\/fi\/palvelut\/asettelun-ja-grafiikan-muokkaus\/\",\"url\":\"https:\/\/abellanaplus.com\/fi\/palvelut\/asettelun-ja-grafiikan-muokkaus\/\",\"name\":\"Asettelun ja grafiikan muokkaus | Abellana Plus \u2013 your guide to multilingual environment! | Translation Services\",\"isPartOf\":{\"@id\":\"https:\/\/abellanaplus.com\/fi\/#website\"},\"datePublished\":\"2014-12-08T18:52:00+00:00\",\"dateModified\":\"2019-07-10T12:00:48+00:00\",\"breadcrumb\":{\"@id\":\"https:\/\/abellanaplus.com\/fi\/palvelut\/asettelun-ja-grafiikan-muokkaus\/#breadcrumb\"},\"inLanguage\":\"fi\",\"potentialAction\":[{\"@type\":\"ReadAction\",\"target\":[\"https:\/\/abellanaplus.com\/fi\/palvelut\/asettelun-ja-grafiikan-muokkaus\/\"]}]},{\"@type\":\"BreadcrumbList\",\"@id\":\"https:\/\/abellanaplus.com\/fi\/palvelut\/asettelun-ja-grafiikan-muokkaus\/#breadcrumb\",\"itemListElement\":[{\"@type\":\"ListItem\",\"position\":1,\"name\":\"Home\",\"item\":\"https:\/\/abellanaplus.com\/fi\/\"},{\"@type\":\"ListItem\",\"position\":2,\"name\":\"Palvelut\",\"item\":\"https:\/\/abellanaplus.com\/fi\/services\/\"},{\"@type\":\"ListItem\",\"position\":3,\"name\":\"Asettelun ja grafiikan muokkaus\"}]},{\"@type\":\"WebSite\",\"@id\":\"https:\/\/abellanaplus.com\/fi\/#website\",\"url\":\"https:\/\/abellanaplus.com\/fi\/\",\"name\":\"Abellana Plus \u2013 your guide to multilingual environment! | Translation Services\",\"description\":\"\",\"publisher\":{\"@id\":\"https:\/\/abellanaplus.com\/fi\/#organization\"},\"potentialAction\":[{\"@type\":\"SearchAction\",\"target\":{\"@type\":\"EntryPoint\",\"urlTemplate\":\"https:\/\/abellanaplus.com\/fi\/?s={search_term_string}\"},\"query-input\":{\"@type\":\"PropertyValueSpecification\",\"valueRequired\":true,\"valueName\":\"search_term_string\"}}],\"inLanguage\":\"fi\"},{\"@type\":\"Organization\",\"@id\":\"https:\/\/abellanaplus.com\/fi\/#organization\",\"name\":\"Abellana Plus\",\"url\":\"https:\/\/abellanaplus.com\/fi\/\",\"logo\":{\"@type\":\"ImageObject\",\"inLanguage\":\"fi\",\"@id\":\"https:\/\/abellanaplus.com\/fi\/#\/schema\/logo\/image\/\",\"url\":\"https:\/\/abellanaplus.com\/wp-content\/uploads\/2019\/07\/logo.png\",\"contentUrl\":\"https:\/\/abellanaplus.com\/wp-content\/uploads\/2019\/07\/logo.png\",\"width\":350,\"height\":364,\"caption\":\"Abellana Plus\"},\"image\":{\"@id\":\"https:\/\/abellanaplus.com\/fi\/#\/schema\/logo\/image\/\"}}]}<\/script>\n<!-- \/ Yoast SEO plugin. -->","yoast_head_json":{"title":"Asettelun ja grafiikan muokkaus | Abellana Plus \u2013 your guide to multilingual environment! | Translation Services","robots":{"index":"index","follow":"follow","max-snippet":"max-snippet:-1","max-image-preview":"max-image-preview:large","max-video-preview":"max-video-preview:-1"},"canonical":"https:\/\/abellanaplus.com\/fi\/palvelut\/asettelun-ja-grafiikan-muokkaus\/","twitter_misc":{"Arvioitu lukuaika":"1 minuutti"},"schema":{"@context":"https:\/\/schema.org","@graph":[{"@type":"WebPage","@id":"https:\/\/abellanaplus.com\/fi\/palvelut\/asettelun-ja-grafiikan-muokkaus\/","url":"https:\/\/abellanaplus.com\/fi\/palvelut\/asettelun-ja-grafiikan-muokkaus\/","name":"Asettelun ja grafiikan muokkaus | Abellana Plus \u2013 your guide to multilingual environment! | Translation Services","isPartOf":{"@id":"https:\/\/abellanaplus.com\/fi\/#website"},"datePublished":"2014-12-08T18:52:00+00:00","dateModified":"2019-07-10T12:00:48+00:00","breadcrumb":{"@id":"https:\/\/abellanaplus.com\/fi\/palvelut\/asettelun-ja-grafiikan-muokkaus\/#breadcrumb"},"inLanguage":"fi","potentialAction":[{"@type":"ReadAction","target":["https:\/\/abellanaplus.com\/fi\/palvelut\/asettelun-ja-grafiikan-muokkaus\/"]}]},{"@type":"BreadcrumbList","@id":"https:\/\/abellanaplus.com\/fi\/palvelut\/asettelun-ja-grafiikan-muokkaus\/#breadcrumb","itemListElement":[{"@type":"ListItem","position":1,"name":"Home","item":"https:\/\/abellanaplus.com\/fi\/"},{"@type":"ListItem","position":2,"name":"Palvelut","item":"https:\/\/abellanaplus.com\/fi\/services\/"},{"@type":"ListItem","position":3,"name":"Asettelun ja grafiikan muokkaus"}]},{"@type":"WebSite","@id":"https:\/\/abellanaplus.com\/fi\/#website","url":"https:\/\/abellanaplus.com\/fi\/","name":"Abellana Plus \u2013 your guide to multilingual environment! | Translation Services","description":"","publisher":{"@id":"https:\/\/abellanaplus.com\/fi\/#organization"},"potentialAction":[{"@type":"SearchAction","target":{"@type":"EntryPoint","urlTemplate":"https:\/\/abellanaplus.com\/fi\/?s={search_term_string}"},"query-input":{"@type":"PropertyValueSpecification","valueRequired":true,"valueName":"search_term_string"}}],"inLanguage":"fi"},{"@type":"Organization","@id":"https:\/\/abellanaplus.com\/fi\/#organization","name":"Abellana Plus","url":"https:\/\/abellanaplus.com\/fi\/","logo":{"@type":"ImageObject","inLanguage":"fi","@id":"https:\/\/abellanaplus.com\/fi\/#\/schema\/logo\/image\/","url":"https:\/\/abellanaplus.com\/wp-content\/uploads\/2019\/07\/logo.png","contentUrl":"https:\/\/abellanaplus.com\/wp-content\/uploads\/2019\/07\/logo.png","width":350,"height":364,"caption":"Abellana Plus"},"image":{"@id":"https:\/\/abellanaplus.com\/fi\/#\/schema\/logo\/image\/"}}]}},"_links":{"self":[{"href":"https:\/\/abellanaplus.com\/fi\/wp-json\/wp\/v2\/pages\/2876"}],"collection":[{"href":"https:\/\/abellanaplus.com\/fi\/wp-json\/wp\/v2\/pages"}],"about":[{"href":"https:\/\/abellanaplus.com\/fi\/wp-json\/wp\/v2\/types\/page"}],"author":[{"embeddable":true,"href":"https:\/\/abellanaplus.com\/fi\/wp-json\/wp\/v2\/users\/2"}],"replies":[{"embeddable":true,"href":"https:\/\/abellanaplus.com\/fi\/wp-json\/wp\/v2\/comments?post=2876"}],"version-history":[{"count":4,"href":"https:\/\/abellanaplus.com\/fi\/wp-json\/wp\/v2\/pages\/2876\/revisions"}],"predecessor-version":[{"id":3698,"href":"https:\/\/abellanaplus.com\/fi\/wp-json\/wp\/v2\/pages\/2876\/revisions\/3698"}],"up":[{"embeddable":true,"href":"https:\/\/abellanaplus.com\/fi\/wp-json\/wp\/v2\/pages\/2866"}],"wp:attachment":[{"href":"https:\/\/abellanaplus.com\/fi\/wp-json\/wp\/v2\/media?parent=2876"}],"curies":[{"name":"wp","href":"https:\/\/api.w.org\/{rel}","templated":true}]}}