{"id":2879,"date":"2014-12-08T18:52:54","date_gmt":"2014-12-08T18:52:54","guid":{"rendered":"https:\/\/abellanaplus.com\/?page_id=2879"},"modified":"2019-07-10T12:28:43","modified_gmt":"2019-07-10T12:28:43","slug":"laatu","status":"publish","type":"page","link":"https:\/\/abellanaplus.com\/fi\/laatu\/","title":{"rendered":"Laatu"},"content":{"rendered":"\n<style type=\"text\/css\" data-created_by=\"avia_inline_auto\" id=\"style-css-av-av_heading-cc25041ef4eabc6e657571df88214a81\">\n#top .av-special-heading.av-av_heading-cc25041ef4eabc6e657571df88214a81{\npadding-bottom:10px;\n}\nbody .av-special-heading.av-av_heading-cc25041ef4eabc6e657571df88214a81 .av-special-heading-tag .heading-char{\nfont-size:25px;\n}\n.av-special-heading.av-av_heading-cc25041ef4eabc6e657571df88214a81 .av-subheading{\nfont-size:15px;\n}\n<\/style>\n<div  class='av-special-heading av-av_heading-cc25041ef4eabc6e657571df88214a81 av-special-heading-h3 blockquote modern-quote  avia-builder-el-0  el_before_av_heading  avia-builder-el-first '><h3 class='av-special-heading-tag '  itemprop=\"headline\"  >Pid\u00e4mme ty\u00f6st\u00e4mme ja pyrimme takaamaan parhaan mahdollisen laadun noudattamalla asianmukaisia menettelyit\u00e4 ja tekem\u00e4ll\u00e4 yhteisty\u00f6t\u00e4 oikeiden ammattilaisten kanssa.<\/h3><div class='av-subheading av-subheading_below'><p>Noudatamme ty\u00f6ss\u00e4mme standardien <b>EN 15038<\/b> ja <b>ISO 17100<\/b> mukaisia vaatimuksia.<\/p>\n<p>Laadun varmistaminen l\u00e4htee ammattitaitoisista ihmisist\u00e4. Teemme yhteisty\u00f6t\u00e4 yli 500:n huolellisesti valikoidun, ymp\u00e4ri maailmaa toimivan alihankkijan \u2013 k\u00e4\u00e4nt\u00e4j\u00e4n, tulkin ja editoijan \u2013 kanssa. Kaikilla yhteisty\u00f6kumppaneillamme on ammatillinen p\u00e4tevyys k\u00e4\u00e4nn\u00f6salalta ja todistettu k\u00e4\u00e4nn\u00f6skokemus. Ty\u00f6skentelemme vain syntyper\u00e4isten kielenpuhujien kanssa, joten voimme tarjota korkealaatuisia k\u00e4\u00e4nn\u00f6ksi\u00e4, jotka ovat sek\u00e4 kielellisesti ett\u00e4 kulttuurisesti tarkkoja.<\/p>\n<\/div><div class=\"special-heading-border\"><div class=\"special-heading-inner-border\"><\/div><\/div><\/div>\n\n<style type=\"text\/css\" data-created_by=\"avia_inline_auto\" id=\"style-css-av-av_heading-aa1dfa4cea958e9aa533d2f7a725e7ba\">\n#top .av-special-heading.av-av_heading-aa1dfa4cea958e9aa533d2f7a725e7ba{\npadding-bottom:10px;\n}\nbody .av-special-heading.av-av_heading-aa1dfa4cea958e9aa533d2f7a725e7ba .av-special-heading-tag .heading-char{\nfont-size:25px;\n}\n.av-special-heading.av-av_heading-aa1dfa4cea958e9aa533d2f7a725e7ba .av-subheading{\nfont-size:15px;\n}\n<\/style>\n<div  class='av-special-heading av-av_heading-aa1dfa4cea958e9aa533d2f7a725e7ba av-special-heading-h3  avia-builder-el-1  el_after_av_heading  el_before_av_iconlist '><h3 class='av-special-heading-tag '  itemprop=\"headline\"  >Laatuprosessimme jakautuu seuraaviin vaiheisiin: <\/h3><div class=\"special-heading-border\"><div class=\"special-heading-inner-border\"><\/div><\/div><\/div>\n\n<style type=\"text\/css\" data-created_by=\"avia_inline_auto\" id=\"style-css-av-e8d9zz-db5c616b73f47e1b03cd31e9ee1eb0b5\">\n#top .avia-icon-list-container.av-e8d9zz-db5c616b73f47e1b03cd31e9ee1eb0b5 .iconlist_icon{\nbackground-color:#11abd6;\n}\n<\/style>\n<div  class='avia-icon-list-container av-e8d9zz-db5c616b73f47e1b03cd31e9ee1eb0b5  avia-builder-el-2  el_after_av_heading  el_before_av_heading '><ul class='avia-icon-list avia_animate_when_almost_visible avia-icon-list-left av-iconlist-big av-e8d9zz-db5c616b73f47e1b03cd31e9ee1eb0b5 avia-iconlist-animate'>\n<li><div class='iconlist_icon av-4j64v-8ace69e4c93be147cdf3014144421e5a avia-font-entypo-fontello'><span class='iconlist-char' aria-hidden='true' data-av_icon='\ue80b' data-av_iconfont='entypo-fontello'><\/span><\/div><article class=\"article-icon-entry \"  itemscope=\"itemscope\" itemtype=\"https:\/\/schema.org\/CreativeWork\" ><div class=\"iconlist_content_wrap\"><header class=\"entry-content-header\" aria-label=\"Icon: Keskustelu asiakkaan kanssa\"><h4 class='av_iconlist_title iconlist_title  '  itemprop=\"headline\" >Keskustelu asiakkaan kanssa<\/h4><\/header><div class='iconlist_content '  itemprop=\"text\" ><p>tarpeet ja sopimus projektin aikataulusta\/laajuudesta\/hinnasta<\/p>\n<\/div><\/div><footer class=\"entry-footer\"><\/footer><\/article><div class=\"iconlist-timeline\"><\/div><\/li>\n<li><div class='iconlist_icon av-ba7h4f-e047fe06141907ec62065fe90bac4f83 avia-font-entypo-fontello'><span class='iconlist-char' aria-hidden='true' data-av_icon='\ue837' data-av_iconfont='entypo-fontello'><\/span><\/div><article class=\"article-icon-entry \"  itemscope=\"itemscope\" itemtype=\"https:\/\/schema.org\/CreativeWork\" ><div class=\"iconlist_content_wrap\"><header class=\"entry-content-header\" aria-label=\"Icon: K\u00e4\u00e4nn\u00f6s\"><h4 class='av_iconlist_title iconlist_title  '  itemprop=\"headline\" >K\u00e4\u00e4nn\u00f6s<\/h4><\/header><div class='iconlist_content '  itemprop=\"text\" ><p>aina kielt\u00e4 \u00e4idinkielen\u00e4\u00e4n puhuvien tekem\u00e4<\/p>\n<\/div><\/div><footer class=\"entry-footer\"><\/footer><\/article><div class=\"iconlist-timeline\"><\/div><\/li>\n<li><div class='iconlist_icon av-8zcskv-b8bd0301121916230d3d0f12bdb51cd1 avia-font-entypo-fontello'><span class='iconlist-char' aria-hidden='true' data-av_icon='\ue84b' data-av_iconfont='entypo-fontello'><\/span><\/div><article class=\"article-icon-entry \"  itemscope=\"itemscope\" itemtype=\"https:\/\/schema.org\/CreativeWork\" ><div class=\"iconlist_content_wrap\"><header class=\"entry-content-header\" aria-label=\"Icon: Editointi\"><h4 class='av_iconlist_title iconlist_title  '  itemprop=\"headline\" >Editointi<\/h4><\/header><div class='iconlist_content '  itemprop=\"text\" ><p>aina kielt\u00e4 \u00e4idinkielen\u00e4\u00e4n puhuvien tekem\u00e4<\/p>\n<\/div><\/div><footer class=\"entry-footer\"><\/footer><\/article><div class=\"iconlist-timeline\"><\/div><\/li>\n<li><div class='iconlist_icon av-7ok4fj-500eb230bc67b39228b54c2fcea2eb0c avia-font-entypo-fontello'><span class='iconlist-char' aria-hidden='true' data-av_icon='\ue891' data-av_iconfont='entypo-fontello'><\/span><\/div><article class=\"article-icon-entry \"  itemscope=\"itemscope\" itemtype=\"https:\/\/schema.org\/CreativeWork\" ><div class=\"iconlist_content_wrap\"><header class=\"entry-content-header\" aria-label=\"Icon: Pistokoe\"><h4 class='av_iconlist_title iconlist_title  '  itemprop=\"headline\" >Pistokoe<\/h4><\/header><div class='iconlist_content '  itemprop=\"text\" ><p>+\u00a0muodon tarkastus\u00a0+\u00a0asiakaskohtaisten vaatimusten mukaisuuden tarkastus<\/p>\n<\/div><\/div><footer class=\"entry-footer\"><\/footer><\/article><div class=\"iconlist-timeline\"><\/div><\/li>\n<li><div class='iconlist_icon av-5jwckv-8bf9a1d8a8cc57bb26ac47ea62d2817a avia-font-entypo-fontello'><span class='iconlist-char' aria-hidden='true' data-av_icon='\ue82b' data-av_iconfont='entypo-fontello'><\/span><\/div><article class=\"article-icon-entry \"  itemscope=\"itemscope\" itemtype=\"https:\/\/schema.org\/CreativeWork\" ><div class=\"iconlist_content_wrap\"><header class=\"entry-content-header\" aria-label=\"Icon: Taiton j\u00e4lkeinen tarkastus\"><h4 class='av_iconlist_title iconlist_title  '  itemprop=\"headline\" >Taiton j\u00e4lkeinen tarkastus<\/h4><\/header><div class='iconlist_content '  itemprop=\"text\" ><p>k\u00e4\u00e4nnetyn tekstin viimeinen tarkastus \u2013 kirjasimet,\u00a0asettelu,\u00a0muotoilu,\u00a0v\u00e4lily\u00f6nnit,\u00a0kirjoitusvirheet jne.<\/p>\n<\/div><\/div><footer class=\"entry-footer\"><\/footer><\/article><div class=\"iconlist-timeline\"><\/div><\/li>\n<\/ul><\/div>\n\n<style type=\"text\/css\" data-created_by=\"avia_inline_auto\" id=\"style-css-av-av_heading-46c83cf7b6c923d9b1b24d4f2d6fb65b\">\n#top .av-special-heading.av-av_heading-46c83cf7b6c923d9b1b24d4f2d6fb65b{\npadding-bottom:10px;\n}\nbody .av-special-heading.av-av_heading-46c83cf7b6c923d9b1b24d4f2d6fb65b .av-special-heading-tag .heading-char{\nfont-size:25px;\n}\n.av-special-heading.av-av_heading-46c83cf7b6c923d9b1b24d4f2d6fb65b .av-subheading{\nfont-size:15px;\n}\n<\/style>\n<div  class='av-special-heading av-av_heading-46c83cf7b6c923d9b1b24d4f2d6fb65b av-special-heading-h4 blockquote modern-quote  avia-builder-el-3  el_after_av_iconlist  el_before_av_promobox '><h4 class='av-special-heading-tag '  itemprop=\"headline\"  >Jokaisella asiakkaalla on oma henkil\u00f6kohtainen projektikoordinaattorinsa,<\/h4><div class='av-subheading av-subheading_below'><p>joten sinulla on kaikissa asioissa yksi ja sama yhteyshenkil\u00f6. Asiakas tavoittaa projektikoordinaattorimme my\u00f6s ty\u00f6ajan ulkopuolella, sill\u00e4 uskomme, ett\u00e4 l\u00e4heinen yhteisty\u00f6 asiakkaittemme kanssa kaikissa projektin vaiheissa vaikuttaa merkitt\u00e4v\u00e4sti lopputuotteen laatuun.<\/p>\n<\/div><div class=\"special-heading-border\"><div class=\"special-heading-inner-border\"><\/div><\/div><\/div>\n<div  class='av_promobox av-2xq7tr-ce39e642400a500164bb6b5e26c5f504 avia-button-yes  avia-builder-el-4  el_after_av_heading  avia-builder-el-last '><div class='avia-promocontent'><p>\nK\u00e4\u00e4nny puoleemme,\u00a0emme tuota pettymyst\u00e4!<\/p>\n<\/div><div  class='avia-button-wrap av-2xq7tr-13d99b1f179b00765ec1d2f5673b8ca1-wrap avia-button-right '><a href='https:\/\/abellanaplus.com\/fi\/ota-yhteytta\/'  class='avia-button av-2xq7tr-13d99b1f179b00765ec1d2f5673b8ca1 av-link-btn avia-icon_select-yes-left-icon avia-size-large avia-position-right avia-color-theme-color'   aria-label=\"Ota yhteytt\u00e4\"><span class='avia_button_icon avia_button_icon_left' aria-hidden='true' data-av_icon='\ue805' data-av_iconfont='entypo-fontello'><\/span><span class='avia_iconbox_title' >Ota yhteytt\u00e4<\/span><\/a><\/div><\/div>\n","protected":false},"excerpt":{"rendered":"","protected":false},"author":2,"featured_media":0,"parent":0,"menu_order":300,"comment_status":"closed","ping_status":"closed","template":"","meta":{"footnotes":""},"class_list":["post-2879","page","type-page","status-publish","hentry"],"yoast_head":"<!-- This site is optimized with the Yoast SEO plugin v23.4 - https:\/\/yoast.com\/wordpress\/plugins\/seo\/ -->\n<title>Laatu | Abellana Plus \u2013 your guide to multilingual environment! | Translation Services<\/title>\n<meta name=\"robots\" content=\"index, follow, max-snippet:-1, max-image-preview:large, max-video-preview:-1\" \/>\n<link rel=\"canonical\" href=\"https:\/\/abellanaplus.com\/fi\/laatu\/\" \/>\n<meta name=\"twitter:label1\" content=\"Arvioitu lukuaika\" \/>\n\t<meta name=\"twitter:data1\" content=\"3 minuuttia\" \/>\n<script type=\"application\/ld+json\" class=\"yoast-schema-graph\">{\"@context\":\"https:\/\/schema.org\",\"@graph\":[{\"@type\":\"WebPage\",\"@id\":\"https:\/\/abellanaplus.com\/fi\/laatu\/\",\"url\":\"https:\/\/abellanaplus.com\/fi\/laatu\/\",\"name\":\"Laatu | Abellana Plus \u2013 your guide to multilingual environment! | Translation Services\",\"isPartOf\":{\"@id\":\"https:\/\/abellanaplus.com\/fi\/#website\"},\"datePublished\":\"2014-12-08T18:52:54+00:00\",\"dateModified\":\"2019-07-10T12:28:43+00:00\",\"breadcrumb\":{\"@id\":\"https:\/\/abellanaplus.com\/fi\/laatu\/#breadcrumb\"},\"inLanguage\":\"fi\",\"potentialAction\":[{\"@type\":\"ReadAction\",\"target\":[\"https:\/\/abellanaplus.com\/fi\/laatu\/\"]}]},{\"@type\":\"BreadcrumbList\",\"@id\":\"https:\/\/abellanaplus.com\/fi\/laatu\/#breadcrumb\",\"itemListElement\":[{\"@type\":\"ListItem\",\"position\":1,\"name\":\"Home\",\"item\":\"https:\/\/abellanaplus.com\/fi\/\"},{\"@type\":\"ListItem\",\"position\":2,\"name\":\"Laatu\"}]},{\"@type\":\"WebSite\",\"@id\":\"https:\/\/abellanaplus.com\/fi\/#website\",\"url\":\"https:\/\/abellanaplus.com\/fi\/\",\"name\":\"Abellana Plus \u2013 your guide to multilingual environment! | Translation Services\",\"description\":\"\",\"publisher\":{\"@id\":\"https:\/\/abellanaplus.com\/fi\/#organization\"},\"potentialAction\":[{\"@type\":\"SearchAction\",\"target\":{\"@type\":\"EntryPoint\",\"urlTemplate\":\"https:\/\/abellanaplus.com\/fi\/?s={search_term_string}\"},\"query-input\":{\"@type\":\"PropertyValueSpecification\",\"valueRequired\":true,\"valueName\":\"search_term_string\"}}],\"inLanguage\":\"fi\"},{\"@type\":\"Organization\",\"@id\":\"https:\/\/abellanaplus.com\/fi\/#organization\",\"name\":\"Abellana Plus\",\"url\":\"https:\/\/abellanaplus.com\/fi\/\",\"logo\":{\"@type\":\"ImageObject\",\"inLanguage\":\"fi\",\"@id\":\"https:\/\/abellanaplus.com\/fi\/#\/schema\/logo\/image\/\",\"url\":\"https:\/\/abellanaplus.com\/wp-content\/uploads\/2019\/07\/logo.png\",\"contentUrl\":\"https:\/\/abellanaplus.com\/wp-content\/uploads\/2019\/07\/logo.png\",\"width\":350,\"height\":364,\"caption\":\"Abellana Plus\"},\"image\":{\"@id\":\"https:\/\/abellanaplus.com\/fi\/#\/schema\/logo\/image\/\"}}]}<\/script>\n<!-- \/ Yoast SEO plugin. -->","yoast_head_json":{"title":"Laatu | Abellana Plus \u2013 your guide to multilingual environment! | Translation Services","robots":{"index":"index","follow":"follow","max-snippet":"max-snippet:-1","max-image-preview":"max-image-preview:large","max-video-preview":"max-video-preview:-1"},"canonical":"https:\/\/abellanaplus.com\/fi\/laatu\/","twitter_misc":{"Arvioitu lukuaika":"3 minuuttia"},"schema":{"@context":"https:\/\/schema.org","@graph":[{"@type":"WebPage","@id":"https:\/\/abellanaplus.com\/fi\/laatu\/","url":"https:\/\/abellanaplus.com\/fi\/laatu\/","name":"Laatu | Abellana Plus \u2013 your guide to multilingual environment! | Translation Services","isPartOf":{"@id":"https:\/\/abellanaplus.com\/fi\/#website"},"datePublished":"2014-12-08T18:52:54+00:00","dateModified":"2019-07-10T12:28:43+00:00","breadcrumb":{"@id":"https:\/\/abellanaplus.com\/fi\/laatu\/#breadcrumb"},"inLanguage":"fi","potentialAction":[{"@type":"ReadAction","target":["https:\/\/abellanaplus.com\/fi\/laatu\/"]}]},{"@type":"BreadcrumbList","@id":"https:\/\/abellanaplus.com\/fi\/laatu\/#breadcrumb","itemListElement":[{"@type":"ListItem","position":1,"name":"Home","item":"https:\/\/abellanaplus.com\/fi\/"},{"@type":"ListItem","position":2,"name":"Laatu"}]},{"@type":"WebSite","@id":"https:\/\/abellanaplus.com\/fi\/#website","url":"https:\/\/abellanaplus.com\/fi\/","name":"Abellana Plus \u2013 your guide to multilingual environment! | Translation Services","description":"","publisher":{"@id":"https:\/\/abellanaplus.com\/fi\/#organization"},"potentialAction":[{"@type":"SearchAction","target":{"@type":"EntryPoint","urlTemplate":"https:\/\/abellanaplus.com\/fi\/?s={search_term_string}"},"query-input":{"@type":"PropertyValueSpecification","valueRequired":true,"valueName":"search_term_string"}}],"inLanguage":"fi"},{"@type":"Organization","@id":"https:\/\/abellanaplus.com\/fi\/#organization","name":"Abellana Plus","url":"https:\/\/abellanaplus.com\/fi\/","logo":{"@type":"ImageObject","inLanguage":"fi","@id":"https:\/\/abellanaplus.com\/fi\/#\/schema\/logo\/image\/","url":"https:\/\/abellanaplus.com\/wp-content\/uploads\/2019\/07\/logo.png","contentUrl":"https:\/\/abellanaplus.com\/wp-content\/uploads\/2019\/07\/logo.png","width":350,"height":364,"caption":"Abellana Plus"},"image":{"@id":"https:\/\/abellanaplus.com\/fi\/#\/schema\/logo\/image\/"}}]}},"_links":{"self":[{"href":"https:\/\/abellanaplus.com\/fi\/wp-json\/wp\/v2\/pages\/2879"}],"collection":[{"href":"https:\/\/abellanaplus.com\/fi\/wp-json\/wp\/v2\/pages"}],"about":[{"href":"https:\/\/abellanaplus.com\/fi\/wp-json\/wp\/v2\/types\/page"}],"author":[{"embeddable":true,"href":"https:\/\/abellanaplus.com\/fi\/wp-json\/wp\/v2\/users\/2"}],"replies":[{"embeddable":true,"href":"https:\/\/abellanaplus.com\/fi\/wp-json\/wp\/v2\/comments?post=2879"}],"version-history":[{"count":2,"href":"https:\/\/abellanaplus.com\/fi\/wp-json\/wp\/v2\/pages\/2879\/revisions"}],"predecessor-version":[{"id":3896,"href":"https:\/\/abellanaplus.com\/fi\/wp-json\/wp\/v2\/pages\/2879\/revisions\/3896"}],"wp:attachment":[{"href":"https:\/\/abellanaplus.com\/fi\/wp-json\/wp\/v2\/media?parent=2879"}],"curies":[{"name":"wp","href":"https:\/\/api.w.org\/{rel}","templated":true}]}}