{"id":2966,"date":"2018-10-08T11:46:50","date_gmt":"2018-10-08T11:46:50","guid":{"rendered":"https:\/\/abellanaplus.com\/?page_id=2966"},"modified":"2019-07-16T12:29:22","modified_gmt":"2019-07-16T09:29:22","slug":"a-propos-de-nous","status":"publish","type":"page","link":"https:\/\/abellanaplus.com\/fr\/","title":{"rendered":"\u00c0 propos de nous"},"content":{"rendered":"<div id='layer_slider_1'  class='avia-layerslider main_color avia-shadow  avia-builder-el-0  el_before_av_one_half  avia-builder-el-first  container_wrap sidebar_right'  style='height: 471px; max-width: 1140px; margin: 0 auto;'  ><\/div><div id='after_layer_slider_1'  class='main_color av_default_container_wrap container_wrap sidebar_right'  ><div class='container av-section-cont-open' ><div class='template-page content  av-content-small alpha units'><div class='post-entry post-entry-type-page post-entry-2966'><div class='entry-content-wrapper clearfix'>\n<div  class='flex_column av-pxp3qe-fad4fc4be0a9591a3306918edb65716e av_one_half  avia-builder-el-1  el_after_av_layerslider  el_before_av_one_half  avia-builder-el-first  first flex_column_div  '     ><p>\n<style type=\"text\/css\" data-created_by=\"avia_inline_auto\" id=\"style-css-av-flyh1i-1164ad51c4025e32cce38e3f43c4d323\">\n#top .av-special-heading.av-flyh1i-1164ad51c4025e32cce38e3f43c4d323{\npadding-bottom:10px;\n}\nbody .av-special-heading.av-flyh1i-1164ad51c4025e32cce38e3f43c4d323 .av-special-heading-tag .heading-char{\nfont-size:25px;\n}\n.av-special-heading.av-flyh1i-1164ad51c4025e32cce38e3f43c4d323 .av-subheading{\nfont-size:15px;\n}\n<\/style>\n<div  class='av-special-heading av-flyh1i-1164ad51c4025e32cce38e3f43c4d323 av-special-heading-h3  avia-builder-el-2  el_before_av_iconlist  avia-builder-el-first '><h3 class='av-special-heading-tag '  itemprop=\"headline\"  >Principales valeurs<\/h3><div class=\"special-heading-border\"><div class=\"special-heading-inner-border\"><\/div><\/div><\/div><br \/>\n\n<style type=\"text\/css\" data-created_by=\"avia_inline_auto\" id=\"style-css-av-lphf7q-94307cdbc19272a76de77460da62b5b6\">\n#top .avia-icon-list-container.av-lphf7q-94307cdbc19272a76de77460da62b5b6 .iconlist_icon{\nbackground-color:#11abd6;\n}\n<\/style>\n<div  class='avia-icon-list-container av-lphf7q-94307cdbc19272a76de77460da62b5b6  avia-builder-el-3  el_after_av_heading  avia-builder-el-last '><ul class='avia-icon-list avia_animate_when_almost_visible avia-icon-list-left av-iconlist-big av-lphf7q-94307cdbc19272a76de77460da62b5b6 avia-iconlist-animate'>\n<li><div class='iconlist_icon av-edl1bq-331af9d82b1d3e2fbabb3084ea3676db avia-font-entypo-fontello'><span class='iconlist-char' aria-hidden='true' data-av_icon='\ue82b' data-av_iconfont='entypo-fontello'><\/span><\/div><article class=\"article-icon-entry \"  itemscope=\"itemscope\" itemtype=\"https:\/\/schema.org\/CreativeWork\" ><div class=\"iconlist_content_wrap\"><header class=\"entry-content-header\" aria-label=\"Icon: LA QUALIT\u00c9\"><h4 class='av_iconlist_title iconlist_title  '  itemprop=\"headline\" >LA QUALIT\u00c9<\/h4><\/header><div class='iconlist_content '  itemprop=\"text\" ><p>dans tous les domaines \u2013 c&rsquo;est notre engagement principal<\/p>\n<\/div><\/div><footer class=\"entry-footer\"><\/footer><\/article><div class=\"iconlist-timeline\"><\/div><\/li>\n<li><div class='iconlist_icon av-cnrll2-702b7c9c2b7bed89b653d5fdca31bca1 avia-font-entypo-fontello'><span class='iconlist-char' aria-hidden='true' data-av_icon='\ue824' data-av_iconfont='entypo-fontello'><\/span><\/div><article class=\"article-icon-entry \"  itemscope=\"itemscope\" itemtype=\"https:\/\/schema.org\/CreativeWork\" ><div class=\"iconlist_content_wrap\"><header class=\"entry-content-header\" aria-label=\"Icon: LA CONFIDENTIALIT\u00c9\"><h4 class='av_iconlist_title iconlist_title  '  itemprop=\"headline\" >LA CONFIDENTIALIT\u00c9<\/h4><\/header><div class='iconlist_content '  itemprop=\"text\" ><p>de vos mat\u00e9riaux et documents est notre priorit\u00e9 absolue<\/p>\n<\/div><\/div><footer class=\"entry-footer\"><\/footer><\/article><div class=\"iconlist-timeline\"><\/div><\/li>\n<li><div class='iconlist_icon av-a6dsja-33c143ddf8606b0efc0bf2a4fe8feee5 avia-font-entypo-fontello'><span class='iconlist-char' aria-hidden='true' data-av_icon='\ue8bb' data-av_iconfont='entypo-fontello'><\/span><\/div><article class=\"article-icon-entry \"  itemscope=\"itemscope\" itemtype=\"https:\/\/schema.org\/CreativeWork\" ><div class=\"iconlist_content_wrap\"><header class=\"entry-content-header\" aria-label=\"Icon: LE PROFESSIONNALISME\"><h4 class='av_iconlist_title iconlist_title  '  itemprop=\"headline\" >LE PROFESSIONNALISME<\/h4><\/header><div class='iconlist_content '  itemprop=\"text\" ><p>exp\u00e9rience accumul\u00e9e + connaissance des particularit\u00e9s du travail<\/p>\n<\/div><\/div><footer class=\"entry-footer\"><\/footer><\/article><div class=\"iconlist-timeline\"><\/div><\/li>\n<li><div class='iconlist_icon av-8j6g52-2d016b975d835a138492ed18aa574855 avia-font-entypo-fontello'><span class='iconlist-char' aria-hidden='true' data-av_icon='\ue8a3' data-av_iconfont='entypo-fontello'><\/span><\/div><article class=\"article-icon-entry \"  itemscope=\"itemscope\" itemtype=\"https:\/\/schema.org\/CreativeWork\" ><div class=\"iconlist_content_wrap\"><header class=\"entry-content-header\" aria-label=\"Icon: LA PONCTUALIT\u00c9\"><h4 class='av_iconlist_title iconlist_title  '  itemprop=\"headline\" >LA PONCTUALIT\u00c9<\/h4><\/header><div class='iconlist_content '  itemprop=\"text\" ><p>l&rsquo;\u00e2me de l&rsquo;entreprise<\/p>\n<\/div><\/div><footer class=\"entry-footer\"><\/footer><\/article><div class=\"iconlist-timeline\"><\/div><\/li>\n<li><div class='iconlist_icon av-s75hy-70c489f28212d6af6007984a1cd29e51 avia-font-entypo-fontello'><span class='iconlist-char' aria-hidden='true' data-av_icon='\ue80a' data-av_iconfont='entypo-fontello'><\/span><\/div><article class=\"article-icon-entry \"  itemscope=\"itemscope\" itemtype=\"https:\/\/schema.org\/CreativeWork\" ><div class=\"iconlist_content_wrap\"><header class=\"entry-content-header\" aria-label=\"Icon: L\u2019APPROCHE INDIVIDUELLE\"><h4 class='av_iconlist_title iconlist_title  '  itemprop=\"headline\" >L\u2019APPROCHE INDIVIDUELLE<\/h4><\/header><div class='iconlist_content '  itemprop=\"text\" ><p>attention \u00e0 la diversit\u00e9 des exigences des clients<\/p>\n<\/div><\/div><footer class=\"entry-footer\"><\/footer><\/article><div class=\"iconlist-timeline\"><\/div><\/li>\n<li><div class='iconlist_icon av-5odqty-25645f5a5c4070dd2fdd8a94334adae9 avia-font-entypo-fontello'><span class='iconlist-char' aria-hidden='true' data-av_icon='\ue894' data-av_iconfont='entypo-fontello'><\/span><\/div><article class=\"article-icon-entry \"  itemscope=\"itemscope\" itemtype=\"https:\/\/schema.org\/CreativeWork\" ><div class=\"iconlist_content_wrap\"><header class=\"entry-content-header\" aria-label=\"Icon: LA FLEXIBILIT\u00c9\"><h4 class='av_iconlist_title iconlist_title  '  itemprop=\"headline\" >LA FLEXIBILIT\u00c9<\/h4><\/header><div class='iconlist_content '  itemprop=\"text\" ><p>r\u00e9activit\u00e9 afin de trouver une solution adapt\u00e9e \u00e0 chaque projet<\/p>\n<\/div><\/div><footer class=\"entry-footer\"><\/footer><\/article><div class=\"iconlist-timeline\"><\/div><\/li>\n<\/ul><\/div><\/p><\/div>\n<div  class='flex_column av-bd07qe-9859ceaef52b3aaae1e10b8662eafe26 av_one_half  avia-builder-el-4  el_after_av_one_half  el_before_av_promobox  flex_column_div  '     ><p>\n<style type=\"text\/css\" data-created_by=\"avia_inline_auto\" id=\"style-css-av-40e3x2-75d358d92525c7d48351faa2d2c7eb33\">\n#top .av-special-heading.av-40e3x2-75d358d92525c7d48351faa2d2c7eb33{\npadding-bottom:10px;\n}\nbody .av-special-heading.av-40e3x2-75d358d92525c7d48351faa2d2c7eb33 .av-special-heading-tag .heading-char{\nfont-size:25px;\n}\n.av-special-heading.av-40e3x2-75d358d92525c7d48351faa2d2c7eb33 .av-subheading{\nfont-size:15px;\n}\n<\/style>\n<div  class='av-special-heading av-40e3x2-75d358d92525c7d48351faa2d2c7eb33 av-special-heading-h3 blockquote modern-quote  avia-builder-el-5  el_before_av_heading  avia-builder-el-first '><h3 class='av-special-heading-tag '  itemprop=\"headline\"  >L\u2019un des principaux objectifs de notre travail <\/h3><div class='av-subheading av-subheading_below'><p>est d&rsquo;\u00e9tablir de la confiance entre nos clients et nous. Notre politique est totalement orient\u00e9e vers le client. Nous utilisons des solutions flexibles pour r\u00e9pondre de mani\u00e8re optimale \u00e0 tous les besoins de nos clients tout en offrant une qualit\u00e9 parfaite \u00e0 un prix raisonnable.<\/p>\n<\/div><div class=\"special-heading-border\"><div class=\"special-heading-inner-border\"><\/div><\/div><\/div><br \/>\n\n<style type=\"text\/css\" data-created_by=\"avia_inline_auto\" id=\"style-css-av-31ubom-103f319390c1da2e8adbafa5b7a2f8e2\">\n#top .av-special-heading.av-31ubom-103f319390c1da2e8adbafa5b7a2f8e2{\npadding-bottom:10px;\n}\nbody .av-special-heading.av-31ubom-103f319390c1da2e8adbafa5b7a2f8e2 .av-special-heading-tag .heading-char{\nfont-size:25px;\n}\n.av-special-heading.av-31ubom-103f319390c1da2e8adbafa5b7a2f8e2 .av-subheading{\nfont-size:15px;\n}\n<\/style>\n<div  class='av-special-heading av-31ubom-103f319390c1da2e8adbafa5b7a2f8e2 av-special-heading-h3 blockquote modern-quote  avia-builder-el-6  el_after_av_heading  el_before_av_heading '><h3 class='av-special-heading-tag '  itemprop=\"headline\"  >Nous croyons en notre succ\u00e8s, car nous r\u00e9unissons toutes les conditions pour y parvenir :<\/h3><div class='av-subheading av-subheading_below'><p>des linguistes professionnels, ayant une vaste exp\u00e9rience dans diff\u00e9rents domaines, une proc\u00e9dure de contr\u00f4le de qualit\u00e9, assurant une qualit\u00e9 optimale de notre travail et ce qui est le plus important, une grande motivation. Nous n&rsquo;avons pas peur du travail et nous effor\u00e7ons toujours d&rsquo;atteindre nos objectifs.<\/p>\n<\/div><div class=\"special-heading-border\"><div class=\"special-heading-inner-border\"><\/div><\/div><\/div><br \/>\n\n<style type=\"text\/css\" data-created_by=\"avia_inline_auto\" id=\"style-css-av-jxxg17ke-3d1268a0126fe64c9892abd7e30922ab\">\n#top .av-special-heading.av-jxxg17ke-3d1268a0126fe64c9892abd7e30922ab{\npadding-bottom:10px;\n}\nbody .av-special-heading.av-jxxg17ke-3d1268a0126fe64c9892abd7e30922ab .av-special-heading-tag .heading-char{\nfont-size:25px;\n}\n.av-special-heading.av-jxxg17ke-3d1268a0126fe64c9892abd7e30922ab .av-subheading{\nfont-size:15px;\n}\n<\/style>\n<div  class='av-special-heading av-jxxg17ke-3d1268a0126fe64c9892abd7e30922ab av-special-heading-h3 blockquote modern-quote  avia-builder-el-7  el_after_av_heading  avia-builder-el-last '><h3 class='av-special-heading-tag '  itemprop=\"headline\"  >Notre \u00e9quipe<\/h3><div class='av-subheading av-subheading_below'><p>est tr\u00e8s motiv\u00e9e pour atteindre les objectifs fix\u00e9s et poss\u00e8de tous les attributs n\u00e9cessaires : un engagement de tous les instants, des comp\u00e9tences de travail en \u00e9quipe, une responsabilit\u00e9 accrue, une capacit\u00e9 de progression et de recherche des solutions pour les t\u00e2ches les plus complexes. Nous adh\u00e9rons sans r\u00e9serve aux valeurs de l&rsquo;entreprise mentionn\u00e9es ci-dessus, car nous appr\u00e9cions hautement sa r\u00e9putation. Gr\u00e2ce \u00e0 ces valeurs, nous savons toujours comment nous devons nous comporter.<br \/>\nNotre travail n&rsquo;est pas si facile. Cependant, nous le faisons toujours avec plaisir et de mani\u00e8re professionnelle.<\/p>\n<p>Faites appel \u00e0 nous et nous ne vous d\u00e9cevrons pas !<\/p>\n<\/div><div class=\"special-heading-border\"><div class=\"special-heading-inner-border\"><\/div><\/div><\/div><\/p><\/div>\n<div  class='av_promobox av-4h63qu-4e4d1ac6e622a743e689d9750e66ead0 avia-button-yes  avia-builder-el-8  el_after_av_one_half  el_before_av_textblock '><div class='avia-promocontent'><p>\nFaites appel \u00e0 nous et nous ne vous d\u00e9cevrons pas!<\/p>\n<\/div><div  class='avia-button-wrap av-4h63qu-1db649b914de23feb90eae1a3d041e44-wrap avia-button-right '><a href='https:\/\/abellanaplus.com\/fr\/contactez-nous\/'  class='avia-button av-4h63qu-1db649b914de23feb90eae1a3d041e44 av-link-btn avia-icon_select-yes-left-icon avia-size-large avia-position-right avia-color-theme-color'   aria-label=\"Contactez-nous\"><span class='avia_button_icon avia_button_icon_left' aria-hidden='true' data-av_icon='\ue805' data-av_iconfont='entypo-fontello'><\/span><span class='avia_iconbox_title' >Contactez-nous<\/span><\/a><\/div><\/div>\n<section  class='av_textblock_section av-2hs8ba-968ce1fb2c39c4faa5dd991035d3f6ad '   itemscope=\"itemscope\" itemtype=\"https:\/\/schema.org\/CreativeWork\" ><div class='avia_textblock'  itemprop=\"text\" ><p><!--<\/p-->\n<\/div><\/section>\n","protected":false},"excerpt":{"rendered":"","protected":false},"author":2,"featured_media":0,"parent":0,"menu_order":100,"comment_status":"closed","ping_status":"closed","template":"","meta":{"footnotes":""},"class_list":["post-2966","page","type-page","status-publish","hentry"],"yoast_head":"<!-- This site is optimized with the Yoast SEO plugin v23.4 - https:\/\/yoast.com\/wordpress\/plugins\/seo\/ -->\n<title>Abellana Plus \u2013 your guide to multilingual environment! | Translation Services<\/title>\n<meta name=\"description\" content=\"Nous menons notre activit\u00e9 dans l&#039;Union europ\u00e9enne et en Am\u00e9rique du Nord. Notre soci\u00e9t\u00e9 est une \u00e9quipe hautement qualifi\u00e9e et motiv\u00e9e qui m\u00e8ne \u00e0 bien plusieurs projets multilingues dans diff\u00e9rents domaines.\" \/>\n<meta name=\"robots\" content=\"index, follow, max-snippet:-1, max-image-preview:large, max-video-preview:-1\" \/>\n<link rel=\"canonical\" href=\"https:\/\/abellanaplus.com\/fr\/\" \/>\n<meta name=\"twitter:label1\" content=\"Dur\u00e9e de lecture estim\u00e9e\" \/>\n\t<meta name=\"twitter:data1\" content=\"4 minutes\" \/>\n<script type=\"application\/ld+json\" class=\"yoast-schema-graph\">{\"@context\":\"https:\/\/schema.org\",\"@graph\":[{\"@type\":\"WebPage\",\"@id\":\"https:\/\/abellanaplus.com\/fr\/\",\"url\":\"https:\/\/abellanaplus.com\/fr\/\",\"name\":\"Abellana Plus \u2013 your guide to multilingual environment! | Translation Services\",\"isPartOf\":{\"@id\":\"https:\/\/abellanaplus.com\/fr\/#website\"},\"datePublished\":\"2018-10-08T11:46:50+00:00\",\"dateModified\":\"2019-07-16T09:29:22+00:00\",\"description\":\"Nous menons notre activit\u00e9 dans l'Union europ\u00e9enne et en Am\u00e9rique du Nord. Notre soci\u00e9t\u00e9 est une \u00e9quipe hautement qualifi\u00e9e et motiv\u00e9e qui m\u00e8ne \u00e0 bien plusieurs projets multilingues dans diff\u00e9rents domaines.\",\"breadcrumb\":{\"@id\":\"https:\/\/abellanaplus.com\/fr\/#breadcrumb\"},\"inLanguage\":\"fr-FR\",\"potentialAction\":[{\"@type\":\"ReadAction\",\"target\":[\"https:\/\/abellanaplus.com\/fr\/\"]}]},{\"@type\":\"BreadcrumbList\",\"@id\":\"https:\/\/abellanaplus.com\/fr\/#breadcrumb\",\"itemListElement\":[{\"@type\":\"ListItem\",\"position\":1,\"name\":\"Home\",\"item\":\"https:\/\/abellanaplus.com\/fr\/\"},{\"@type\":\"ListItem\",\"position\":2,\"name\":\"\u00c0 propos de nous\"}]},{\"@type\":\"WebSite\",\"@id\":\"https:\/\/abellanaplus.com\/fr\/#website\",\"url\":\"https:\/\/abellanaplus.com\/fr\/\",\"name\":\"Abellana Plus \u2013 your guide to multilingual environment! | Translation Services\",\"description\":\"\",\"publisher\":{\"@id\":\"https:\/\/abellanaplus.com\/fr\/#organization\"},\"potentialAction\":[{\"@type\":\"SearchAction\",\"target\":{\"@type\":\"EntryPoint\",\"urlTemplate\":\"https:\/\/abellanaplus.com\/fr\/?s={search_term_string}\"},\"query-input\":{\"@type\":\"PropertyValueSpecification\",\"valueRequired\":true,\"valueName\":\"search_term_string\"}}],\"inLanguage\":\"fr-FR\"},{\"@type\":\"Organization\",\"@id\":\"https:\/\/abellanaplus.com\/fr\/#organization\",\"name\":\"Abellana Plus\",\"url\":\"https:\/\/abellanaplus.com\/fr\/\",\"logo\":{\"@type\":\"ImageObject\",\"inLanguage\":\"fr-FR\",\"@id\":\"https:\/\/abellanaplus.com\/fr\/#\/schema\/logo\/image\/\",\"url\":\"https:\/\/abellanaplus.com\/wp-content\/uploads\/2019\/07\/logo.png\",\"contentUrl\":\"https:\/\/abellanaplus.com\/wp-content\/uploads\/2019\/07\/logo.png\",\"width\":350,\"height\":364,\"caption\":\"Abellana Plus\"},\"image\":{\"@id\":\"https:\/\/abellanaplus.com\/fr\/#\/schema\/logo\/image\/\"}}]}<\/script>\n<!-- \/ Yoast SEO plugin. -->","yoast_head_json":{"title":"Abellana Plus \u2013 your guide to multilingual environment! | Translation Services","description":"Nous menons notre activit\u00e9 dans l'Union europ\u00e9enne et en Am\u00e9rique du Nord. Notre soci\u00e9t\u00e9 est une \u00e9quipe hautement qualifi\u00e9e et motiv\u00e9e qui m\u00e8ne \u00e0 bien plusieurs projets multilingues dans diff\u00e9rents domaines.","robots":{"index":"index","follow":"follow","max-snippet":"max-snippet:-1","max-image-preview":"max-image-preview:large","max-video-preview":"max-video-preview:-1"},"canonical":"https:\/\/abellanaplus.com\/fr\/","twitter_misc":{"Dur\u00e9e de lecture estim\u00e9e":"4 minutes"},"schema":{"@context":"https:\/\/schema.org","@graph":[{"@type":"WebPage","@id":"https:\/\/abellanaplus.com\/fr\/","url":"https:\/\/abellanaplus.com\/fr\/","name":"Abellana Plus \u2013 your guide to multilingual environment! | Translation Services","isPartOf":{"@id":"https:\/\/abellanaplus.com\/fr\/#website"},"datePublished":"2018-10-08T11:46:50+00:00","dateModified":"2019-07-16T09:29:22+00:00","description":"Nous menons notre activit\u00e9 dans l'Union europ\u00e9enne et en Am\u00e9rique du Nord. Notre soci\u00e9t\u00e9 est une \u00e9quipe hautement qualifi\u00e9e et motiv\u00e9e qui m\u00e8ne \u00e0 bien plusieurs projets multilingues dans diff\u00e9rents domaines.","breadcrumb":{"@id":"https:\/\/abellanaplus.com\/fr\/#breadcrumb"},"inLanguage":"fr-FR","potentialAction":[{"@type":"ReadAction","target":["https:\/\/abellanaplus.com\/fr\/"]}]},{"@type":"BreadcrumbList","@id":"https:\/\/abellanaplus.com\/fr\/#breadcrumb","itemListElement":[{"@type":"ListItem","position":1,"name":"Home","item":"https:\/\/abellanaplus.com\/fr\/"},{"@type":"ListItem","position":2,"name":"\u00c0 propos de nous"}]},{"@type":"WebSite","@id":"https:\/\/abellanaplus.com\/fr\/#website","url":"https:\/\/abellanaplus.com\/fr\/","name":"Abellana Plus \u2013 your guide to multilingual environment! | Translation Services","description":"","publisher":{"@id":"https:\/\/abellanaplus.com\/fr\/#organization"},"potentialAction":[{"@type":"SearchAction","target":{"@type":"EntryPoint","urlTemplate":"https:\/\/abellanaplus.com\/fr\/?s={search_term_string}"},"query-input":{"@type":"PropertyValueSpecification","valueRequired":true,"valueName":"search_term_string"}}],"inLanguage":"fr-FR"},{"@type":"Organization","@id":"https:\/\/abellanaplus.com\/fr\/#organization","name":"Abellana Plus","url":"https:\/\/abellanaplus.com\/fr\/","logo":{"@type":"ImageObject","inLanguage":"fr-FR","@id":"https:\/\/abellanaplus.com\/fr\/#\/schema\/logo\/image\/","url":"https:\/\/abellanaplus.com\/wp-content\/uploads\/2019\/07\/logo.png","contentUrl":"https:\/\/abellanaplus.com\/wp-content\/uploads\/2019\/07\/logo.png","width":350,"height":364,"caption":"Abellana Plus"},"image":{"@id":"https:\/\/abellanaplus.com\/fr\/#\/schema\/logo\/image\/"}}]}},"_links":{"self":[{"href":"https:\/\/abellanaplus.com\/fr\/wp-json\/wp\/v2\/pages\/2966"}],"collection":[{"href":"https:\/\/abellanaplus.com\/fr\/wp-json\/wp\/v2\/pages"}],"about":[{"href":"https:\/\/abellanaplus.com\/fr\/wp-json\/wp\/v2\/types\/page"}],"author":[{"embeddable":true,"href":"https:\/\/abellanaplus.com\/fr\/wp-json\/wp\/v2\/users\/2"}],"replies":[{"embeddable":true,"href":"https:\/\/abellanaplus.com\/fr\/wp-json\/wp\/v2\/comments?post=2966"}],"version-history":[{"count":9,"href":"https:\/\/abellanaplus.com\/fr\/wp-json\/wp\/v2\/pages\/2966\/revisions"}],"predecessor-version":[{"id":3794,"href":"https:\/\/abellanaplus.com\/fr\/wp-json\/wp\/v2\/pages\/2966\/revisions\/3794"}],"wp:attachment":[{"href":"https:\/\/abellanaplus.com\/fr\/wp-json\/wp\/v2\/media?parent=2966"}],"curies":[{"name":"wp","href":"https:\/\/api.w.org\/{rel}","templated":true}]}}