{"id":2978,"date":"2018-10-08T11:48:33","date_gmt":"2018-10-08T11:48:33","guid":{"rendered":"https:\/\/abellanaplus.com\/?page_id=2978"},"modified":"2019-07-15T13:17:36","modified_gmt":"2019-07-15T10:17:36","slug":"prestations-de-service","status":"publish","type":"page","link":"https:\/\/abellanaplus.com\/fr\/prestations-de-service\/","title":{"rendered":"Prestations de service"},"content":{"rendered":"\n<style type=\"text\/css\" data-created_by=\"avia_inline_auto\" id=\"style-css-av-jy48e4ff-43476605b8aa053737320b0e71a88643\">\n#top .av-special-heading.av-jy48e4ff-43476605b8aa053737320b0e71a88643{\npadding-bottom:0;\n}\nbody .av-special-heading.av-jy48e4ff-43476605b8aa053737320b0e71a88643 .av-special-heading-tag .heading-char{\nfont-size:25px;\n}\n.av-special-heading.av-jy48e4ff-43476605b8aa053737320b0e71a88643 .av-subheading{\nfont-size:15px;\n}\n<\/style>\n<div  class='av-special-heading av-jy48e4ff-43476605b8aa053737320b0e71a88643 av-special-heading-h1 blockquote modern-quote modern-centered  avia-builder-el-0  el_before_av_section  avia-builder-el-no-sibling '><h1 class='av-special-heading-tag '  itemprop=\"headline\"  >Nous fournissons des traductions dans plusieurs combinaisons de langues<\/h1><div class='av-subheading av-subheading_below'><p>en particulier dans les langues parl\u00e9es en Lettonie et dans les pays aux alentours : le letton, l\u2019estonien, le russe et le lituanien. Cependant, nous fournissons \u00e9galement des traductions dans d\u2019autres langues europ\u00e9ennes.<\/p>\n<\/div><div class=\"special-heading-border\"><div class=\"special-heading-inner-border\"><\/div><\/div><\/div>\n<\/div><\/div><\/div><!-- close content main div --><\/div><\/div><div id='av_section_1'  class='avia-section av-14r0zqa-00d1c06edfc21f6df8382e013d1a3ae2 alternate_color avia-section-small avia-shadow  avia-builder-el-1  el_after_av_heading  el_before_av_one_half  avia-bg-style-scroll container_wrap sidebar_right'  ><div class='container av-section-cont-open' ><div class='template-page content  av-content-small alpha units'><div class='post-entry post-entry-type-page post-entry-2978'><div class='entry-content-wrapper clearfix'>\n<div  class='flex_column av-137egoi-9a4f7d210b713365eb63064f328db797 av_one_fourth  avia-builder-el-2  el_before_av_one_fourth  avia-builder-el-first  first flex_column_div  '     ><style type=\"text\/css\" data-created_by=\"avia_inline_auto\" id=\"style-css-av-11ykb42-bd6ab234f27aef692260a25287bac0e3\">\n.iconbox.av-11ykb42-bd6ab234f27aef692260a25287bac0e3 .iconbox_icon{\nbackground-color:#95b045;\n}\n<\/style>\n<article  class='iconbox iconbox_top av-11ykb42-bd6ab234f27aef692260a25287bac0e3  avia-builder-el-3  avia-builder-el-no-sibling  main_color'  itemscope=\"itemscope\" itemtype=\"https:\/\/schema.org\/CreativeWork\" ><div class=\"iconbox_content\"><header class=\"entry-content-header\" aria-label=\"Icon: Traduction\"><div class=\"iconbox_icon heading-color\" aria-hidden='true' data-av_icon='\ue837' data-av_iconfont='entypo-fontello'><\/div><h3 class='iconbox_content_title '  itemprop=\"headline\" >Traduction<\/h3><\/header><div class='iconbox_content_container '  itemprop=\"text\" ><p><br class=\"avia-permanent-lb\" \/><\/p>\n<\/div><\/div><footer class=\"entry-footer\"><\/footer><\/article><\/div><div  class='flex_column av-zl9qzm-f9a78d6f1e88d1e7990da892ae4496c6 av_one_fourth  avia-builder-el-4  el_after_av_one_fourth  el_before_av_one_fourth  flex_column_div  '     ><style type=\"text\/css\" data-created_by=\"avia_inline_auto\" id=\"style-css-av-3c3mg2-0ce703c08a0a9acdaf923c33220f47e1\">\n.iconbox.av-3c3mg2-0ce703c08a0a9acdaf923c33220f47e1 .iconbox_icon{\nbackground-color:#95b045;\n}\n<\/style>\n<article  class='iconbox iconbox_top av-3c3mg2-0ce703c08a0a9acdaf923c33220f47e1  avia-builder-el-5  avia-builder-el-no-sibling  main_color'  itemscope=\"itemscope\" itemtype=\"https:\/\/schema.org\/CreativeWork\" ><div class=\"iconbox_content\"><header class=\"entry-content-header\" aria-label=\"Icon: Localisation\"><div class=\"iconbox_icon heading-color\" aria-hidden='true' data-av_icon='\ue8b1' data-av_iconfont='entypo-fontello'><\/div><h3 class='iconbox_content_title '  itemprop=\"headline\" >Localisation<\/h3><\/header><div class='iconbox_content_container '  itemprop=\"text\" ><p><br class=\"avia-permanent-lb\" \/><\/p>\n<\/div><\/div><footer class=\"entry-footer\"><\/footer><\/article><\/div><div  class='flex_column av-w3hpqa-ee94a8f582c424b3c68b2120a247e39d av_one_fourth  avia-builder-el-6  el_after_av_one_fourth  el_before_av_one_fourth  flex_column_div  '     ><style type=\"text\/css\" data-created_by=\"avia_inline_auto\" id=\"style-css-av-uotq5e-62488d5a1ccfcf4b0f7e225e2ca5b2a0\">\n.iconbox.av-uotq5e-62488d5a1ccfcf4b0f7e225e2ca5b2a0 .iconbox_icon{\nbackground-color:#95b045;\n}\n<\/style>\n<article  class='iconbox iconbox_top av-uotq5e-62488d5a1ccfcf4b0f7e225e2ca5b2a0  avia-builder-el-7  avia-builder-el-no-sibling  main_color'  itemscope=\"itemscope\" itemtype=\"https:\/\/schema.org\/CreativeWork\" ><div class=\"iconbox_content\"><header class=\"entry-content-header\" aria-label=\"Icon: Relecture\"><div class=\"iconbox_icon heading-color\" aria-hidden='true' data-av_icon='\ue838' data-av_iconfont='entypo-fontello'><\/div><h3 class='iconbox_content_title '  itemprop=\"headline\" >Relecture<\/h3><\/header><div class='iconbox_content_container '  itemprop=\"text\" ><p><br class=\"avia-permanent-lb\" \/><\/p>\n<\/div><\/div><footer class=\"entry-footer\"><\/footer><\/article><\/div><div  class='flex_column av-2w9a1e-5c5e7b244c51494fede0d89c986250bf av_one_fourth  avia-builder-el-8  el_after_av_one_fourth  el_before_av_textblock  flex_column_div  '     ><style type=\"text\/css\" data-created_by=\"avia_inline_auto\" id=\"style-css-av-r35qb6-ef1028d751026338413e8696d44684fd\">\n.iconbox.av-r35qb6-ef1028d751026338413e8696d44684fd .iconbox_icon{\nbackground-color:#95b045;\n}\n<\/style>\n<article  class='iconbox iconbox_top av-r35qb6-ef1028d751026338413e8696d44684fd  avia-builder-el-9  avia-builder-el-no-sibling  main_color'  itemscope=\"itemscope\" itemtype=\"https:\/\/schema.org\/CreativeWork\" ><div class=\"iconbox_content\"><header class=\"entry-content-header\" aria-label=\"Icon: Adaptation de la mise en page et des graphiques\"><div class=\"iconbox_icon heading-color\" aria-hidden='true' data-av_icon='\ue84d' data-av_iconfont='entypo-fontello'><\/div><h3 class='iconbox_content_title '  itemprop=\"headline\" >Adaptation de la mise en page et des graphiques<\/h3><\/header><div class='iconbox_content_container '  itemprop=\"text\" ><\/div><\/div><footer class=\"entry-footer\"><\/footer><\/article><\/div><section  class='av_textblock_section av-jxxg4ejd-d5d7c301f44f341e167b3b2a64a78727 '   itemscope=\"itemscope\" itemtype=\"https:\/\/schema.org\/CreativeWork\" ><div class='avia_textblock'  itemprop=\"text\" ><p><br class=\"avia-permanent-lb\" \/><\/p>\n<p style=\"text-align: center;\">Les services fournis dans tous les domaines visent principalement \u00e0 satisfaire les besoins des clients. Les services de traduction ne constituent pas une exception, compte tenu en particulier de la nature globale du march\u00e9 moderne et du souhait des entit\u00e9s commerciales de s\u2019y int\u00e9grer. En tant que prestataire de services linguistiques, notre objectif est de r\u00e9aliser les t\u00e2ches et de r\u00e9soudre les probl\u00e8mes, en liaison avec la communication du produit client sur le march\u00e9 mondial que le client nous a d\u00e9finis.<\/p>\n<\/div><\/section>\n<\/div><\/div><\/div><!-- close content main div --><\/div><\/div><div id='after_section_1'  class='main_color av_default_container_wrap container_wrap sidebar_right'  ><div class='container av-section-cont-open' ><div class='template-page content  av-content-small alpha units'><div class='post-entry post-entry-type-page post-entry-2978'><div class='entry-content-wrapper clearfix'>\n<div  class='flex_column av-p5aigy-d751ffb452a1bb6c844d196fe3a50d6b av_one_half  avia-builder-el-11  el_after_av_section  el_before_av_one_half  avia-builder-el-first  first flex_column_div  '     ><p>\n<style type=\"text\/css\" data-created_by=\"avia_inline_auto\" id=\"style-css-av-2nbcj6-3c8a1572863ba6033841303547a3899e\">\n#top .av-special-heading.av-2nbcj6-3c8a1572863ba6033841303547a3899e{\npadding-bottom:0;\n}\nbody .av-special-heading.av-2nbcj6-3c8a1572863ba6033841303547a3899e .av-special-heading-tag .heading-char{\nfont-size:25px;\n}\n.av-special-heading.av-2nbcj6-3c8a1572863ba6033841303547a3899e .av-subheading{\nfont-size:15px;\n}\n<\/style>\n<div  class='av-special-heading av-2nbcj6-3c8a1572863ba6033841303547a3899e av-special-heading-h3 blockquote modern-quote  avia-builder-el-12  el_before_av_hr  avia-builder-el-first '><h3 class='av-special-heading-tag '  itemprop=\"headline\"  >Veuillez consulter notre liste compl\u00e8te des combinaisons de langues disponibles ou contactez-nous et nous ferons de notre mieux pour r\u00e9pondre \u00e0 vos besoins car notre base de donn\u00e9es de prestataires est en constante expansion.<\/h3><div class=\"special-heading-border\"><div class=\"special-heading-inner-border\"><\/div><\/div><\/div><br \/>\n<div  class='hr av-mdy4gy-0c817dd583d7756098b4a2098f5fe5de hr-default  avia-builder-el-13  el_after_av_heading  el_before_av_textblock '><span class='hr-inner '><span class=\"hr-inner-style\"><\/span><\/span><\/div><br \/>\n<section  class='av_textblock_section av-23tegy-4044076c1f8eccdb8f12fd4c8634cd3b '   itemscope=\"itemscope\" itemtype=\"https:\/\/schema.org\/CreativeWork\" ><div class='avia_textblock'  itemprop=\"text\" ><p><strong>LES 5 MEILLEURES RAISONS DE NOUS CHOISIR :<\/strong><\/p>\n<ul>\n<li>Une qualit\u00e9 parfaite \u00e0 un prix raisonnable<\/li>\n<li>Une approche individuelle<\/li>\n<li>Des livraisons ponctuelles selon vos exigences<\/li>\n<li>Des d\u00e9lais rapides<\/li>\n<li>Un service amical et un sens des responsabilit\u00e9s<\/li>\n<\/ul>\n<\/div><\/section><br \/>\n<div  class='hr av-mdy4gy-0c817dd583d7756098b4a2098f5fe5de hr-default  avia-builder-el-15  el_after_av_textblock  el_before_av_textblock '><span class='hr-inner '><span class=\"hr-inner-style\"><\/span><\/span><\/div><br \/>\n<section  class='av_textblock_section av-23tegy-4044076c1f8eccdb8f12fd4c8634cd3b '   itemscope=\"itemscope\" itemtype=\"https:\/\/schema.org\/CreativeWork\" ><div class='avia_textblock'  itemprop=\"text\" ><p>Nous proposons des traductions dans plusieurs combinaisons de langues europ\u00e9ennes et offrons la meilleure solution au d\u00e9fi \u00ab qualit\u00e9-prix-rapidit\u00e9 \u00bb.<\/p>\n<\/div><\/section><br \/>\n<div  class='hr av-1zbd4y-cfbb20e81b77dce800fd8b75a6b39492 hr-default  avia-builder-el-17  el_after_av_textblock  el_before_av_textblock '><span class='hr-inner '><span class=\"hr-inner-style\"><\/span><\/span><\/div><br \/>\n<section  class='av_textblock_section av-1q95b6-1e83cd4a5965ac30ed22bad9e27eead8 '   itemscope=\"itemscope\" itemtype=\"https:\/\/schema.org\/CreativeWork\" ><div class='avia_textblock'  itemprop=\"text\" ><p>Nous sommes flexibles avec les d\u00e9lais, les domaines et acceptons volontiers des projets de toute taille.<\/p>\n<\/div><\/section><br \/>\n<div  class='hr av-fdzoz6-46fbd7dbde10c96cd4a15850a39c616d hr-default  avia-builder-el-19  el_after_av_textblock  el_before_av_textblock '><span class='hr-inner '><span class=\"hr-inner-style\"><\/span><\/span><\/div><br \/>\n<section  class='av_textblock_section av-eddqzm-35d3a7c3374119d70d79d00f51a925c2 '   itemscope=\"itemscope\" itemtype=\"https:\/\/schema.org\/CreativeWork\" ><div class='avia_textblock'  itemprop=\"text\" ><p>Dans notre travail, nous combinons les technologies modernes avec une approche cr\u00e9ative afin d&rsquo;obtenir le meilleur r\u00e9sultat final.<\/p>\n<\/div><\/section><\/p><\/div>\n<div  class='flex_column av-co4o9u-e5ec130e41a106cb243676d3375bd922 av_one_half  avia-builder-el-21  el_after_av_one_half  el_before_av_hr  flex_column_div  '     ><form action=\"https:\/\/abellanaplus.com\/fr\/prestations-de-service\/\" method=\"post\" data-fields-with-error=\"Erreurs trouv\u00e9es dans les champs suivants :\" class=\"avia_ajax_form av-form-labels-visible   avia-builder-el-22  avia-builder-el-no-sibling   \" data-avia-form-id=\"1\" data-avia-redirect='' ><h3 class=''> <\/h3><fieldset><p class='  first_form  form_element form_fullwidth' id='element_avia_1_1'><label for=\"avia_1_1\">Nom <abbr class=\"required\" title=\"requis(e)\">*<\/abbr><\/label> <input name=\"avia_1_1\" class=\"text_input is_empty\" type=\"text\" id=\"avia_1_1\" value=\"\" \/><\/p><p class='  first_form  form_element form_fullwidth' id='element_avia_2_1'><label for=\"avia_2_1\">E-mail <abbr class=\"required\" title=\"requis(e)\">*<\/abbr><\/label> <input name=\"avia_2_1\" class=\"text_input is_email\" type=\"text\" id=\"avia_2_1\" value=\"\" \/><\/p><p class='  first_form  form_element form_fullwidth' id='element_avia_3_1'><label for=\"avia_3_1\">Sujet <abbr class=\"required\" title=\"requis(e)\">*<\/abbr><\/label> <input name=\"avia_3_1\" class=\"text_input is_empty\" type=\"text\" id=\"avia_3_1\" value=\"\" \/><\/p><p class='  first_form  form_element form_fullwidth' id='element_avia_4_1'><label for=\"avia_4_1\" class=\"textare_label hidden textare_label_avia_4_1\">Message <abbr class=\"required\" title=\"requis(e)\">*<\/abbr><\/label><textarea  name=\"avia_4_1\" class=\"text_area is_empty\" cols=\"40\" rows=\"7\" id=\"avia_4_1\" ><\/textarea><\/p><p class=\"hidden\"><input type=\"text\" name=\"avia_5_1\" class=\"hidden \" id=\"avia_5_1\" value=\"\" \/><\/p><p class='   form_element form_fullwidth' id='element_avia_6_1'><span class='value_verifier_label'>4 + 4 = ?<\/span><input name=\"avia_6_1_verifier\" type=\"hidden\" id=\"avia_6_1_verifier\" value=\"725437368\"\/><label for=\"avia_6_1\">Merci de prouver que vous \u00eates un humain en donnant le r\u00e9sultat de cette op\u00e9ration <abbr class=\"required\" title=\"requis(e)\">*<\/abbr><\/label><input name=\"avia_6_1\" class=\"text_input captcha\" type=\"text\" id=\"avia_6_1\" value=\"\"\/><\/p><p class=\"form_element \"><input type=\"hidden\" value=\"1\" name=\"avia_generated_form1\" \/><input type=\"submit\" value=\"Envoyer\" class=\"button\"  data-sending-label=\"Envoi\"\/><\/p><\/fieldset><\/form><div id=\"ajaxresponse_1\" class=\"ajaxresponse ajaxresponse_1 hidden\"><\/div><\/div>\n<div  class='hr av-3awbsy-359e19209b4f90889649917bf467bbe0 hr-default  avia-builder-el-23  el_after_av_one_half  avia-builder-el-last '><span class='hr-inner '><span class=\"hr-inner-style\"><\/span><\/span><\/div>\n","protected":false},"excerpt":{"rendered":"","protected":false},"author":2,"featured_media":0,"parent":0,"menu_order":200,"comment_status":"closed","ping_status":"closed","template":"","meta":{"footnotes":""},"class_list":["post-2978","page","type-page","status-publish","hentry"],"yoast_head":"<!-- This site is optimized with the Yoast SEO plugin v23.4 - https:\/\/yoast.com\/wordpress\/plugins\/seo\/ -->\n<title>Prestations de service | Abellana Plus \u2013 your guide to multilingual environment! | Translation Services<\/title>\n<meta name=\"robots\" content=\"index, follow, max-snippet:-1, max-image-preview:large, max-video-preview:-1\" \/>\n<link rel=\"canonical\" href=\"https:\/\/abellanaplus.com\/fr\/prestations-de-service\/\" \/>\n<meta name=\"twitter:label1\" content=\"Dur\u00e9e de lecture estim\u00e9e\" \/>\n\t<meta name=\"twitter:data1\" content=\"6 minutes\" \/>\n<script type=\"application\/ld+json\" class=\"yoast-schema-graph\">{\"@context\":\"https:\/\/schema.org\",\"@graph\":[{\"@type\":\"WebPage\",\"@id\":\"https:\/\/abellanaplus.com\/fr\/prestations-de-service\/\",\"url\":\"https:\/\/abellanaplus.com\/fr\/prestations-de-service\/\",\"name\":\"Prestations de service | Abellana Plus \u2013 your guide to multilingual environment! | Translation Services\",\"isPartOf\":{\"@id\":\"https:\/\/abellanaplus.com\/fr\/#website\"},\"datePublished\":\"2018-10-08T11:48:33+00:00\",\"dateModified\":\"2019-07-15T10:17:36+00:00\",\"breadcrumb\":{\"@id\":\"https:\/\/abellanaplus.com\/fr\/prestations-de-service\/#breadcrumb\"},\"inLanguage\":\"fr-FR\",\"potentialAction\":[{\"@type\":\"ReadAction\",\"target\":[\"https:\/\/abellanaplus.com\/fr\/prestations-de-service\/\"]}]},{\"@type\":\"BreadcrumbList\",\"@id\":\"https:\/\/abellanaplus.com\/fr\/prestations-de-service\/#breadcrumb\",\"itemListElement\":[{\"@type\":\"ListItem\",\"position\":1,\"name\":\"Home\",\"item\":\"https:\/\/abellanaplus.com\/fr\/\"},{\"@type\":\"ListItem\",\"position\":2,\"name\":\"Prestations de service\"}]},{\"@type\":\"WebSite\",\"@id\":\"https:\/\/abellanaplus.com\/fr\/#website\",\"url\":\"https:\/\/abellanaplus.com\/fr\/\",\"name\":\"Abellana Plus \u2013 your guide to multilingual environment! | Translation Services\",\"description\":\"\",\"publisher\":{\"@id\":\"https:\/\/abellanaplus.com\/fr\/#organization\"},\"potentialAction\":[{\"@type\":\"SearchAction\",\"target\":{\"@type\":\"EntryPoint\",\"urlTemplate\":\"https:\/\/abellanaplus.com\/fr\/?s={search_term_string}\"},\"query-input\":{\"@type\":\"PropertyValueSpecification\",\"valueRequired\":true,\"valueName\":\"search_term_string\"}}],\"inLanguage\":\"fr-FR\"},{\"@type\":\"Organization\",\"@id\":\"https:\/\/abellanaplus.com\/fr\/#organization\",\"name\":\"Abellana Plus\",\"url\":\"https:\/\/abellanaplus.com\/fr\/\",\"logo\":{\"@type\":\"ImageObject\",\"inLanguage\":\"fr-FR\",\"@id\":\"https:\/\/abellanaplus.com\/fr\/#\/schema\/logo\/image\/\",\"url\":\"https:\/\/abellanaplus.com\/wp-content\/uploads\/2019\/07\/logo.png\",\"contentUrl\":\"https:\/\/abellanaplus.com\/wp-content\/uploads\/2019\/07\/logo.png\",\"width\":350,\"height\":364,\"caption\":\"Abellana Plus\"},\"image\":{\"@id\":\"https:\/\/abellanaplus.com\/fr\/#\/schema\/logo\/image\/\"}}]}<\/script>\n<!-- \/ Yoast SEO plugin. -->","yoast_head_json":{"title":"Prestations de service | Abellana Plus \u2013 your guide to multilingual environment! | Translation Services","robots":{"index":"index","follow":"follow","max-snippet":"max-snippet:-1","max-image-preview":"max-image-preview:large","max-video-preview":"max-video-preview:-1"},"canonical":"https:\/\/abellanaplus.com\/fr\/prestations-de-service\/","twitter_misc":{"Dur\u00e9e de lecture estim\u00e9e":"6 minutes"},"schema":{"@context":"https:\/\/schema.org","@graph":[{"@type":"WebPage","@id":"https:\/\/abellanaplus.com\/fr\/prestations-de-service\/","url":"https:\/\/abellanaplus.com\/fr\/prestations-de-service\/","name":"Prestations de service | Abellana Plus \u2013 your guide to multilingual environment! | Translation Services","isPartOf":{"@id":"https:\/\/abellanaplus.com\/fr\/#website"},"datePublished":"2018-10-08T11:48:33+00:00","dateModified":"2019-07-15T10:17:36+00:00","breadcrumb":{"@id":"https:\/\/abellanaplus.com\/fr\/prestations-de-service\/#breadcrumb"},"inLanguage":"fr-FR","potentialAction":[{"@type":"ReadAction","target":["https:\/\/abellanaplus.com\/fr\/prestations-de-service\/"]}]},{"@type":"BreadcrumbList","@id":"https:\/\/abellanaplus.com\/fr\/prestations-de-service\/#breadcrumb","itemListElement":[{"@type":"ListItem","position":1,"name":"Home","item":"https:\/\/abellanaplus.com\/fr\/"},{"@type":"ListItem","position":2,"name":"Prestations de service"}]},{"@type":"WebSite","@id":"https:\/\/abellanaplus.com\/fr\/#website","url":"https:\/\/abellanaplus.com\/fr\/","name":"Abellana Plus \u2013 your guide to multilingual environment! | Translation Services","description":"","publisher":{"@id":"https:\/\/abellanaplus.com\/fr\/#organization"},"potentialAction":[{"@type":"SearchAction","target":{"@type":"EntryPoint","urlTemplate":"https:\/\/abellanaplus.com\/fr\/?s={search_term_string}"},"query-input":{"@type":"PropertyValueSpecification","valueRequired":true,"valueName":"search_term_string"}}],"inLanguage":"fr-FR"},{"@type":"Organization","@id":"https:\/\/abellanaplus.com\/fr\/#organization","name":"Abellana Plus","url":"https:\/\/abellanaplus.com\/fr\/","logo":{"@type":"ImageObject","inLanguage":"fr-FR","@id":"https:\/\/abellanaplus.com\/fr\/#\/schema\/logo\/image\/","url":"https:\/\/abellanaplus.com\/wp-content\/uploads\/2019\/07\/logo.png","contentUrl":"https:\/\/abellanaplus.com\/wp-content\/uploads\/2019\/07\/logo.png","width":350,"height":364,"caption":"Abellana Plus"},"image":{"@id":"https:\/\/abellanaplus.com\/fr\/#\/schema\/logo\/image\/"}}]}},"_links":{"self":[{"href":"https:\/\/abellanaplus.com\/fr\/wp-json\/wp\/v2\/pages\/2978"}],"collection":[{"href":"https:\/\/abellanaplus.com\/fr\/wp-json\/wp\/v2\/pages"}],"about":[{"href":"https:\/\/abellanaplus.com\/fr\/wp-json\/wp\/v2\/types\/page"}],"author":[{"embeddable":true,"href":"https:\/\/abellanaplus.com\/fr\/wp-json\/wp\/v2\/users\/2"}],"replies":[{"embeddable":true,"href":"https:\/\/abellanaplus.com\/fr\/wp-json\/wp\/v2\/comments?post=2978"}],"version-history":[{"count":2,"href":"https:\/\/abellanaplus.com\/fr\/wp-json\/wp\/v2\/pages\/2978\/revisions"}],"predecessor-version":[{"id":3952,"href":"https:\/\/abellanaplus.com\/fr\/wp-json\/wp\/v2\/pages\/2978\/revisions\/3952"}],"wp:attachment":[{"href":"https:\/\/abellanaplus.com\/fr\/wp-json\/wp\/v2\/media?parent=2978"}],"curies":[{"name":"wp","href":"https:\/\/api.w.org\/{rel}","templated":true}]}}