{"id":2991,"date":"2018-09-28T16:42:00","date_gmt":"2018-09-28T16:42:00","guid":{"rendered":"https:\/\/abellanaplus.com\/?page_id=2991"},"modified":"2019-07-10T16:28:09","modified_gmt":"2019-07-10T16:28:09","slug":"localisation","status":"publish","type":"page","link":"https:\/\/abellanaplus.com\/fr\/prestations-de-service\/localisation\/","title":{"rendered":"Localisation"},"content":{"rendered":"<section  class='av_textblock_section av-jxxgdi3n-aa378aaf9d1f308359fd55e2882ddadf '   itemscope=\"itemscope\" itemtype=\"https:\/\/schema.org\/CreativeWork\" ><div class='avia_textblock'  itemprop=\"text\" ><p><strong>La localisation est le processus de traduction de logiciels, de jeux vid\u00e9o, de jeux pour PC, de sites Web, etc. dans diff\u00e9rentes langues ou d&rsquo;adaptation culturelle de la langue pour un pays ou une r\u00e9gion sp\u00e9cifique. Cela implique une connaissance compl\u00e8te de la culture cible afin d&rsquo;adapter correctement le produit aux besoins locaux<\/strong>.<\/p>\n<p>Cela comprend la grammaire et l&rsquo;orthographe d&rsquo;une langue particuli\u00e8re, l&rsquo;adaptation de graphiques, l&rsquo;adoption de devises locales, des formats appropri\u00e9s pour les dates, les adresses et les num\u00e9ros de t\u00e9l\u00e9phone, etc.<\/p>\n<p>Nous avons une grande exp\u00e9rience et offrons nos services de localisation pour les logiciels, les sites Web, les manuels techniques, le mat\u00e9riel de marketing et d&rsquo;autres produits et services.<\/p>\n<p>Veuillez <a href=\"https:\/\/abellanaplus.com\/fr\/contactez-nous\/\">nous contacter<\/a> pour plus d&rsquo;informations sur les options de localisation.<\/p>\n<\/div><\/section>\n","protected":false},"excerpt":{"rendered":"","protected":false},"author":2,"featured_media":0,"parent":2978,"menu_order":220,"comment_status":"closed","ping_status":"closed","template":"","meta":{"footnotes":""},"class_list":["post-2991","page","type-page","status-publish","hentry"],"yoast_head":"<!-- This site is optimized with the Yoast SEO plugin v23.4 - https:\/\/yoast.com\/wordpress\/plugins\/seo\/ -->\n<title>Localisation | Abellana Plus \u2013 your guide to multilingual environment! | Translation Services<\/title>\n<meta name=\"robots\" content=\"index, follow, max-snippet:-1, max-image-preview:large, max-video-preview:-1\" \/>\n<link rel=\"canonical\" href=\"https:\/\/abellanaplus.com\/fr\/prestations-de-service\/localisation\/\" \/>\n<meta name=\"twitter:label1\" content=\"Dur\u00e9e de lecture estim\u00e9e\" \/>\n\t<meta name=\"twitter:data1\" content=\"1 minute\" \/>\n<script type=\"application\/ld+json\" class=\"yoast-schema-graph\">{\"@context\":\"https:\/\/schema.org\",\"@graph\":[{\"@type\":\"WebPage\",\"@id\":\"https:\/\/abellanaplus.com\/fr\/prestations-de-service\/localisation\/\",\"url\":\"https:\/\/abellanaplus.com\/fr\/prestations-de-service\/localisation\/\",\"name\":\"Localisation | Abellana Plus \u2013 your guide to multilingual environment! | Translation Services\",\"isPartOf\":{\"@id\":\"https:\/\/abellanaplus.com\/fr\/#website\"},\"datePublished\":\"2018-09-28T16:42:00+00:00\",\"dateModified\":\"2019-07-10T16:28:09+00:00\",\"breadcrumb\":{\"@id\":\"https:\/\/abellanaplus.com\/fr\/prestations-de-service\/localisation\/#breadcrumb\"},\"inLanguage\":\"fr-FR\",\"potentialAction\":[{\"@type\":\"ReadAction\",\"target\":[\"https:\/\/abellanaplus.com\/fr\/prestations-de-service\/localisation\/\"]}]},{\"@type\":\"BreadcrumbList\",\"@id\":\"https:\/\/abellanaplus.com\/fr\/prestations-de-service\/localisation\/#breadcrumb\",\"itemListElement\":[{\"@type\":\"ListItem\",\"position\":1,\"name\":\"Home\",\"item\":\"https:\/\/abellanaplus.com\/fr\/\"},{\"@type\":\"ListItem\",\"position\":2,\"name\":\"Prestations de service\",\"item\":\"https:\/\/abellanaplus.com\/fr\/services\/\"},{\"@type\":\"ListItem\",\"position\":3,\"name\":\"Localisation\"}]},{\"@type\":\"WebSite\",\"@id\":\"https:\/\/abellanaplus.com\/fr\/#website\",\"url\":\"https:\/\/abellanaplus.com\/fr\/\",\"name\":\"Abellana Plus \u2013 your guide to multilingual environment! | Translation Services\",\"description\":\"\",\"publisher\":{\"@id\":\"https:\/\/abellanaplus.com\/fr\/#organization\"},\"potentialAction\":[{\"@type\":\"SearchAction\",\"target\":{\"@type\":\"EntryPoint\",\"urlTemplate\":\"https:\/\/abellanaplus.com\/fr\/?s={search_term_string}\"},\"query-input\":{\"@type\":\"PropertyValueSpecification\",\"valueRequired\":true,\"valueName\":\"search_term_string\"}}],\"inLanguage\":\"fr-FR\"},{\"@type\":\"Organization\",\"@id\":\"https:\/\/abellanaplus.com\/fr\/#organization\",\"name\":\"Abellana Plus\",\"url\":\"https:\/\/abellanaplus.com\/fr\/\",\"logo\":{\"@type\":\"ImageObject\",\"inLanguage\":\"fr-FR\",\"@id\":\"https:\/\/abellanaplus.com\/fr\/#\/schema\/logo\/image\/\",\"url\":\"https:\/\/abellanaplus.com\/wp-content\/uploads\/2019\/07\/logo.png\",\"contentUrl\":\"https:\/\/abellanaplus.com\/wp-content\/uploads\/2019\/07\/logo.png\",\"width\":350,\"height\":364,\"caption\":\"Abellana Plus\"},\"image\":{\"@id\":\"https:\/\/abellanaplus.com\/fr\/#\/schema\/logo\/image\/\"}}]}<\/script>\n<!-- \/ Yoast SEO plugin. -->","yoast_head_json":{"title":"Localisation | Abellana Plus \u2013 your guide to multilingual environment! | Translation Services","robots":{"index":"index","follow":"follow","max-snippet":"max-snippet:-1","max-image-preview":"max-image-preview:large","max-video-preview":"max-video-preview:-1"},"canonical":"https:\/\/abellanaplus.com\/fr\/prestations-de-service\/localisation\/","twitter_misc":{"Dur\u00e9e de lecture estim\u00e9e":"1 minute"},"schema":{"@context":"https:\/\/schema.org","@graph":[{"@type":"WebPage","@id":"https:\/\/abellanaplus.com\/fr\/prestations-de-service\/localisation\/","url":"https:\/\/abellanaplus.com\/fr\/prestations-de-service\/localisation\/","name":"Localisation | Abellana Plus \u2013 your guide to multilingual environment! | Translation Services","isPartOf":{"@id":"https:\/\/abellanaplus.com\/fr\/#website"},"datePublished":"2018-09-28T16:42:00+00:00","dateModified":"2019-07-10T16:28:09+00:00","breadcrumb":{"@id":"https:\/\/abellanaplus.com\/fr\/prestations-de-service\/localisation\/#breadcrumb"},"inLanguage":"fr-FR","potentialAction":[{"@type":"ReadAction","target":["https:\/\/abellanaplus.com\/fr\/prestations-de-service\/localisation\/"]}]},{"@type":"BreadcrumbList","@id":"https:\/\/abellanaplus.com\/fr\/prestations-de-service\/localisation\/#breadcrumb","itemListElement":[{"@type":"ListItem","position":1,"name":"Home","item":"https:\/\/abellanaplus.com\/fr\/"},{"@type":"ListItem","position":2,"name":"Prestations de service","item":"https:\/\/abellanaplus.com\/fr\/services\/"},{"@type":"ListItem","position":3,"name":"Localisation"}]},{"@type":"WebSite","@id":"https:\/\/abellanaplus.com\/fr\/#website","url":"https:\/\/abellanaplus.com\/fr\/","name":"Abellana Plus \u2013 your guide to multilingual environment! | Translation Services","description":"","publisher":{"@id":"https:\/\/abellanaplus.com\/fr\/#organization"},"potentialAction":[{"@type":"SearchAction","target":{"@type":"EntryPoint","urlTemplate":"https:\/\/abellanaplus.com\/fr\/?s={search_term_string}"},"query-input":{"@type":"PropertyValueSpecification","valueRequired":true,"valueName":"search_term_string"}}],"inLanguage":"fr-FR"},{"@type":"Organization","@id":"https:\/\/abellanaplus.com\/fr\/#organization","name":"Abellana Plus","url":"https:\/\/abellanaplus.com\/fr\/","logo":{"@type":"ImageObject","inLanguage":"fr-FR","@id":"https:\/\/abellanaplus.com\/fr\/#\/schema\/logo\/image\/","url":"https:\/\/abellanaplus.com\/wp-content\/uploads\/2019\/07\/logo.png","contentUrl":"https:\/\/abellanaplus.com\/wp-content\/uploads\/2019\/07\/logo.png","width":350,"height":364,"caption":"Abellana Plus"},"image":{"@id":"https:\/\/abellanaplus.com\/fr\/#\/schema\/logo\/image\/"}}]}},"_links":{"self":[{"href":"https:\/\/abellanaplus.com\/fr\/wp-json\/wp\/v2\/pages\/2991"}],"collection":[{"href":"https:\/\/abellanaplus.com\/fr\/wp-json\/wp\/v2\/pages"}],"about":[{"href":"https:\/\/abellanaplus.com\/fr\/wp-json\/wp\/v2\/types\/page"}],"author":[{"embeddable":true,"href":"https:\/\/abellanaplus.com\/fr\/wp-json\/wp\/v2\/users\/2"}],"replies":[{"embeddable":true,"href":"https:\/\/abellanaplus.com\/fr\/wp-json\/wp\/v2\/comments?post=2991"}],"version-history":[{"count":4,"href":"https:\/\/abellanaplus.com\/fr\/wp-json\/wp\/v2\/pages\/2991\/revisions"}],"predecessor-version":[{"id":3810,"href":"https:\/\/abellanaplus.com\/fr\/wp-json\/wp\/v2\/pages\/2991\/revisions\/3810"}],"up":[{"embeddable":true,"href":"https:\/\/abellanaplus.com\/fr\/wp-json\/wp\/v2\/pages\/2978"}],"wp:attachment":[{"href":"https:\/\/abellanaplus.com\/fr\/wp-json\/wp\/v2\/media?parent=2991"}],"curies":[{"name":"wp","href":"https:\/\/api.w.org\/{rel}","templated":true}]}}