{"id":2994,"date":"2018-09-28T16:43:49","date_gmt":"2018-09-28T16:43:49","guid":{"rendered":"https:\/\/abellanaplus.com\/?page_id=2994"},"modified":"2019-07-10T16:25:40","modified_gmt":"2019-07-10T16:25:40","slug":"relecture","status":"publish","type":"page","link":"https:\/\/abellanaplus.com\/fr\/prestations-de-service\/relecture\/","title":{"rendered":"Relecture"},"content":{"rendered":"<section  class='av_textblock_section av-jxxgf1vq-6c5ffa0f70371b609acc917f137cc9cf '   itemscope=\"itemscope\" itemtype=\"https:\/\/schema.org\/CreativeWork\" ><div class='avia_textblock'  itemprop=\"text\" ><p><strong>La relecture est un processus visant \u00e0 d\u00e9tecter et corriger les erreurs lors de la traduction. Il s\u2019agit d\u2019une t\u00e2che tr\u00e8s s\u00e9rieuse et importante, hautement recommand\u00e9e pour le mat\u00e9riel destin\u00e9 \u00e0 la publication.<\/strong><\/p>\n<p>Nos services de relecture comprennent :<\/p>\n<ul>\n<li>&#8211; la correction de l&rsquo;orthographe, de la grammaire, de la ponctuation et des erreurs m\u00e9caniques ;<\/li>\n<li>&#8211; la garantie de la coh\u00e9rence de la terminologie et du style ;<\/li>\n<li>&#8211; la garantie de coh\u00e9rence de la mise en page et des polices ;<\/li>\n<li>&#8211; la conformit\u00e9 aux normes d&rsquo;utilisation d&rsquo;une langue.<\/li>\n<\/ul>\n<p>Toutes les t\u00e2ches de relecture sont effectu\u00e9es par des linguistes, locuteurs natifs de la langue cible, ce qui nous permet d&rsquo;assurer la meilleure qualit\u00e9 du produit final.<\/p>\n<p>N&rsquo;h\u00e9sitez pas \u00e0 <a href=\"https:\/\/abellanaplus.com\/fr\/contactez-nous\/\">nous contacter<\/a> si vous avez besoin de plus de d\u00e9tails sur les services de relecture que nous fournissons !<\/p>\n<\/div><\/section>\n","protected":false},"excerpt":{"rendered":"","protected":false},"author":2,"featured_media":0,"parent":2978,"menu_order":230,"comment_status":"closed","ping_status":"closed","template":"","meta":{"footnotes":""},"class_list":["post-2994","page","type-page","status-publish","hentry"],"yoast_head":"<!-- This site is optimized with the Yoast SEO plugin v23.4 - https:\/\/yoast.com\/wordpress\/plugins\/seo\/ -->\n<title>Relecture | Abellana Plus \u2013 your guide to multilingual environment! | Translation Services<\/title>\n<meta name=\"robots\" content=\"index, follow, max-snippet:-1, max-image-preview:large, max-video-preview:-1\" \/>\n<link rel=\"canonical\" href=\"https:\/\/abellanaplus.com\/fr\/prestations-de-service\/relecture\/\" \/>\n<meta name=\"twitter:label1\" content=\"Dur\u00e9e de lecture estim\u00e9e\" \/>\n\t<meta name=\"twitter:data1\" content=\"1 minute\" \/>\n<script type=\"application\/ld+json\" class=\"yoast-schema-graph\">{\"@context\":\"https:\/\/schema.org\",\"@graph\":[{\"@type\":\"WebPage\",\"@id\":\"https:\/\/abellanaplus.com\/fr\/prestations-de-service\/relecture\/\",\"url\":\"https:\/\/abellanaplus.com\/fr\/prestations-de-service\/relecture\/\",\"name\":\"Relecture | Abellana Plus \u2013 your guide to multilingual environment! | Translation Services\",\"isPartOf\":{\"@id\":\"https:\/\/abellanaplus.com\/fr\/#website\"},\"datePublished\":\"2018-09-28T16:43:49+00:00\",\"dateModified\":\"2019-07-10T16:25:40+00:00\",\"breadcrumb\":{\"@id\":\"https:\/\/abellanaplus.com\/fr\/prestations-de-service\/relecture\/#breadcrumb\"},\"inLanguage\":\"fr-FR\",\"potentialAction\":[{\"@type\":\"ReadAction\",\"target\":[\"https:\/\/abellanaplus.com\/fr\/prestations-de-service\/relecture\/\"]}]},{\"@type\":\"BreadcrumbList\",\"@id\":\"https:\/\/abellanaplus.com\/fr\/prestations-de-service\/relecture\/#breadcrumb\",\"itemListElement\":[{\"@type\":\"ListItem\",\"position\":1,\"name\":\"Home\",\"item\":\"https:\/\/abellanaplus.com\/fr\/\"},{\"@type\":\"ListItem\",\"position\":2,\"name\":\"Prestations de service\",\"item\":\"https:\/\/abellanaplus.com\/fr\/services\/\"},{\"@type\":\"ListItem\",\"position\":3,\"name\":\"Relecture\"}]},{\"@type\":\"WebSite\",\"@id\":\"https:\/\/abellanaplus.com\/fr\/#website\",\"url\":\"https:\/\/abellanaplus.com\/fr\/\",\"name\":\"Abellana Plus \u2013 your guide to multilingual environment! | Translation Services\",\"description\":\"\",\"publisher\":{\"@id\":\"https:\/\/abellanaplus.com\/fr\/#organization\"},\"potentialAction\":[{\"@type\":\"SearchAction\",\"target\":{\"@type\":\"EntryPoint\",\"urlTemplate\":\"https:\/\/abellanaplus.com\/fr\/?s={search_term_string}\"},\"query-input\":{\"@type\":\"PropertyValueSpecification\",\"valueRequired\":true,\"valueName\":\"search_term_string\"}}],\"inLanguage\":\"fr-FR\"},{\"@type\":\"Organization\",\"@id\":\"https:\/\/abellanaplus.com\/fr\/#organization\",\"name\":\"Abellana Plus\",\"url\":\"https:\/\/abellanaplus.com\/fr\/\",\"logo\":{\"@type\":\"ImageObject\",\"inLanguage\":\"fr-FR\",\"@id\":\"https:\/\/abellanaplus.com\/fr\/#\/schema\/logo\/image\/\",\"url\":\"https:\/\/abellanaplus.com\/wp-content\/uploads\/2019\/07\/logo.png\",\"contentUrl\":\"https:\/\/abellanaplus.com\/wp-content\/uploads\/2019\/07\/logo.png\",\"width\":350,\"height\":364,\"caption\":\"Abellana Plus\"},\"image\":{\"@id\":\"https:\/\/abellanaplus.com\/fr\/#\/schema\/logo\/image\/\"}}]}<\/script>\n<!-- \/ Yoast SEO plugin. -->","yoast_head_json":{"title":"Relecture | Abellana Plus \u2013 your guide to multilingual environment! | Translation Services","robots":{"index":"index","follow":"follow","max-snippet":"max-snippet:-1","max-image-preview":"max-image-preview:large","max-video-preview":"max-video-preview:-1"},"canonical":"https:\/\/abellanaplus.com\/fr\/prestations-de-service\/relecture\/","twitter_misc":{"Dur\u00e9e de lecture estim\u00e9e":"1 minute"},"schema":{"@context":"https:\/\/schema.org","@graph":[{"@type":"WebPage","@id":"https:\/\/abellanaplus.com\/fr\/prestations-de-service\/relecture\/","url":"https:\/\/abellanaplus.com\/fr\/prestations-de-service\/relecture\/","name":"Relecture | Abellana Plus \u2013 your guide to multilingual environment! | Translation Services","isPartOf":{"@id":"https:\/\/abellanaplus.com\/fr\/#website"},"datePublished":"2018-09-28T16:43:49+00:00","dateModified":"2019-07-10T16:25:40+00:00","breadcrumb":{"@id":"https:\/\/abellanaplus.com\/fr\/prestations-de-service\/relecture\/#breadcrumb"},"inLanguage":"fr-FR","potentialAction":[{"@type":"ReadAction","target":["https:\/\/abellanaplus.com\/fr\/prestations-de-service\/relecture\/"]}]},{"@type":"BreadcrumbList","@id":"https:\/\/abellanaplus.com\/fr\/prestations-de-service\/relecture\/#breadcrumb","itemListElement":[{"@type":"ListItem","position":1,"name":"Home","item":"https:\/\/abellanaplus.com\/fr\/"},{"@type":"ListItem","position":2,"name":"Prestations de service","item":"https:\/\/abellanaplus.com\/fr\/services\/"},{"@type":"ListItem","position":3,"name":"Relecture"}]},{"@type":"WebSite","@id":"https:\/\/abellanaplus.com\/fr\/#website","url":"https:\/\/abellanaplus.com\/fr\/","name":"Abellana Plus \u2013 your guide to multilingual environment! | Translation Services","description":"","publisher":{"@id":"https:\/\/abellanaplus.com\/fr\/#organization"},"potentialAction":[{"@type":"SearchAction","target":{"@type":"EntryPoint","urlTemplate":"https:\/\/abellanaplus.com\/fr\/?s={search_term_string}"},"query-input":{"@type":"PropertyValueSpecification","valueRequired":true,"valueName":"search_term_string"}}],"inLanguage":"fr-FR"},{"@type":"Organization","@id":"https:\/\/abellanaplus.com\/fr\/#organization","name":"Abellana Plus","url":"https:\/\/abellanaplus.com\/fr\/","logo":{"@type":"ImageObject","inLanguage":"fr-FR","@id":"https:\/\/abellanaplus.com\/fr\/#\/schema\/logo\/image\/","url":"https:\/\/abellanaplus.com\/wp-content\/uploads\/2019\/07\/logo.png","contentUrl":"https:\/\/abellanaplus.com\/wp-content\/uploads\/2019\/07\/logo.png","width":350,"height":364,"caption":"Abellana Plus"},"image":{"@id":"https:\/\/abellanaplus.com\/fr\/#\/schema\/logo\/image\/"}}]}},"_links":{"self":[{"href":"https:\/\/abellanaplus.com\/fr\/wp-json\/wp\/v2\/pages\/2994"}],"collection":[{"href":"https:\/\/abellanaplus.com\/fr\/wp-json\/wp\/v2\/pages"}],"about":[{"href":"https:\/\/abellanaplus.com\/fr\/wp-json\/wp\/v2\/types\/page"}],"author":[{"embeddable":true,"href":"https:\/\/abellanaplus.com\/fr\/wp-json\/wp\/v2\/users\/2"}],"replies":[{"embeddable":true,"href":"https:\/\/abellanaplus.com\/fr\/wp-json\/wp\/v2\/comments?post=2994"}],"version-history":[{"count":3,"href":"https:\/\/abellanaplus.com\/fr\/wp-json\/wp\/v2\/pages\/2994\/revisions"}],"predecessor-version":[{"id":3808,"href":"https:\/\/abellanaplus.com\/fr\/wp-json\/wp\/v2\/pages\/2994\/revisions\/3808"}],"up":[{"embeddable":true,"href":"https:\/\/abellanaplus.com\/fr\/wp-json\/wp\/v2\/pages\/2978"}],"wp:attachment":[{"href":"https:\/\/abellanaplus.com\/fr\/wp-json\/wp\/v2\/media?parent=2994"}],"curies":[{"name":"wp","href":"https:\/\/api.w.org\/{rel}","templated":true}]}}