{"id":2576,"date":"2014-02-24T08:55:30","date_gmt":"2014-02-24T08:55:30","guid":{"rendered":"https:\/\/abellanaplus.com\/?page_id=2576"},"modified":"2019-07-16T12:30:35","modified_gmt":"2019-07-16T09:30:35","slug":"par-mums","status":"publish","type":"page","link":"https:\/\/abellanaplus.com\/lv\/","title":{"rendered":"Par mums"},"content":{"rendered":"<div id='layer_slider_1'  class='avia-layerslider main_color avia-shadow  avia-builder-el-0  el_before_av_one_half  avia-builder-el-first  container_wrap sidebar_right'  style='height: 471px; max-width: 1140px; margin: 0 auto;'  ><\/div><div id='after_layer_slider_1'  class='main_color av_default_container_wrap container_wrap sidebar_right'  ><div class='container av-section-cont-open' ><div class='template-page content  av-content-small alpha units'><div class='post-entry post-entry-type-page post-entry-2576'><div class='entry-content-wrapper clearfix'>\n<div  class='flex_column av-oiwe3k-2936210e511acdee16330d31c068e6fd av_one_half  avia-builder-el-1  el_after_av_layerslider  el_before_av_one_half  avia-builder-el-first  first flex_column_div  '     ><p>\n<style type=\"text\/css\" data-created_by=\"avia_inline_auto\" id=\"style-css-av-cq3lz4-f6e1aaf3b3f2a11703169380c2fe7f2a\">\n#top .av-special-heading.av-cq3lz4-f6e1aaf3b3f2a11703169380c2fe7f2a{\npadding-bottom:10px;\n}\nbody .av-special-heading.av-cq3lz4-f6e1aaf3b3f2a11703169380c2fe7f2a .av-special-heading-tag .heading-char{\nfont-size:25px;\n}\n.av-special-heading.av-cq3lz4-f6e1aaf3b3f2a11703169380c2fe7f2a .av-subheading{\nfont-size:15px;\n}\n<\/style>\n<div  class='av-special-heading av-cq3lz4-f6e1aaf3b3f2a11703169380c2fe7f2a av-special-heading-h3 blockquote modern-quote  avia-builder-el-2  el_before_av_iconlist  avia-builder-el-first '><h3 class='av-special-heading-tag '  itemprop=\"headline\"  >M\u016bsu darb\u012bbas pamatprincipi<\/h3><div class=\"special-heading-border\"><div class=\"special-heading-inner-border\"><\/div><\/div><\/div><br \/>\n\n<style type=\"text\/css\" data-created_by=\"avia_inline_auto\" id=\"style-css-av-l4zvzk-c0efde38ecac87caa48e868e3076b8b1\">\n#top .avia-icon-list-container.av-l4zvzk-c0efde38ecac87caa48e868e3076b8b1 .iconlist_icon{\nbackground-color:#11abd6;\n}\n<\/style>\n<div  class='avia-icon-list-container av-l4zvzk-c0efde38ecac87caa48e868e3076b8b1  avia-builder-el-3  el_after_av_heading  avia-builder-el-last '><ul class='avia-icon-list avia_animate_when_almost_visible avia-icon-list-left av-iconlist-big av-l4zvzk-c0efde38ecac87caa48e868e3076b8b1 avia-iconlist-animate'>\n<li><div class='iconlist_icon av-bgfg5s-e5df5c7601876d62ae47c3562b531b61 avia-font-entypo-fontello'><span class='iconlist-char' aria-hidden='true' data-av_icon='\ue82b' data-av_iconfont='entypo-fontello'><\/span><\/div><article class=\"article-icon-entry \"  itemscope=\"itemscope\" itemtype=\"https:\/\/schema.org\/CreativeWork\" ><div class=\"iconlist_content_wrap\"><header class=\"entry-content-header\" aria-label=\"Icon: KVALIT\u0100TE\"><h4 class='av_iconlist_title iconlist_title  '  itemprop=\"headline\" >KVALIT\u0100TE<\/h4><\/header><div class='iconlist_content '  itemprop=\"text\" ><p>vis\u0101s jom\u0101s \u2013 tas ir m\u016bsu galvenais princips<\/p>\n<\/div><\/div><footer class=\"entry-footer\"><\/footer><\/article><div class=\"iconlist-timeline\"><\/div><\/li>\n<li><div class='iconlist_icon av-zaf0g-37b85ba82340e9fcdb3c0f1f1a3985fa avia-font-entypo-fontello'><span class='iconlist-char' aria-hidden='true' data-av_icon='\ue824' data-av_iconfont='entypo-fontello'><\/span><\/div><article class=\"article-icon-entry \"  itemscope=\"itemscope\" itemtype=\"https:\/\/schema.org\/CreativeWork\" ><div class=\"iconlist_content_wrap\"><header class=\"entry-content-header\" aria-label=\"Icon: KONFIDENCIALIT\u0100TE\"><h4 class='av_iconlist_title iconlist_title  '  itemprop=\"headline\" >KONFIDENCIALIT\u0100TE<\/h4><\/header><div class='iconlist_content '  itemprop=\"text\" ><p>J\u016bsu materi\u0101li un dokumenti ir m\u016bsu absol\u016bta priorit\u0101te<\/p>\n<\/div><\/div><footer class=\"entry-footer\"><\/footer><\/article><div class=\"iconlist-timeline\"><\/div><\/li>\n<li><div class='iconlist_icon av-73xvio-c067fcc139d491ec16ca29b5861c3fbc avia-font-entypo-fontello'><span class='iconlist-char' aria-hidden='true' data-av_icon='\ue8bb' data-av_iconfont='entypo-fontello'><\/span><\/div><article class=\"article-icon-entry \"  itemscope=\"itemscope\" itemtype=\"https:\/\/schema.org\/CreativeWork\" ><div class=\"iconlist_content_wrap\"><header class=\"entry-content-header\" aria-label=\"Icon: PROFESIONALIT\u0100TE\"><h4 class='av_iconlist_title iconlist_title  '  itemprop=\"headline\" >PROFESIONALIT\u0100TE<\/h4><\/header><div class='iconlist_content '  itemprop=\"text\" ><p><span lang=\"LV\">uzkr\u0101t\u0101 pieredze + zin\u0101\u0161anas par darba specifiku<\/span><\/p>\n<\/div><\/div><footer class=\"entry-footer\"><\/footer><\/article><div class=\"iconlist-timeline\"><\/div><\/li>\n<li><div class='iconlist_icon av-5mffo0-7db7672d91adb6c1048b15587249d534 avia-font-entypo-fontello'><span class='iconlist-char' aria-hidden='true' data-av_icon='\ue8a3' data-av_iconfont='entypo-fontello'><\/span><\/div><article class=\"article-icon-entry \"  itemscope=\"itemscope\" itemtype=\"https:\/\/schema.org\/CreativeWork\" ><div class=\"iconlist_content_wrap\"><header class=\"entry-content-header\" aria-label=\"Icon: PUNKTUALIT\u0100TE\"><h4 class='av_iconlist_title iconlist_title  '  itemprop=\"headline\" >PUNKTUALIT\u0100TE<\/h4><\/header><div class='iconlist_content '  itemprop=\"text\" ><p>uz\u0146\u0113m\u0113jdarb\u012bbas dv\u0113sele<\/p>\n<\/div><\/div><footer class=\"entry-footer\"><\/footer><\/article><div class=\"iconlist-timeline\"><\/div><\/li>\n<li><div class='iconlist_icon av-1nn1s-0523e0990f731b08bde8606f0d3bad52 avia-font-entypo-fontello'><span class='iconlist-char' aria-hidden='true' data-av_icon='\ue80a' data-av_iconfont='entypo-fontello'><\/span><\/div><article class=\"article-icon-entry \"  itemscope=\"itemscope\" itemtype=\"https:\/\/schema.org\/CreativeWork\" ><div class=\"iconlist_content_wrap\"><header class=\"entry-content-header\" aria-label=\"Icon: INDIVIDU\u0100LA PIEEJA\"><h4 class='av_iconlist_title iconlist_title  '  itemprop=\"headline\" >INDIVIDU\u0100LA PIEEJA<\/h4><\/header><div class='iconlist_content '  itemprop=\"text\" ><p>uzman\u012bba klientu daudzveid\u012bgaj\u0101m pras\u012bb\u0101m<\/p>\n<\/div><\/div><footer class=\"entry-footer\"><\/footer><\/article><div class=\"iconlist-timeline\"><\/div><\/li>\n<li><div class='iconlist_icon av-22miy8-1400c76aebd2087ec896dd3bc7639786 avia-font-entypo-fontello'><span class='iconlist-char' aria-hidden='true' data-av_icon='\ue894' data-av_iconfont='entypo-fontello'><\/span><\/div><article class=\"article-icon-entry \"  itemscope=\"itemscope\" itemtype=\"https:\/\/schema.org\/CreativeWork\" ><div class=\"iconlist_content_wrap\"><header class=\"entry-content-header\" aria-label=\"Icon: ELAST\u012aBA\"><h4 class='av_iconlist_title iconlist_title  '  itemprop=\"headline\" >ELAST\u012aBA<\/h4><\/header><div class='iconlist_content '  itemprop=\"text\" ><p>jebkura uzdevuma risin\u0101\u0161ana bez stereotipiem<\/p>\n<\/div><\/div><footer class=\"entry-footer\"><\/footer><\/article><div class=\"iconlist-timeline\"><\/div><\/li>\n<\/ul><\/div><\/p><\/div>\n<div  class='flex_column av-wt94w-5bf6648ebd7fba244d5a9970d07178dd av_one_half  avia-builder-el-4  el_after_av_one_half  el_before_av_promobox  flex_column_div  '     ><p>\n<style type=\"text\/css\" data-created_by=\"avia_inline_auto\" id=\"style-css-av-4r66eo-6731241b0fd3298dfc1fdc19889ef4b3\">\n#top .av-special-heading.av-4r66eo-6731241b0fd3298dfc1fdc19889ef4b3{\npadding-bottom:10px;\n}\nbody .av-special-heading.av-4r66eo-6731241b0fd3298dfc1fdc19889ef4b3 .av-special-heading-tag .heading-char{\nfont-size:25px;\n}\n.av-special-heading.av-4r66eo-6731241b0fd3298dfc1fdc19889ef4b3 .av-subheading{\nfont-size:15px;\n}\n<\/style>\n<div  class='av-special-heading av-4r66eo-6731241b0fd3298dfc1fdc19889ef4b3 av-special-heading-h3 blockquote modern-quote  avia-builder-el-5  el_before_av_heading  avia-builder-el-first '><h3 class='av-special-heading-tag '  itemprop=\"headline\"  >Viens no m\u016bsu darba galvenajiem m\u0113r\u0137iem<\/h3><div class='av-subheading av-subheading_below'><p>ir uztic\u012bgu attiec\u012bbu veido\u0161ana starp mums un m\u016bsu klientiem. M\u016bsu politika ir piln\u012bb\u0101 orient\u0113ta uz klientu. M\u0113s izmantojam elast\u012bgus risin\u0101jumus visu m\u016bsu klientu vajadz\u012bbu apmierin\u0101\u0161anai, vienlaikus nodro\u0161in\u0101m nevainojamu kvalit\u0101ti par sapr\u0101t\u012bgu cenu.<\/p>\n<\/div><div class=\"special-heading-border\"><div class=\"special-heading-inner-border\"><\/div><\/div><\/div><br \/>\n\n<style type=\"text\/css\" data-created_by=\"avia_inline_auto\" id=\"style-css-av-jy47b10e-d06a1ef79755144f6f4beaca5a8d74a6\">\n#top .av-special-heading.av-jy47b10e-d06a1ef79755144f6f4beaca5a8d74a6{\npadding-bottom:10px;\n}\nbody .av-special-heading.av-jy47b10e-d06a1ef79755144f6f4beaca5a8d74a6 .av-special-heading-tag .heading-char{\nfont-size:25px;\n}\n.av-special-heading.av-jy47b10e-d06a1ef79755144f6f4beaca5a8d74a6 .av-subheading{\nfont-size:15px;\n}\n<\/style>\n<div  class='av-special-heading av-jy47b10e-d06a1ef79755144f6f4beaca5a8d74a6 av-special-heading-h3 blockquote modern-quote  avia-builder-el-6  el_after_av_heading  el_before_av_heading '><h3 class='av-special-heading-tag '  itemprop=\"headline\"  >M\u0113s ticam pan\u0101kumiem, jo mums tam ir visi priek\u0161nosac\u012bjumi<\/h3><div class='av-subheading av-subheading_below'><p>profesion\u0101li lingvisti ar pla\u0161u pieredzi da\u017e\u0101d\u0101s jom\u0101s, kvalit\u0101tes kontroles proced\u016bra, ar ko nodro\u0161in\u0101m m\u016bsu darba augst\u0101ko kvalit\u0101ti, un svar\u012bg\u0101kais \u2013 mums ir sp\u0113c\u012bga motiv\u0101cija. M\u0113s nebaid\u0101mies no darba un vienm\u0113r str\u0101d\u0101jam, lai sasniegtu savus m\u0113r\u0137us.<\/p>\n<\/div><div class=\"special-heading-border\"><div class=\"special-heading-inner-border\"><\/div><\/div><\/div><br \/>\n\n<style type=\"text\/css\" data-created_by=\"avia_inline_auto\" id=\"style-css-av-32j6g0-70aba7e7aaa0dc0ad5fee6d38e40190d\">\n#top .av-special-heading.av-32j6g0-70aba7e7aaa0dc0ad5fee6d38e40190d{\npadding-bottom:10px;\n}\nbody .av-special-heading.av-32j6g0-70aba7e7aaa0dc0ad5fee6d38e40190d .av-special-heading-tag .heading-char{\nfont-size:25px;\n}\n.av-special-heading.av-32j6g0-70aba7e7aaa0dc0ad5fee6d38e40190d .av-subheading{\nfont-size:15px;\n}\n<\/style>\n<div  class='av-special-heading av-32j6g0-70aba7e7aaa0dc0ad5fee6d38e40190d av-special-heading-h3 blockquote modern-quote  avia-builder-el-7  el_after_av_heading  avia-builder-el-last '><h3 class='av-special-heading-tag '  itemprop=\"headline\"  >M\u016bsu komanda<\/h3><div class='av-subheading av-subheading_below'><p>ir \u013coti motiv\u0113ta izvirz\u012bto m\u0113r\u0137u sasnieg\u0161anai, un tam ir visi nepiecie\u0161amie l\u012bdzek\u013ci &#8211; ap\u0146em\u0161an\u0101s, komandas darbs, atbild\u012bba, sp\u0113ja pilnveidoties un rast risin\u0101jumus vissare\u017e\u0123\u012bt\u0101kajiem uzdevumiem. M\u0113s ne\u0161auboties sekojam iepriek\u0161 min\u0113taj\u0101m uz\u0146\u0113muma v\u0113rt\u012bb\u0101m, jo augstu v\u0113rt\u0113jam t\u0101 reput\u0101ciju. \u0160o v\u0113rt\u012bbu d\u0113\u013c m\u0113s vienm\u0113r zin\u0101m, k\u0101 mums j\u0101r\u012bkojas.<\/p>\n<p>M\u016bsu darbs nav tik vienk\u0101r\u0161s. Tom\u0113r m\u0113s vienm\u0113r to dar\u0101m ar prieku, un patie\u0161\u0101m varam to izdar\u012bt profesion\u0101li.<\/p>\n<p>N\u0101ciet pie mums, un m\u0113s J\u016bs nepievilsim!<\/p>\n<\/div><div class=\"special-heading-border\"><div class=\"special-heading-inner-border\"><\/div><\/div><\/div><\/p><\/div>\n<div  class='av_promobox av-2gozz4-444bb46f873b96d6e899adaa7d4ca316 avia-button-yes  avia-builder-el-8  el_after_av_one_half  avia-builder-el-last '><div class='avia-promocontent'><\/p>\n<h3>N\u0101ciet pie mums, un m\u0113s J\u016bs nepievilsim!<\/h3>\n<p>\n<\/div><div  class='avia-button-wrap av-2gozz4-4368fe1a3d9db8c6c3e53bd4399c94b8-wrap avia-button-right '><a href='https:\/\/abellanaplus.com\/lv\/sazinieties\/'  class='avia-button av-2gozz4-4368fe1a3d9db8c6c3e53bd4399c94b8 av-link-btn avia-icon_select-yes-left-icon avia-size-large avia-position-right avia-color-theme-color'   aria-label=\"Kontaktinform\u0101cija\"><span class='avia_button_icon avia_button_icon_left' aria-hidden='true' data-av_icon='\ue805' data-av_iconfont='entypo-fontello'><\/span><span class='avia_iconbox_title' >Kontaktinform\u0101cija<\/span><\/a><\/div><\/div>\n","protected":false},"excerpt":{"rendered":"","protected":false},"author":2,"featured_media":0,"parent":0,"menu_order":100,"comment_status":"closed","ping_status":"closed","template":"","meta":{"footnotes":""},"class_list":["post-2576","page","type-page","status-publish","hentry"],"yoast_head":"<!-- This site is optimized with the Yoast SEO plugin v23.4 - https:\/\/yoast.com\/wordpress\/plugins\/seo\/ -->\n<title>Abellana Plus \u2013 your guide to multilingual environment! | Translation Services<\/title>\n<meta name=\"description\" content=\"M\u0113s str\u0101d\u0101jam Eiropas Savien\u012bb\u0101 un Zieme\u013camerik\u0101. M\u016bsu uz\u0146\u0113mums ir augsti kvalific\u0113ta un motiv\u0113ta komanda, kas veiksm\u012bgi \u012bsteno virkni daudzvalodu projektu da\u017e\u0101d\u0101s nozar\u0113s.\" \/>\n<meta name=\"robots\" content=\"index, follow, max-snippet:-1, max-image-preview:large, max-video-preview:-1\" \/>\n<link rel=\"canonical\" href=\"https:\/\/abellanaplus.com\/lv\/\" \/>\n<meta name=\"twitter:label1\" content=\"Est. reading time\" \/>\n\t<meta name=\"twitter:data1\" content=\"5 min\u016btes\" \/>\n<script type=\"application\/ld+json\" class=\"yoast-schema-graph\">{\"@context\":\"https:\/\/schema.org\",\"@graph\":[{\"@type\":\"WebPage\",\"@id\":\"https:\/\/abellanaplus.com\/lv\/\",\"url\":\"https:\/\/abellanaplus.com\/lv\/\",\"name\":\"Abellana Plus \u2013 your guide to multilingual environment! | Translation Services\",\"isPartOf\":{\"@id\":\"https:\/\/abellanaplus.com\/lv\/#website\"},\"datePublished\":\"2014-02-24T08:55:30+00:00\",\"dateModified\":\"2019-07-16T09:30:35+00:00\",\"description\":\"M\u0113s str\u0101d\u0101jam Eiropas Savien\u012bb\u0101 un Zieme\u013camerik\u0101. M\u016bsu uz\u0146\u0113mums ir augsti kvalific\u0113ta un motiv\u0113ta komanda, kas veiksm\u012bgi \u012bsteno virkni daudzvalodu projektu da\u017e\u0101d\u0101s nozar\u0113s.\",\"breadcrumb\":{\"@id\":\"https:\/\/abellanaplus.com\/lv\/#breadcrumb\"},\"inLanguage\":\"lv-LV\",\"potentialAction\":[{\"@type\":\"ReadAction\",\"target\":[\"https:\/\/abellanaplus.com\/lv\/\"]}]},{\"@type\":\"BreadcrumbList\",\"@id\":\"https:\/\/abellanaplus.com\/lv\/#breadcrumb\",\"itemListElement\":[{\"@type\":\"ListItem\",\"position\":1,\"name\":\"Home\",\"item\":\"https:\/\/abellanaplus.com\/lv\/\"},{\"@type\":\"ListItem\",\"position\":2,\"name\":\"Par mums\"}]},{\"@type\":\"WebSite\",\"@id\":\"https:\/\/abellanaplus.com\/lv\/#website\",\"url\":\"https:\/\/abellanaplus.com\/lv\/\",\"name\":\"Abellana Plus \u2013 your guide to multilingual environment! | Translation Services\",\"description\":\"\",\"publisher\":{\"@id\":\"https:\/\/abellanaplus.com\/lv\/#organization\"},\"potentialAction\":[{\"@type\":\"SearchAction\",\"target\":{\"@type\":\"EntryPoint\",\"urlTemplate\":\"https:\/\/abellanaplus.com\/lv\/?s={search_term_string}\"},\"query-input\":{\"@type\":\"PropertyValueSpecification\",\"valueRequired\":true,\"valueName\":\"search_term_string\"}}],\"inLanguage\":\"lv-LV\"},{\"@type\":\"Organization\",\"@id\":\"https:\/\/abellanaplus.com\/lv\/#organization\",\"name\":\"Abellana Plus\",\"url\":\"https:\/\/abellanaplus.com\/lv\/\",\"logo\":{\"@type\":\"ImageObject\",\"inLanguage\":\"lv-LV\",\"@id\":\"https:\/\/abellanaplus.com\/lv\/#\/schema\/logo\/image\/\",\"url\":\"https:\/\/abellanaplus.com\/wp-content\/uploads\/2019\/07\/logo.png\",\"contentUrl\":\"https:\/\/abellanaplus.com\/wp-content\/uploads\/2019\/07\/logo.png\",\"width\":350,\"height\":364,\"caption\":\"Abellana Plus\"},\"image\":{\"@id\":\"https:\/\/abellanaplus.com\/lv\/#\/schema\/logo\/image\/\"}}]}<\/script>\n<!-- \/ Yoast SEO plugin. -->","yoast_head_json":{"title":"Abellana Plus \u2013 your guide to multilingual environment! | Translation Services","description":"M\u0113s str\u0101d\u0101jam Eiropas Savien\u012bb\u0101 un Zieme\u013camerik\u0101. M\u016bsu uz\u0146\u0113mums ir augsti kvalific\u0113ta un motiv\u0113ta komanda, kas veiksm\u012bgi \u012bsteno virkni daudzvalodu projektu da\u017e\u0101d\u0101s nozar\u0113s.","robots":{"index":"index","follow":"follow","max-snippet":"max-snippet:-1","max-image-preview":"max-image-preview:large","max-video-preview":"max-video-preview:-1"},"canonical":"https:\/\/abellanaplus.com\/lv\/","twitter_misc":{"Est. reading time":"5 min\u016btes"},"schema":{"@context":"https:\/\/schema.org","@graph":[{"@type":"WebPage","@id":"https:\/\/abellanaplus.com\/lv\/","url":"https:\/\/abellanaplus.com\/lv\/","name":"Abellana Plus \u2013 your guide to multilingual environment! | Translation Services","isPartOf":{"@id":"https:\/\/abellanaplus.com\/lv\/#website"},"datePublished":"2014-02-24T08:55:30+00:00","dateModified":"2019-07-16T09:30:35+00:00","description":"M\u0113s str\u0101d\u0101jam Eiropas Savien\u012bb\u0101 un Zieme\u013camerik\u0101. M\u016bsu uz\u0146\u0113mums ir augsti kvalific\u0113ta un motiv\u0113ta komanda, kas veiksm\u012bgi \u012bsteno virkni daudzvalodu projektu da\u017e\u0101d\u0101s nozar\u0113s.","breadcrumb":{"@id":"https:\/\/abellanaplus.com\/lv\/#breadcrumb"},"inLanguage":"lv-LV","potentialAction":[{"@type":"ReadAction","target":["https:\/\/abellanaplus.com\/lv\/"]}]},{"@type":"BreadcrumbList","@id":"https:\/\/abellanaplus.com\/lv\/#breadcrumb","itemListElement":[{"@type":"ListItem","position":1,"name":"Home","item":"https:\/\/abellanaplus.com\/lv\/"},{"@type":"ListItem","position":2,"name":"Par mums"}]},{"@type":"WebSite","@id":"https:\/\/abellanaplus.com\/lv\/#website","url":"https:\/\/abellanaplus.com\/lv\/","name":"Abellana Plus \u2013 your guide to multilingual environment! | Translation Services","description":"","publisher":{"@id":"https:\/\/abellanaplus.com\/lv\/#organization"},"potentialAction":[{"@type":"SearchAction","target":{"@type":"EntryPoint","urlTemplate":"https:\/\/abellanaplus.com\/lv\/?s={search_term_string}"},"query-input":{"@type":"PropertyValueSpecification","valueRequired":true,"valueName":"search_term_string"}}],"inLanguage":"lv-LV"},{"@type":"Organization","@id":"https:\/\/abellanaplus.com\/lv\/#organization","name":"Abellana Plus","url":"https:\/\/abellanaplus.com\/lv\/","logo":{"@type":"ImageObject","inLanguage":"lv-LV","@id":"https:\/\/abellanaplus.com\/lv\/#\/schema\/logo\/image\/","url":"https:\/\/abellanaplus.com\/wp-content\/uploads\/2019\/07\/logo.png","contentUrl":"https:\/\/abellanaplus.com\/wp-content\/uploads\/2019\/07\/logo.png","width":350,"height":364,"caption":"Abellana Plus"},"image":{"@id":"https:\/\/abellanaplus.com\/lv\/#\/schema\/logo\/image\/"}}]}},"_links":{"self":[{"href":"https:\/\/abellanaplus.com\/lv\/wp-json\/wp\/v2\/pages\/2576"}],"collection":[{"href":"https:\/\/abellanaplus.com\/lv\/wp-json\/wp\/v2\/pages"}],"about":[{"href":"https:\/\/abellanaplus.com\/lv\/wp-json\/wp\/v2\/types\/page"}],"author":[{"embeddable":true,"href":"https:\/\/abellanaplus.com\/lv\/wp-json\/wp\/v2\/users\/2"}],"replies":[{"embeddable":true,"href":"https:\/\/abellanaplus.com\/lv\/wp-json\/wp\/v2\/comments?post=2576"}],"version-history":[{"count":13,"href":"https:\/\/abellanaplus.com\/lv\/wp-json\/wp\/v2\/pages\/2576\/revisions"}],"predecessor-version":[{"id":3965,"href":"https:\/\/abellanaplus.com\/lv\/wp-json\/wp\/v2\/pages\/2576\/revisions\/3965"}],"wp:attachment":[{"href":"https:\/\/abellanaplus.com\/lv\/wp-json\/wp\/v2\/media?parent=2576"}],"curies":[{"name":"wp","href":"https:\/\/api.w.org\/{rel}","templated":true}]}}