{"id":2592,"date":"2014-02-24T09:33:28","date_gmt":"2014-02-24T09:33:28","guid":{"rendered":"https:\/\/abellanaplus.com\/?page_id=2592"},"modified":"2019-07-15T12:52:31","modified_gmt":"2019-07-15T09:52:31","slug":"redigesana","status":"publish","type":"page","link":"https:\/\/abellanaplus.com\/lv\/pakalpojumi\/redigesana\/","title":{"rendered":"Redi\u0123\u0113\u0161ana"},"content":{"rendered":"<section  class='av_textblock_section av-jy47lfku-4157f6ce08daed945df97e985e36fa0f '   itemscope=\"itemscope\" itemtype=\"https:\/\/schema.org\/CreativeWork\" ><div class='avia_textblock'  itemprop=\"text\" ><p><strong>Korekt\u016bra ir process, kuras m\u0113r\u0137is ir atkl\u0101t un labot tulko\u0161anas k\u013c\u016bdas. Tas ir \u013coti nopietns un svar\u012bgs uzdevums, un ir \u013coti ieteicams public\u0113\u0161anai paredz\u0113tiem materi\u0101liem.<\/strong><\/p>\n<p>M\u016bsu korekt\u016bras pakalpojumi ietver:<\/p>\n<ul>\n<li>&#8211; pareizrakst\u012bbas, gramatikas, pieturz\u012bmju un tehnisko k\u013c\u016bdu labo\u0161anu;<\/li>\n<li>&#8211; terminolo\u0123ijas un stila konsekvences nodro\u0161in\u0101\u0161anu;<\/li>\n<li>&#8211; lappuses izk\u0101rtojuma un fontu konsekvences nodro\u0161in\u0101\u0161anu;<\/li>\n<li>&#8211; saska\u0146o\u0161anu ar valodas lieto\u0161anas normat\u012bviem.<\/li>\n<\/ul>\n<p>Visus korekt\u016bras uzdevumus veic lingvisti, kuru dzimt\u0101 valoda ir m\u0113r\u0137valoda, kas \u013cauj nodro\u0161in\u0101t visaugst\u0101k\u0101s kvalit\u0101tes galarezult\u0101tu.<\/p>\n<p>Ja Jums nepiecie\u0161ama papildu inform\u0101cija par m\u016bsu sniegtajiem korekt\u016bras pakalpojumiem, l\u016bdzu, sazinieties ar mums!<\/p>\n<\/div><\/section>\n","protected":false},"excerpt":{"rendered":"","protected":false},"author":2,"featured_media":0,"parent":2580,"menu_order":230,"comment_status":"closed","ping_status":"closed","template":"","meta":{"footnotes":""},"class_list":["post-2592","page","type-page","status-publish","hentry"],"yoast_head":"<!-- This site is optimized with the Yoast SEO plugin v23.4 - https:\/\/yoast.com\/wordpress\/plugins\/seo\/ -->\n<title>Redi\u0123\u0113\u0161ana | Abellana Plus \u2013 your guide to multilingual environment! | Translation Services<\/title>\n<meta name=\"robots\" content=\"index, follow, max-snippet:-1, max-image-preview:large, max-video-preview:-1\" \/>\n<link rel=\"canonical\" href=\"https:\/\/abellanaplus.com\/lv\/pakalpojumi\/redigesana\/\" \/>\n<meta name=\"twitter:label1\" content=\"Est. reading time\" \/>\n\t<meta name=\"twitter:data1\" content=\"1 min\u016b\u0161u\" \/>\n<script type=\"application\/ld+json\" class=\"yoast-schema-graph\">{\"@context\":\"https:\/\/schema.org\",\"@graph\":[{\"@type\":\"WebPage\",\"@id\":\"https:\/\/abellanaplus.com\/lv\/pakalpojumi\/redigesana\/\",\"url\":\"https:\/\/abellanaplus.com\/lv\/pakalpojumi\/redigesana\/\",\"name\":\"Redi\u0123\u0113\u0161ana | Abellana Plus \u2013 your guide to multilingual environment! | Translation Services\",\"isPartOf\":{\"@id\":\"https:\/\/abellanaplus.com\/lv\/#website\"},\"datePublished\":\"2014-02-24T09:33:28+00:00\",\"dateModified\":\"2019-07-15T09:52:31+00:00\",\"breadcrumb\":{\"@id\":\"https:\/\/abellanaplus.com\/lv\/pakalpojumi\/redigesana\/#breadcrumb\"},\"inLanguage\":\"lv-LV\",\"potentialAction\":[{\"@type\":\"ReadAction\",\"target\":[\"https:\/\/abellanaplus.com\/lv\/pakalpojumi\/redigesana\/\"]}]},{\"@type\":\"BreadcrumbList\",\"@id\":\"https:\/\/abellanaplus.com\/lv\/pakalpojumi\/redigesana\/#breadcrumb\",\"itemListElement\":[{\"@type\":\"ListItem\",\"position\":1,\"name\":\"Home\",\"item\":\"https:\/\/abellanaplus.com\/lv\/\"},{\"@type\":\"ListItem\",\"position\":2,\"name\":\"Pakalpojumi\",\"item\":\"https:\/\/abellanaplus.com\/lv\/services\/\"},{\"@type\":\"ListItem\",\"position\":3,\"name\":\"Redi\u0123\u0113\u0161ana\"}]},{\"@type\":\"WebSite\",\"@id\":\"https:\/\/abellanaplus.com\/lv\/#website\",\"url\":\"https:\/\/abellanaplus.com\/lv\/\",\"name\":\"Abellana Plus \u2013 your guide to multilingual environment! | Translation Services\",\"description\":\"\",\"publisher\":{\"@id\":\"https:\/\/abellanaplus.com\/lv\/#organization\"},\"potentialAction\":[{\"@type\":\"SearchAction\",\"target\":{\"@type\":\"EntryPoint\",\"urlTemplate\":\"https:\/\/abellanaplus.com\/lv\/?s={search_term_string}\"},\"query-input\":{\"@type\":\"PropertyValueSpecification\",\"valueRequired\":true,\"valueName\":\"search_term_string\"}}],\"inLanguage\":\"lv-LV\"},{\"@type\":\"Organization\",\"@id\":\"https:\/\/abellanaplus.com\/lv\/#organization\",\"name\":\"Abellana Plus\",\"url\":\"https:\/\/abellanaplus.com\/lv\/\",\"logo\":{\"@type\":\"ImageObject\",\"inLanguage\":\"lv-LV\",\"@id\":\"https:\/\/abellanaplus.com\/lv\/#\/schema\/logo\/image\/\",\"url\":\"https:\/\/abellanaplus.com\/wp-content\/uploads\/2019\/07\/logo.png\",\"contentUrl\":\"https:\/\/abellanaplus.com\/wp-content\/uploads\/2019\/07\/logo.png\",\"width\":350,\"height\":364,\"caption\":\"Abellana Plus\"},\"image\":{\"@id\":\"https:\/\/abellanaplus.com\/lv\/#\/schema\/logo\/image\/\"}}]}<\/script>\n<!-- \/ Yoast SEO plugin. -->","yoast_head_json":{"title":"Redi\u0123\u0113\u0161ana | Abellana Plus \u2013 your guide to multilingual environment! | Translation Services","robots":{"index":"index","follow":"follow","max-snippet":"max-snippet:-1","max-image-preview":"max-image-preview:large","max-video-preview":"max-video-preview:-1"},"canonical":"https:\/\/abellanaplus.com\/lv\/pakalpojumi\/redigesana\/","twitter_misc":{"Est. reading time":"1 min\u016b\u0161u"},"schema":{"@context":"https:\/\/schema.org","@graph":[{"@type":"WebPage","@id":"https:\/\/abellanaplus.com\/lv\/pakalpojumi\/redigesana\/","url":"https:\/\/abellanaplus.com\/lv\/pakalpojumi\/redigesana\/","name":"Redi\u0123\u0113\u0161ana | Abellana Plus \u2013 your guide to multilingual environment! | Translation Services","isPartOf":{"@id":"https:\/\/abellanaplus.com\/lv\/#website"},"datePublished":"2014-02-24T09:33:28+00:00","dateModified":"2019-07-15T09:52:31+00:00","breadcrumb":{"@id":"https:\/\/abellanaplus.com\/lv\/pakalpojumi\/redigesana\/#breadcrumb"},"inLanguage":"lv-LV","potentialAction":[{"@type":"ReadAction","target":["https:\/\/abellanaplus.com\/lv\/pakalpojumi\/redigesana\/"]}]},{"@type":"BreadcrumbList","@id":"https:\/\/abellanaplus.com\/lv\/pakalpojumi\/redigesana\/#breadcrumb","itemListElement":[{"@type":"ListItem","position":1,"name":"Home","item":"https:\/\/abellanaplus.com\/lv\/"},{"@type":"ListItem","position":2,"name":"Pakalpojumi","item":"https:\/\/abellanaplus.com\/lv\/services\/"},{"@type":"ListItem","position":3,"name":"Redi\u0123\u0113\u0161ana"}]},{"@type":"WebSite","@id":"https:\/\/abellanaplus.com\/lv\/#website","url":"https:\/\/abellanaplus.com\/lv\/","name":"Abellana Plus \u2013 your guide to multilingual environment! | Translation Services","description":"","publisher":{"@id":"https:\/\/abellanaplus.com\/lv\/#organization"},"potentialAction":[{"@type":"SearchAction","target":{"@type":"EntryPoint","urlTemplate":"https:\/\/abellanaplus.com\/lv\/?s={search_term_string}"},"query-input":{"@type":"PropertyValueSpecification","valueRequired":true,"valueName":"search_term_string"}}],"inLanguage":"lv-LV"},{"@type":"Organization","@id":"https:\/\/abellanaplus.com\/lv\/#organization","name":"Abellana Plus","url":"https:\/\/abellanaplus.com\/lv\/","logo":{"@type":"ImageObject","inLanguage":"lv-LV","@id":"https:\/\/abellanaplus.com\/lv\/#\/schema\/logo\/image\/","url":"https:\/\/abellanaplus.com\/wp-content\/uploads\/2019\/07\/logo.png","contentUrl":"https:\/\/abellanaplus.com\/wp-content\/uploads\/2019\/07\/logo.png","width":350,"height":364,"caption":"Abellana Plus"},"image":{"@id":"https:\/\/abellanaplus.com\/lv\/#\/schema\/logo\/image\/"}}]}},"_links":{"self":[{"href":"https:\/\/abellanaplus.com\/lv\/wp-json\/wp\/v2\/pages\/2592"}],"collection":[{"href":"https:\/\/abellanaplus.com\/lv\/wp-json\/wp\/v2\/pages"}],"about":[{"href":"https:\/\/abellanaplus.com\/lv\/wp-json\/wp\/v2\/types\/page"}],"author":[{"embeddable":true,"href":"https:\/\/abellanaplus.com\/lv\/wp-json\/wp\/v2\/users\/2"}],"replies":[{"embeddable":true,"href":"https:\/\/abellanaplus.com\/lv\/wp-json\/wp\/v2\/comments?post=2592"}],"version-history":[{"count":3,"href":"https:\/\/abellanaplus.com\/lv\/wp-json\/wp\/v2\/pages\/2592\/revisions"}],"predecessor-version":[{"id":3927,"href":"https:\/\/abellanaplus.com\/lv\/wp-json\/wp\/v2\/pages\/2592\/revisions\/3927"}],"up":[{"embeddable":true,"href":"https:\/\/abellanaplus.com\/lv\/wp-json\/wp\/v2\/pages\/2580"}],"wp:attachment":[{"href":"https:\/\/abellanaplus.com\/lv\/wp-json\/wp\/v2\/media?parent=2592"}],"curies":[{"name":"wp","href":"https:\/\/api.w.org\/{rel}","templated":true}]}}