{"id":2596,"date":"2014-02-24T09:38:10","date_gmt":"2014-02-24T09:38:10","guid":{"rendered":"https:\/\/abellanaplus.com\/?page_id=2596"},"modified":"2019-07-15T12:53:48","modified_gmt":"2019-07-15T09:53:48","slug":"maketesanas-darbi","status":"publish","type":"page","link":"https:\/\/abellanaplus.com\/lv\/pakalpojumi\/maketesanas-darbi\/","title":{"rendered":"Maket\u0113\u0161anas darbi"},"content":{"rendered":"<section  class='av_textblock_section av-jy47mbdd-946baf9a05a3e7405a46cfa87ea9edd8 '   itemscope=\"itemscope\" itemtype=\"https:\/\/schema.org\/CreativeWork\" ><div class='avia_textblock'  itemprop=\"text\" ><p><strong>Ja Jums j\u0101iztulko buklets, rokasgr\u0101mata vai jebkura cita veida dokuments ar att\u0113liem un noteiktu izk\u0101rtojumu, tad Jums, visticam\u0101k, nepiecie\u0161ami maket\u0113\u0161anas pakalpojumi.<\/strong><strong>M\u0113s nodosim druk\u0101\u0161anai gatavus tulkotos materi\u0101lus un vienm\u0113r b\u016bsim priec\u012bgi sniegt konsult\u0101cijas par lab\u0101ko praksi dokument\u0101cijas sagatavo\u0161an\u0101.<\/strong><\/p>\n<p>Tulko\u0161anas proces\u0101 s\u0101kotn\u0113jais dokumenta izk\u0101rtojums bie\u017ei tiek saboj\u0101ts, jo da\u017e\u0101d\u0101m valod\u0101m ir at\u0161\u0137ir\u012bgs \u201cplatums\u201d. T\u0101d\u0113\u013c p\u0113c tulko\u0161anas m\u0113s nodro\u0161in\u0101m maket\u0113\u0161anu, lai pareizi ievietotu tulkojumu J\u016bsu dokument\u0101 un piel\u0101gotu izk\u0101rtojumu atbilsto\u0161i avota versijai.<\/p>\n<\/div><\/section>\n","protected":false},"excerpt":{"rendered":"","protected":false},"author":2,"featured_media":0,"parent":2580,"menu_order":240,"comment_status":"closed","ping_status":"closed","template":"","meta":{"footnotes":""},"class_list":["post-2596","page","type-page","status-publish","hentry"],"yoast_head":"<!-- This site is optimized with the Yoast SEO plugin v23.4 - https:\/\/yoast.com\/wordpress\/plugins\/seo\/ -->\n<title>Maket\u0113\u0161anas darbi | Abellana Plus \u2013 your guide to multilingual environment! | Translation Services<\/title>\n<meta name=\"robots\" content=\"index, follow, max-snippet:-1, max-image-preview:large, max-video-preview:-1\" \/>\n<link rel=\"canonical\" href=\"https:\/\/abellanaplus.com\/lv\/pakalpojumi\/maketesanas-darbi\/\" \/>\n<meta name=\"twitter:label1\" content=\"Est. reading time\" \/>\n\t<meta name=\"twitter:data1\" content=\"1 min\u016b\u0161u\" \/>\n<script type=\"application\/ld+json\" class=\"yoast-schema-graph\">{\"@context\":\"https:\/\/schema.org\",\"@graph\":[{\"@type\":\"WebPage\",\"@id\":\"https:\/\/abellanaplus.com\/lv\/pakalpojumi\/maketesanas-darbi\/\",\"url\":\"https:\/\/abellanaplus.com\/lv\/pakalpojumi\/maketesanas-darbi\/\",\"name\":\"Maket\u0113\u0161anas darbi | Abellana Plus \u2013 your guide to multilingual environment! | Translation Services\",\"isPartOf\":{\"@id\":\"https:\/\/abellanaplus.com\/lv\/#website\"},\"datePublished\":\"2014-02-24T09:38:10+00:00\",\"dateModified\":\"2019-07-15T09:53:48+00:00\",\"breadcrumb\":{\"@id\":\"https:\/\/abellanaplus.com\/lv\/pakalpojumi\/maketesanas-darbi\/#breadcrumb\"},\"inLanguage\":\"lv-LV\",\"potentialAction\":[{\"@type\":\"ReadAction\",\"target\":[\"https:\/\/abellanaplus.com\/lv\/pakalpojumi\/maketesanas-darbi\/\"]}]},{\"@type\":\"BreadcrumbList\",\"@id\":\"https:\/\/abellanaplus.com\/lv\/pakalpojumi\/maketesanas-darbi\/#breadcrumb\",\"itemListElement\":[{\"@type\":\"ListItem\",\"position\":1,\"name\":\"Home\",\"item\":\"https:\/\/abellanaplus.com\/lv\/\"},{\"@type\":\"ListItem\",\"position\":2,\"name\":\"Pakalpojumi\",\"item\":\"https:\/\/abellanaplus.com\/lv\/services\/\"},{\"@type\":\"ListItem\",\"position\":3,\"name\":\"Maket\u0113\u0161anas darbi\"}]},{\"@type\":\"WebSite\",\"@id\":\"https:\/\/abellanaplus.com\/lv\/#website\",\"url\":\"https:\/\/abellanaplus.com\/lv\/\",\"name\":\"Abellana Plus \u2013 your guide to multilingual environment! | Translation Services\",\"description\":\"\",\"publisher\":{\"@id\":\"https:\/\/abellanaplus.com\/lv\/#organization\"},\"potentialAction\":[{\"@type\":\"SearchAction\",\"target\":{\"@type\":\"EntryPoint\",\"urlTemplate\":\"https:\/\/abellanaplus.com\/lv\/?s={search_term_string}\"},\"query-input\":{\"@type\":\"PropertyValueSpecification\",\"valueRequired\":true,\"valueName\":\"search_term_string\"}}],\"inLanguage\":\"lv-LV\"},{\"@type\":\"Organization\",\"@id\":\"https:\/\/abellanaplus.com\/lv\/#organization\",\"name\":\"Abellana Plus\",\"url\":\"https:\/\/abellanaplus.com\/lv\/\",\"logo\":{\"@type\":\"ImageObject\",\"inLanguage\":\"lv-LV\",\"@id\":\"https:\/\/abellanaplus.com\/lv\/#\/schema\/logo\/image\/\",\"url\":\"https:\/\/abellanaplus.com\/wp-content\/uploads\/2019\/07\/logo.png\",\"contentUrl\":\"https:\/\/abellanaplus.com\/wp-content\/uploads\/2019\/07\/logo.png\",\"width\":350,\"height\":364,\"caption\":\"Abellana Plus\"},\"image\":{\"@id\":\"https:\/\/abellanaplus.com\/lv\/#\/schema\/logo\/image\/\"}}]}<\/script>\n<!-- \/ Yoast SEO plugin. -->","yoast_head_json":{"title":"Maket\u0113\u0161anas darbi | Abellana Plus \u2013 your guide to multilingual environment! | Translation Services","robots":{"index":"index","follow":"follow","max-snippet":"max-snippet:-1","max-image-preview":"max-image-preview:large","max-video-preview":"max-video-preview:-1"},"canonical":"https:\/\/abellanaplus.com\/lv\/pakalpojumi\/maketesanas-darbi\/","twitter_misc":{"Est. reading time":"1 min\u016b\u0161u"},"schema":{"@context":"https:\/\/schema.org","@graph":[{"@type":"WebPage","@id":"https:\/\/abellanaplus.com\/lv\/pakalpojumi\/maketesanas-darbi\/","url":"https:\/\/abellanaplus.com\/lv\/pakalpojumi\/maketesanas-darbi\/","name":"Maket\u0113\u0161anas darbi | Abellana Plus \u2013 your guide to multilingual environment! | Translation Services","isPartOf":{"@id":"https:\/\/abellanaplus.com\/lv\/#website"},"datePublished":"2014-02-24T09:38:10+00:00","dateModified":"2019-07-15T09:53:48+00:00","breadcrumb":{"@id":"https:\/\/abellanaplus.com\/lv\/pakalpojumi\/maketesanas-darbi\/#breadcrumb"},"inLanguage":"lv-LV","potentialAction":[{"@type":"ReadAction","target":["https:\/\/abellanaplus.com\/lv\/pakalpojumi\/maketesanas-darbi\/"]}]},{"@type":"BreadcrumbList","@id":"https:\/\/abellanaplus.com\/lv\/pakalpojumi\/maketesanas-darbi\/#breadcrumb","itemListElement":[{"@type":"ListItem","position":1,"name":"Home","item":"https:\/\/abellanaplus.com\/lv\/"},{"@type":"ListItem","position":2,"name":"Pakalpojumi","item":"https:\/\/abellanaplus.com\/lv\/services\/"},{"@type":"ListItem","position":3,"name":"Maket\u0113\u0161anas darbi"}]},{"@type":"WebSite","@id":"https:\/\/abellanaplus.com\/lv\/#website","url":"https:\/\/abellanaplus.com\/lv\/","name":"Abellana Plus \u2013 your guide to multilingual environment! | Translation Services","description":"","publisher":{"@id":"https:\/\/abellanaplus.com\/lv\/#organization"},"potentialAction":[{"@type":"SearchAction","target":{"@type":"EntryPoint","urlTemplate":"https:\/\/abellanaplus.com\/lv\/?s={search_term_string}"},"query-input":{"@type":"PropertyValueSpecification","valueRequired":true,"valueName":"search_term_string"}}],"inLanguage":"lv-LV"},{"@type":"Organization","@id":"https:\/\/abellanaplus.com\/lv\/#organization","name":"Abellana Plus","url":"https:\/\/abellanaplus.com\/lv\/","logo":{"@type":"ImageObject","inLanguage":"lv-LV","@id":"https:\/\/abellanaplus.com\/lv\/#\/schema\/logo\/image\/","url":"https:\/\/abellanaplus.com\/wp-content\/uploads\/2019\/07\/logo.png","contentUrl":"https:\/\/abellanaplus.com\/wp-content\/uploads\/2019\/07\/logo.png","width":350,"height":364,"caption":"Abellana Plus"},"image":{"@id":"https:\/\/abellanaplus.com\/lv\/#\/schema\/logo\/image\/"}}]}},"_links":{"self":[{"href":"https:\/\/abellanaplus.com\/lv\/wp-json\/wp\/v2\/pages\/2596"}],"collection":[{"href":"https:\/\/abellanaplus.com\/lv\/wp-json\/wp\/v2\/pages"}],"about":[{"href":"https:\/\/abellanaplus.com\/lv\/wp-json\/wp\/v2\/types\/page"}],"author":[{"embeddable":true,"href":"https:\/\/abellanaplus.com\/lv\/wp-json\/wp\/v2\/users\/2"}],"replies":[{"embeddable":true,"href":"https:\/\/abellanaplus.com\/lv\/wp-json\/wp\/v2\/comments?post=2596"}],"version-history":[{"count":3,"href":"https:\/\/abellanaplus.com\/lv\/wp-json\/wp\/v2\/pages\/2596\/revisions"}],"predecessor-version":[{"id":3928,"href":"https:\/\/abellanaplus.com\/lv\/wp-json\/wp\/v2\/pages\/2596\/revisions\/3928"}],"up":[{"embeddable":true,"href":"https:\/\/abellanaplus.com\/lv\/wp-json\/wp\/v2\/pages\/2580"}],"wp:attachment":[{"href":"https:\/\/abellanaplus.com\/lv\/wp-json\/wp\/v2\/media?parent=2596"}],"curies":[{"name":"wp","href":"https:\/\/api.w.org\/{rel}","templated":true}]}}