{"id":2626,"date":"2014-02-24T10:03:40","date_gmt":"2014-02-24T10:03:40","guid":{"rendered":"https:\/\/abellanaplus.com\/?page_id=2626"},"modified":"2019-07-15T12:58:39","modified_gmt":"2019-07-15T09:58:39","slug":"kvalitate","status":"publish","type":"page","link":"https:\/\/abellanaplus.com\/lv\/kvalitate\/","title":{"rendered":"Kvalit\u0101te"},"content":{"rendered":"\n<style type=\"text\/css\" data-created_by=\"avia_inline_auto\" id=\"style-css-av-jy47ok6c-49f078e1bd0d4477f5e996f79232ed9c\">\n#top .av-special-heading.av-jy47ok6c-49f078e1bd0d4477f5e996f79232ed9c{\npadding-bottom:10px;\n}\nbody .av-special-heading.av-jy47ok6c-49f078e1bd0d4477f5e996f79232ed9c .av-special-heading-tag .heading-char{\nfont-size:25px;\n}\n.av-special-heading.av-jy47ok6c-49f078e1bd0d4477f5e996f79232ed9c .av-subheading{\nfont-size:15px;\n}\n<\/style>\n<div  class='av-special-heading av-jy47ok6c-49f078e1bd0d4477f5e996f79232ed9c av-special-heading-h3 blockquote modern-quote  avia-builder-el-0  el_before_av_heading  avia-builder-el-first '><h3 class='av-special-heading-tag '  itemprop=\"headline\"  >M\u0113s cen\u0161amies ieg\u016bt stabilu st\u0101vokli tirg\u016b.<\/h3><div class='av-subheading av-subheading_below'><p>M\u0113s m\u012blam to, ko dar\u0101m, un cen\u0161amies pan\u0101kt vislab\u0101ko kvalit\u0101ti. To nodro\u0161ina atbilsto\u0161as proced\u016bras un pareizie cilv\u0113ki. Sav\u0101 darb\u0101 m\u0113s iev\u0113rojam <b>EN15038<\/b> un <b>ISO17100<\/b> standartu pras\u012bbas.<\/p>\n<p>Kvalit\u0101te s\u0101kas ar pareizajiem cilv\u0113kiem. M\u0113s sadarbojamies ar vair\u0101k nek\u0101 500 r\u016bp\u012bgi atlas\u012btiem pieg\u0101d\u0101t\u0101jiem &#8211; tulkot\u0101jiem, tulkiem un redaktoriem vis\u0101 pasaul\u0113. M\u0113s sadarbojamies tikai ar lingvistiem ar profesion\u0101lu kvalifik\u0101ciju un pier\u0101d\u012btu pieredzi tulko\u0161an\u0101. M\u0113s str\u0101d\u0101jam tikai ar dzimto valodu, t\u0101p\u0113c sp\u0113jam nodro\u0161in\u0101t gan lingvistiski, gan kult\u016bras zi\u0146\u0101 prec\u012bzus augst\u0101k\u0101s kvalit\u0101tes tulkojumus.<\/p>\n<\/div><div class=\"special-heading-border\"><div class=\"special-heading-inner-border\"><\/div><\/div><\/div>\n\n<style type=\"text\/css\" data-created_by=\"avia_inline_auto\" id=\"style-css-av-jy47oy89-bb2367b29eec545e918642f0c5cb35ff\">\n#top .av-special-heading.av-jy47oy89-bb2367b29eec545e918642f0c5cb35ff{\npadding-bottom:10px;\n}\nbody .av-special-heading.av-jy47oy89-bb2367b29eec545e918642f0c5cb35ff .av-special-heading-tag .heading-char{\nfont-size:25px;\n}\n.av-special-heading.av-jy47oy89-bb2367b29eec545e918642f0c5cb35ff .av-subheading{\nfont-size:15px;\n}\n<\/style>\n<div  class='av-special-heading av-jy47oy89-bb2367b29eec545e918642f0c5cb35ff av-special-heading-h3  avia-builder-el-1  el_after_av_heading  el_before_av_iconlist '><h3 class='av-special-heading-tag '  itemprop=\"headline\"  >\u0160is process sast\u0101v no: <\/h3><div class=\"special-heading-border\"><div class=\"special-heading-inner-border\"><\/div><\/div><\/div>\n\n<style type=\"text\/css\" data-created_by=\"avia_inline_auto\" id=\"style-css-av-e7bjs2-b10e94037230102225b8bc727cfc9b2a\">\n#top .avia-icon-list-container.av-e7bjs2-b10e94037230102225b8bc727cfc9b2a .iconlist_icon{\nbackground-color:#11abd6;\n}\n<\/style>\n<div  class='avia-icon-list-container av-e7bjs2-b10e94037230102225b8bc727cfc9b2a  avia-builder-el-2  el_after_av_heading  el_before_av_heading '><ul class='avia-icon-list avia_animate_when_almost_visible avia-icon-list-left av-iconlist-big av-e7bjs2-b10e94037230102225b8bc727cfc9b2a avia-iconlist-animate'>\n<li><div class='iconlist_icon av-av_iconlist_item-763f8c042ab2ccd2609f51503f913ce5 avia-font-entypo-fontello'><span class='iconlist-char' aria-hidden='true' data-av_icon='\ue80b' data-av_iconfont='entypo-fontello'><\/span><\/div><article class=\"article-icon-entry \"  itemscope=\"itemscope\" itemtype=\"https:\/\/schema.org\/CreativeWork\" ><div class=\"iconlist_content_wrap\"><header class=\"entry-content-header\" aria-label=\"Icon: Apsprie\u0161anas \"><h4 class='av_iconlist_title iconlist_title  '  itemprop=\"headline\" >Apsprie\u0161anas <\/h4><\/header><div class='iconlist_content '  itemprop=\"text\" ><p><span lang=\"LV\">klienta vajadz\u012bbu noskaidro\u0161ana un vieno\u0161an\u0101s par projekta izpildes laika grafiku, apjomu un cen\u0101m <\/span><\/p>\n<\/div><\/div><footer class=\"entry-footer\"><\/footer><\/article><div class=\"iconlist-timeline\"><\/div><\/li>\n<li><div class='iconlist_icon av-av_iconlist_item-d8ad723210013ccac7167f3caf7a33c2 avia-font-entypo-fontello'><span class='iconlist-char' aria-hidden='true' data-av_icon='\ue837' data-av_iconfont='entypo-fontello'><\/span><\/div><article class=\"article-icon-entry \"  itemscope=\"itemscope\" itemtype=\"https:\/\/schema.org\/CreativeWork\" ><div class=\"iconlist_content_wrap\"><header class=\"entry-content-header\" aria-label=\"Icon: Tulko\u0161anas \"><h4 class='av_iconlist_title iconlist_title  '  itemprop=\"headline\" >Tulko\u0161anas <\/h4><\/header><div class='iconlist_content '  itemprop=\"text\" ><p><span lang=\"LV\">vairum\u0101 gad\u012bjumu tulkot\u0101ji to veic dzimtaj\u0101 valod\u0101 <\/span><\/p>\n<\/div><\/div><footer class=\"entry-footer\"><\/footer><\/article><div class=\"iconlist-timeline\"><\/div><\/li>\n<li><div class='iconlist_icon av-av_iconlist_item-e07a42d572f35734e82c1cdab213c64b avia-font-entypo-fontello'><span class='iconlist-char' aria-hidden='true' data-av_icon='\ue84b' data-av_iconfont='entypo-fontello'><\/span><\/div><article class=\"article-icon-entry \"  itemscope=\"itemscope\" itemtype=\"https:\/\/schema.org\/CreativeWork\" ><div class=\"iconlist_content_wrap\"><header class=\"entry-content-header\" aria-label=\"Icon: Redi\u0123\u0113\u0161anas \"><h4 class='av_iconlist_title iconlist_title  '  itemprop=\"headline\" >Redi\u0123\u0113\u0161anas <\/h4><\/header><div class='iconlist_content '  itemprop=\"text\" ><p><span lang=\"LV\">to redaktori vienm\u0113r veic sav\u0101 dzimtaj\u0101 valod\u0101 <\/span><\/p>\n<\/div><\/div><footer class=\"entry-footer\"><\/footer><\/article><div class=\"iconlist-timeline\"><\/div><\/li>\n<li><div class='iconlist_icon av-av_iconlist_item-087d0924256e9a1de252161b4004e260 avia-font-entypo-fontello'><span class='iconlist-char' aria-hidden='true' data-av_icon='\ue891' data-av_iconfont='entypo-fontello'><\/span><\/div><article class=\"article-icon-entry \"  itemscope=\"itemscope\" itemtype=\"https:\/\/schema.org\/CreativeWork\" ><div class=\"iconlist_content_wrap\"><header class=\"entry-content-header\" aria-label=\"Icon: Kvalit\u0101tes p\u0101rbaudes \"><h4 class='av_iconlist_title iconlist_title  '  itemprop=\"headline\" >Kvalit\u0101tes p\u0101rbaudes <\/h4><\/header><div class='iconlist_content '  itemprop=\"text\" ><p>p\u0101rskat\u012b\u0161ana + form\u0101ta p\u0101rbaude + atbilst\u012bbas p\u0101rbaude klienta noteiktaj\u0101m pras\u012bb\u0101m<\/p>\n<\/div><\/div><footer class=\"entry-footer\"><\/footer><\/article><div class=\"iconlist-timeline\"><\/div><\/li>\n<li><div class='iconlist_icon av-av_iconlist_item-4f09360310a6c2454a8c25ade7ad559d avia-font-entypo-fontello'><span class='iconlist-char' aria-hidden='true' data-av_icon='\ue82b' data-av_iconfont='entypo-fontello'><\/span><\/div><article class=\"article-icon-entry \"  itemscope=\"itemscope\" itemtype=\"https:\/\/schema.org\/CreativeWork\" ><div class=\"iconlist_content_wrap\"><header class=\"entry-content-header\" aria-label=\"Icon: P\u0113cmaket\u0113\u0161anas p\u0101rbaudes \"><h4 class='av_iconlist_title iconlist_title  '  itemprop=\"headline\" >P\u0113cmaket\u0113\u0161anas p\u0101rbaudes <\/h4><\/header><div class='iconlist_content '  itemprop=\"text\" ><p><span lang=\"LV\">tulkot\u0101 teksta gal\u012bg\u0101 p\u0101rbaude &#8211; fonti, izk\u0101rtojums, format\u0113jums, atstarpes, k\u013c\u016bdas utt. <\/span><\/p>\n<\/div><\/div><footer class=\"entry-footer\"><\/footer><\/article><div class=\"iconlist-timeline\"><\/div><\/li>\n<\/ul><\/div>\n\n<style type=\"text\/css\" data-created_by=\"avia_inline_auto\" id=\"style-css-av-jy47tbz2-3fd9eb799a5c7ddd06057798b35e3e4b\">\n#top .av-special-heading.av-jy47tbz2-3fd9eb799a5c7ddd06057798b35e3e4b{\npadding-bottom:10px;\n}\nbody .av-special-heading.av-jy47tbz2-3fd9eb799a5c7ddd06057798b35e3e4b .av-special-heading-tag .heading-char{\nfont-size:25px;\n}\n.av-special-heading.av-jy47tbz2-3fd9eb799a5c7ddd06057798b35e3e4b .av-subheading{\nfont-size:15px;\n}\n<\/style>\n<div  class='av-special-heading av-jy47tbz2-3fd9eb799a5c7ddd06057798b35e3e4b av-special-heading-h4 blockquote modern-quote  avia-builder-el-3  el_after_av_iconlist  el_before_av_promobox '><h4 class='av-special-heading-tag '  itemprop=\"headline\"  >Katram klientam ir savs person\u012bgais projekta koordinators,<\/h4><div class='av-subheading av-subheading_below'><p>kas noz\u012bm\u0113, ka Jums j\u0101sazin\u0101s ar tikai vienu cilv\u0113ku. Ar m\u016bsu projektu koordinatoriem var sazin\u0101ties ar\u012b \u0101rpus darba laika, jo m\u0113s uzskat\u0101m, ka cie\u0161a sadarb\u012bba ar klientiem visos projekta posmos ir \u013coti svar\u012bga gala produkta kvalit\u0101tes nodro\u0161in\u0101\u0161anai.<\/p>\n<\/div><div class=\"special-heading-border\"><div class=\"special-heading-inner-border\"><\/div><\/div><\/div>\n<div  class='av_promobox av-1w5jn6-63d846c2a0d12b7a544335a719e146b7 avia-button-yes  avia-builder-el-4  el_after_av_heading  avia-builder-el-last '><div class='avia-promocontent'><p>\nLai ieg\u016btu s\u012bk\u0101ku inform\u0101ciju par m\u016bsu kvalit\u0101tes proced\u016bru, l\u016bdzu, sazinieties ar mums.<\/p>\n<\/div><div  class='avia-button-wrap av-1w5jn6-a106abf11fc0e4cf4eb9f98c80d6e0cf-wrap avia-button-right '><a href='https:\/\/abellanaplus.com\/lv\/sazinieties\/'  class='avia-button av-1w5jn6-a106abf11fc0e4cf4eb9f98c80d6e0cf av-link-btn avia-icon_select-yes-left-icon avia-size-large avia-position-right avia-color-theme-color'   aria-label=\"Kontakti\"><span class='avia_button_icon avia_button_icon_left' aria-hidden='true' data-av_icon='\ue805' data-av_iconfont='entypo-fontello'><\/span><span class='avia_iconbox_title' >Kontakti<\/span><\/a><\/div><\/div>\n","protected":false},"excerpt":{"rendered":"","protected":false},"author":2,"featured_media":0,"parent":0,"menu_order":300,"comment_status":"closed","ping_status":"closed","template":"","meta":{"footnotes":""},"class_list":["post-2626","page","type-page","status-publish","hentry"],"yoast_head":"<!-- This site is optimized with the Yoast SEO plugin v23.4 - https:\/\/yoast.com\/wordpress\/plugins\/seo\/ -->\n<title>Kvalit\u0101te | Abellana Plus \u2013 your guide to multilingual environment! | Translation Services<\/title>\n<meta name=\"robots\" content=\"index, follow, max-snippet:-1, max-image-preview:large, max-video-preview:-1\" \/>\n<link rel=\"canonical\" href=\"https:\/\/abellanaplus.com\/lv\/kvalitate\/\" \/>\n<meta name=\"twitter:label1\" content=\"Est. reading time\" \/>\n\t<meta name=\"twitter:data1\" content=\"4 min\u016btes\" \/>\n<script type=\"application\/ld+json\" class=\"yoast-schema-graph\">{\"@context\":\"https:\/\/schema.org\",\"@graph\":[{\"@type\":\"WebPage\",\"@id\":\"https:\/\/abellanaplus.com\/lv\/kvalitate\/\",\"url\":\"https:\/\/abellanaplus.com\/lv\/kvalitate\/\",\"name\":\"Kvalit\u0101te | Abellana Plus \u2013 your guide to multilingual environment! | Translation Services\",\"isPartOf\":{\"@id\":\"https:\/\/abellanaplus.com\/lv\/#website\"},\"datePublished\":\"2014-02-24T10:03:40+00:00\",\"dateModified\":\"2019-07-15T09:58:39+00:00\",\"breadcrumb\":{\"@id\":\"https:\/\/abellanaplus.com\/lv\/kvalitate\/#breadcrumb\"},\"inLanguage\":\"lv-LV\",\"potentialAction\":[{\"@type\":\"ReadAction\",\"target\":[\"https:\/\/abellanaplus.com\/lv\/kvalitate\/\"]}]},{\"@type\":\"BreadcrumbList\",\"@id\":\"https:\/\/abellanaplus.com\/lv\/kvalitate\/#breadcrumb\",\"itemListElement\":[{\"@type\":\"ListItem\",\"position\":1,\"name\":\"Home\",\"item\":\"https:\/\/abellanaplus.com\/lv\/\"},{\"@type\":\"ListItem\",\"position\":2,\"name\":\"Kvalit\u0101te\"}]},{\"@type\":\"WebSite\",\"@id\":\"https:\/\/abellanaplus.com\/lv\/#website\",\"url\":\"https:\/\/abellanaplus.com\/lv\/\",\"name\":\"Abellana Plus \u2013 your guide to multilingual environment! | Translation Services\",\"description\":\"\",\"publisher\":{\"@id\":\"https:\/\/abellanaplus.com\/lv\/#organization\"},\"potentialAction\":[{\"@type\":\"SearchAction\",\"target\":{\"@type\":\"EntryPoint\",\"urlTemplate\":\"https:\/\/abellanaplus.com\/lv\/?s={search_term_string}\"},\"query-input\":{\"@type\":\"PropertyValueSpecification\",\"valueRequired\":true,\"valueName\":\"search_term_string\"}}],\"inLanguage\":\"lv-LV\"},{\"@type\":\"Organization\",\"@id\":\"https:\/\/abellanaplus.com\/lv\/#organization\",\"name\":\"Abellana Plus\",\"url\":\"https:\/\/abellanaplus.com\/lv\/\",\"logo\":{\"@type\":\"ImageObject\",\"inLanguage\":\"lv-LV\",\"@id\":\"https:\/\/abellanaplus.com\/lv\/#\/schema\/logo\/image\/\",\"url\":\"https:\/\/abellanaplus.com\/wp-content\/uploads\/2019\/07\/logo.png\",\"contentUrl\":\"https:\/\/abellanaplus.com\/wp-content\/uploads\/2019\/07\/logo.png\",\"width\":350,\"height\":364,\"caption\":\"Abellana Plus\"},\"image\":{\"@id\":\"https:\/\/abellanaplus.com\/lv\/#\/schema\/logo\/image\/\"}}]}<\/script>\n<!-- \/ Yoast SEO plugin. -->","yoast_head_json":{"title":"Kvalit\u0101te | Abellana Plus \u2013 your guide to multilingual environment! | Translation Services","robots":{"index":"index","follow":"follow","max-snippet":"max-snippet:-1","max-image-preview":"max-image-preview:large","max-video-preview":"max-video-preview:-1"},"canonical":"https:\/\/abellanaplus.com\/lv\/kvalitate\/","twitter_misc":{"Est. reading time":"4 min\u016btes"},"schema":{"@context":"https:\/\/schema.org","@graph":[{"@type":"WebPage","@id":"https:\/\/abellanaplus.com\/lv\/kvalitate\/","url":"https:\/\/abellanaplus.com\/lv\/kvalitate\/","name":"Kvalit\u0101te | Abellana Plus \u2013 your guide to multilingual environment! | Translation Services","isPartOf":{"@id":"https:\/\/abellanaplus.com\/lv\/#website"},"datePublished":"2014-02-24T10:03:40+00:00","dateModified":"2019-07-15T09:58:39+00:00","breadcrumb":{"@id":"https:\/\/abellanaplus.com\/lv\/kvalitate\/#breadcrumb"},"inLanguage":"lv-LV","potentialAction":[{"@type":"ReadAction","target":["https:\/\/abellanaplus.com\/lv\/kvalitate\/"]}]},{"@type":"BreadcrumbList","@id":"https:\/\/abellanaplus.com\/lv\/kvalitate\/#breadcrumb","itemListElement":[{"@type":"ListItem","position":1,"name":"Home","item":"https:\/\/abellanaplus.com\/lv\/"},{"@type":"ListItem","position":2,"name":"Kvalit\u0101te"}]},{"@type":"WebSite","@id":"https:\/\/abellanaplus.com\/lv\/#website","url":"https:\/\/abellanaplus.com\/lv\/","name":"Abellana Plus \u2013 your guide to multilingual environment! | Translation Services","description":"","publisher":{"@id":"https:\/\/abellanaplus.com\/lv\/#organization"},"potentialAction":[{"@type":"SearchAction","target":{"@type":"EntryPoint","urlTemplate":"https:\/\/abellanaplus.com\/lv\/?s={search_term_string}"},"query-input":{"@type":"PropertyValueSpecification","valueRequired":true,"valueName":"search_term_string"}}],"inLanguage":"lv-LV"},{"@type":"Organization","@id":"https:\/\/abellanaplus.com\/lv\/#organization","name":"Abellana Plus","url":"https:\/\/abellanaplus.com\/lv\/","logo":{"@type":"ImageObject","inLanguage":"lv-LV","@id":"https:\/\/abellanaplus.com\/lv\/#\/schema\/logo\/image\/","url":"https:\/\/abellanaplus.com\/wp-content\/uploads\/2019\/07\/logo.png","contentUrl":"https:\/\/abellanaplus.com\/wp-content\/uploads\/2019\/07\/logo.png","width":350,"height":364,"caption":"Abellana Plus"},"image":{"@id":"https:\/\/abellanaplus.com\/lv\/#\/schema\/logo\/image\/"}}]}},"_links":{"self":[{"href":"https:\/\/abellanaplus.com\/lv\/wp-json\/wp\/v2\/pages\/2626"}],"collection":[{"href":"https:\/\/abellanaplus.com\/lv\/wp-json\/wp\/v2\/pages"}],"about":[{"href":"https:\/\/abellanaplus.com\/lv\/wp-json\/wp\/v2\/types\/page"}],"author":[{"embeddable":true,"href":"https:\/\/abellanaplus.com\/lv\/wp-json\/wp\/v2\/users\/2"}],"replies":[{"embeddable":true,"href":"https:\/\/abellanaplus.com\/lv\/wp-json\/wp\/v2\/comments?post=2626"}],"version-history":[{"count":7,"href":"https:\/\/abellanaplus.com\/lv\/wp-json\/wp\/v2\/pages\/2626\/revisions"}],"predecessor-version":[{"id":3930,"href":"https:\/\/abellanaplus.com\/lv\/wp-json\/wp\/v2\/pages\/2626\/revisions\/3930"}],"wp:attachment":[{"href":"https:\/\/abellanaplus.com\/lv\/wp-json\/wp\/v2\/media?parent=2626"}],"curies":[{"name":"wp","href":"https:\/\/api.w.org\/{rel}","templated":true}]}}