{"id":2974,"date":"2018-10-08T11:48:48","date_gmt":"2018-10-08T11:48:48","guid":{"rendered":"https:\/\/abellanaplus.com\/?page_id=2974"},"modified":"2019-07-15T13:12:32","modified_gmt":"2019-07-15T10:12:32","slug":"tjanster","status":"publish","type":"page","link":"https:\/\/abellanaplus.com\/sv\/tjanster\/","title":{"rendered":"Tj\u00e4nster"},"content":{"rendered":"\n<style type=\"text\/css\" data-created_by=\"avia_inline_auto\" id=\"style-css-av-jy48b7ii-bb419f45b9ef83289f8e0821c204f158\">\n#top .av-special-heading.av-jy48b7ii-bb419f45b9ef83289f8e0821c204f158{\npadding-bottom:0;\n}\nbody .av-special-heading.av-jy48b7ii-bb419f45b9ef83289f8e0821c204f158 .av-special-heading-tag .heading-char{\nfont-size:25px;\n}\n.av-special-heading.av-jy48b7ii-bb419f45b9ef83289f8e0821c204f158 .av-subheading{\nfont-size:15px;\n}\n<\/style>\n<div  class='av-special-heading av-jy48b7ii-bb419f45b9ef83289f8e0821c204f158 av-special-heading-h1 blockquote modern-quote modern-centered  avia-builder-el-0  el_before_av_section  avia-builder-el-no-sibling '><h1 class='av-special-heading-tag '  itemprop=\"headline\"  >Vi tillhandah\u00e5ller \u00f6vers\u00e4ttningar i flera spr\u00e5kkombinationer<\/h1><div class='av-subheading av-subheading_below'><p>med s\u00e4rskild inriktning p\u00e5 de spr\u00e5k som talas i och runt Lettland \u2013 lettiska, estniska, litauiska och ryska. Vi tillhandah\u00e5ller emellertid \u00e4ven \u00f6vers\u00e4ttningar till andra europeiska spr\u00e5k.<\/p>\n<\/div><div class=\"special-heading-border\"><div class=\"special-heading-inner-border\"><\/div><\/div><\/div>\n<\/div><\/div><\/div><!-- close content main div --><\/div><\/div>\n<style type=\"text\/css\" data-created_by=\"avia_inline_auto\" id=\"style-css-av-154h6a6-e4034957b3a6d39d1334a03dfc660f1b\">\n.avia-section.av-154h6a6-e4034957b3a6d39d1334a03dfc660f1b{\nbackground-color:#11abd6;\nbackground-image:unset;\n}\n<\/style>\n<div id='av_section_1'  class='avia-section av-154h6a6-e4034957b3a6d39d1334a03dfc660f1b alternate_color avia-section-small avia-shadow  avia-builder-el-1  el_after_av_heading  el_before_av_one_half  avia-bg-style-scroll container_wrap sidebar_right'  ><div class='container av-section-cont-open' ><div class='template-page content  av-content-small alpha units'><div class='post-entry post-entry-type-page post-entry-2974'><div class='entry-content-wrapper clearfix'>\n<div  class='flex_column av-13hftxq-8f889fa6f130cb62220c1a450e32ff69 av_one_fourth  avia-builder-el-2  el_before_av_one_fourth  avia-builder-el-first  first flex_column_div  '     ><style type=\"text\/css\" data-created_by=\"avia_inline_auto\" id=\"style-css-av-11jem1q-b35e8678ab9cdc5cc806587b33c070d9\">\n.iconbox.av-11jem1q-b35e8678ab9cdc5cc806587b33c070d9 .iconbox_icon{\nbackground-color:#95b045;\n}\n<\/style>\n<article  class='iconbox iconbox_top av-11jem1q-b35e8678ab9cdc5cc806587b33c070d9  avia-builder-el-3  avia-builder-el-no-sibling  main_color'  itemscope=\"itemscope\" itemtype=\"https:\/\/schema.org\/CreativeWork\" ><div class=\"iconbox_content\"><header class=\"entry-content-header\" aria-label=\"Icon: \u00d6vers\u00e4ttning\"><a href='https:\/\/abellanaplus.com\/sv\/tjanster\/oversattning\/' title='\u00d6vers\u00e4ttning'  class=\"iconbox_icon heading-color\" aria-hidden='true' data-av_icon='\ue837' data-av_iconfont='entypo-fontello'><\/a><h3 class='iconbox_content_title '  itemprop=\"headline\" ><a href='https:\/\/abellanaplus.com\/sv\/tjanster\/oversattning\/' title='\u00d6vers\u00e4ttning' >\u00d6vers\u00e4ttning<\/a><\/h3><\/header><div class='iconbox_content_container '  itemprop=\"text\" ><\/div><\/div><footer class=\"entry-footer\"><\/footer><\/article><\/div><div  class='flex_column av-z2d8j2-dfeb949b5a32c96c7dfa5ec8b824a500 av_one_fourth  avia-builder-el-4  el_after_av_one_fourth  el_before_av_one_fourth  flex_column_div  '     ><style type=\"text\/css\" data-created_by=\"avia_inline_auto\" id=\"style-css-av-3cg1z2-7b48659f0cb69e0315562545e67d59f5\">\n.iconbox.av-3cg1z2-7b48659f0cb69e0315562545e67d59f5 .iconbox_icon{\nbackground-color:#95b045;\n}\n<\/style>\n<article  class='iconbox iconbox_top av-3cg1z2-7b48659f0cb69e0315562545e67d59f5  avia-builder-el-5  avia-builder-el-no-sibling  main_color'  itemscope=\"itemscope\" itemtype=\"https:\/\/schema.org\/CreativeWork\" ><div class=\"iconbox_content\"><header class=\"entry-content-header\" aria-label=\"Icon: Lokalisering\"><a href='https:\/\/abellanaplus.com\/sv\/tjanster\/lokalisering\/' title='Lokalisering'  class=\"iconbox_icon heading-color\" aria-hidden='true' data-av_icon='\ue8b1' data-av_iconfont='entypo-fontello'><\/a><h3 class='iconbox_content_title '  itemprop=\"headline\" ><a href='https:\/\/abellanaplus.com\/sv\/tjanster\/lokalisering\/' title='Lokalisering' >Lokalisering<\/a><\/h3><\/header><div class='iconbox_content_container '  itemprop=\"text\" ><\/div><\/div><footer class=\"entry-footer\"><\/footer><\/article><\/div><div  class='flex_column av-w6a0u6-e539a2128c7ad881e94d88a166c726ae av_one_fourth  avia-builder-el-6  el_after_av_one_fourth  el_before_av_one_fourth  flex_column_div  '     ><style type=\"text\/css\" data-created_by=\"avia_inline_auto\" id=\"style-css-av-uqkb8e-89d1ca82068782c30b673c7255d57b1c\">\n.iconbox.av-uqkb8e-89d1ca82068782c30b673c7255d57b1c .iconbox_icon{\nbackground-color:#95b045;\n}\n<\/style>\n<article  class='iconbox iconbox_top av-uqkb8e-89d1ca82068782c30b673c7255d57b1c  avia-builder-el-7  avia-builder-el-no-sibling  main_color'  itemscope=\"itemscope\" itemtype=\"https:\/\/schema.org\/CreativeWork\" ><div class=\"iconbox_content\"><header class=\"entry-content-header\" aria-label=\"Icon: Korrekturl\u00e4sning\"><a href='https:\/\/abellanaplus.com\/sv\/tjanster\/korrekturlasning\/' title='Korrekturl\u00e4sning'  class=\"iconbox_icon heading-color\" aria-hidden='true' data-av_icon='\ue838' data-av_iconfont='entypo-fontello'><\/a><h3 class='iconbox_content_title '  itemprop=\"headline\" ><a href='https:\/\/abellanaplus.com\/sv\/tjanster\/korrekturlasning\/' title='Korrekturl\u00e4sning' >Korrekturl\u00e4sning<\/a><\/h3><\/header><div class='iconbox_content_container '  itemprop=\"text\" ><\/div><\/div><footer class=\"entry-footer\"><\/footer><\/article><\/div><div  class='flex_column av-t57u8u-d04e810e42d7781a94a5572ce11d3305 av_one_fourth  avia-builder-el-8  el_after_av_one_fourth  el_before_av_textblock  flex_column_div  '     ><style type=\"text\/css\" data-created_by=\"avia_inline_auto\" id=\"style-css-av-2nwzum-976550668c9e0183775d416e86ad7a92\">\n.iconbox.av-2nwzum-976550668c9e0183775d416e86ad7a92 .iconbox_icon{\nbackground-color:#95b045;\n}\n<\/style>\n<article  class='iconbox iconbox_top av-2nwzum-976550668c9e0183775d416e86ad7a92  avia-builder-el-9  avia-builder-el-no-sibling  main_color'  itemscope=\"itemscope\" itemtype=\"https:\/\/schema.org\/CreativeWork\" ><div class=\"iconbox_content\"><header class=\"entry-content-header\" aria-label=\"Icon: Layout och anpassning av bilder\"><a href='https:\/\/abellanaplus.com\/sv\/tjanster\/layout-och-anpassning-av-bilder\/' title='Layout och anpassning av bilder'  class=\"iconbox_icon heading-color\" aria-hidden='true' data-av_icon='\ue84d' data-av_iconfont='entypo-fontello'><\/a><h3 class='iconbox_content_title '  itemprop=\"headline\" ><a href='https:\/\/abellanaplus.com\/sv\/tjanster\/layout-och-anpassning-av-bilder\/' title='Layout och anpassning av bilder' >Layout och anpassning av bilder<\/a><\/h3><\/header><div class='iconbox_content_container '  itemprop=\"text\" ><\/div><\/div><footer class=\"entry-footer\"><\/footer><\/article><\/div><section  class='av_textblock_section av-jxx7fl50-9ca8ce0e04b3c76c9f2d1312b8153a69 '   itemscope=\"itemscope\" itemtype=\"https:\/\/schema.org\/CreativeWork\" ><div class='avia_textblock'  itemprop=\"text\" ><p><br class=\"avia-permanent-lb\" \/><\/p>\n<p style=\"text-align: center;\">Tj\u00e4nster som tillhandah\u00e5lls inom n\u00e5got omr\u00e5de \u00e4r fr\u00e4mst inriktade p\u00e5 att tillgodose kundernas behov. \u00d6vers\u00e4ttningstj\u00e4nster \u00e4r inget undantag, s\u00e4rskilt med tanke p\u00e5 den moderna marknadens globala karakt\u00e4r och f\u00f6regaens \u00f6nskan att integreras i den. Som leverant\u00f6r av spr\u00e5ktj\u00e4nster \u00e4r v\u00e5rt m\u00e5l att slutf\u00f6ra uppgiften och l\u00f6sa problem i samband med kommunikation av kundens produkter p\u00e5 den v\u00e4rldsmarknaden som kunden har best\u00e4mt.<\/p>\n<\/div><\/section>\n<\/div><\/div><\/div><!-- close content main div --><\/div><\/div><div id='after_section_1'  class='main_color av_default_container_wrap container_wrap sidebar_right'  ><div class='container av-section-cont-open' ><div class='template-page content  av-content-small alpha units'><div class='post-entry post-entry-type-page post-entry-2974'><div class='entry-content-wrapper clearfix'>\n<div  class='flex_column av-p06edq-e02b51daf308a9f5d304c316a510862c av_one_half  avia-builder-el-11  el_after_av_section  el_before_av_one_half  avia-builder-el-first  first flex_column_div  '     ><p>\n<style type=\"text\/css\" data-created_by=\"avia_inline_auto\" id=\"style-css-av-3003fi-71486300c3e811766a481074c7f59f26\">\n#top .av-special-heading.av-3003fi-71486300c3e811766a481074c7f59f26{\npadding-bottom:0;\n}\nbody .av-special-heading.av-3003fi-71486300c3e811766a481074c7f59f26 .av-special-heading-tag .heading-char{\nfont-size:25px;\n}\n.av-special-heading.av-3003fi-71486300c3e811766a481074c7f59f26 .av-subheading{\nfont-size:15px;\n}\n<\/style>\n<div  class='av-special-heading av-3003fi-71486300c3e811766a481074c7f59f26 av-special-heading-h3 blockquote modern-quote  avia-builder-el-12  el_before_av_hr  avia-builder-el-first '><h3 class='av-special-heading-tag '  itemprop=\"headline\"  >Se v\u00e5r fullst\u00e4ndiga lista \u00f6ver tillg\u00e4ngliga spr\u00e5kkombinationer eller kontakta oss och vi kommer att g\u00f6ra v\u00e5rt b\u00e4sta f\u00f6r att hj\u00e4lpa dig, eftersom v\u00e5r databas med leverant\u00f6rer st\u00e4ndigt ut\u00f6kas.<\/h3><div class=\"special-heading-border\"><div class=\"special-heading-inner-border\"><\/div><\/div><\/div><br \/>\n<div  class='hr av-mfjs32-64e2dca0ab7e78e266a39151890d85aa hr-default  avia-builder-el-13  el_after_av_heading  el_before_av_textblock '><span class='hr-inner '><span class=\"hr-inner-style\"><\/span><\/span><\/div><br \/>\n<section  class='av_textblock_section av-lf8rm6-6d19a7d3ec633411f2dbd94862e08fb2 '   itemscope=\"itemscope\" itemtype=\"https:\/\/schema.org\/CreativeWork\" ><div class='avia_textblock'  itemprop=\"text\" ><p><strong>DE 5 FR\u00c4MSTA SK\u00c4LEN TILL ATT V\u00c4LJA OSS:<\/strong><\/p>\n<ul>\n<li>Perfekt kvalitet till rimligt pris<\/li>\n<li>Personligt tillv\u00e4gag\u00e5ngss\u00e4tt<\/li>\n<li>Leveranser i tid i enlighet med dina krav<\/li>\n<li>Snabb handl\u00e4ggningstid<\/li>\n<li>V\u00e4nlig service och ansvar<\/li>\n<\/ul>\n<\/div><\/section><br \/>\n<div  class='hr av-mfjs32-64e2dca0ab7e78e266a39151890d85aa hr-default  avia-builder-el-15  el_after_av_textblock  el_before_av_textblock '><span class='hr-inner '><span class=\"hr-inner-style\"><\/span><\/span><\/div><br \/>\n<section  class='av_textblock_section av-lf8rm6-6cc048ed6a4036a1a01faf63c314066a '   itemscope=\"itemscope\" itemtype=\"https:\/\/schema.org\/CreativeWork\" ><div class='avia_textblock'  itemprop=\"text\" ><p>Vi erbjuder den b\u00e4sta l\u00f6sningen f\u00f6r relationen &#8221;kvalitet \u2013 pris \u2013 villkor&#8221; genom att endast samarbeta med erfarna spr\u00e5kvetare.<\/p>\n<\/div><\/section><br \/>\n<div  class='hr av-iivozi-c85f2cc7554e1614de6dd02b3ca491ad hr-default  avia-builder-el-17  el_after_av_textblock  el_before_av_textblock '><span class='hr-inner '><span class=\"hr-inner-style\"><\/span><\/span><\/div><br \/>\n<section  class='av_textblock_section av-gw17jy-aad3259e1483f225236c8065d6299240 '   itemscope=\"itemscope\" itemtype=\"https:\/\/schema.org\/CreativeWork\" ><div class='avia_textblock'  itemprop=\"text\" ><p>Vi \u00f6vers\u00e4tter texter inom olika omr\u00e5den och tar g\u00e4rna hand om b\u00e5de stora och sm\u00e5 projekt.<\/p>\n<\/div><\/section><br \/>\n<div  class='hr av-f992zy-cdd0367142b358f59a0a50ccf9a02eb4 hr-default  avia-builder-el-19  el_after_av_textblock  el_before_av_textblock '><span class='hr-inner '><span class=\"hr-inner-style\"><\/span><\/span><\/div><br \/>\n<section  class='av_textblock_section av-e318hq-b5414babc082ad08ce619e73d472f106 '   itemscope=\"itemscope\" itemtype=\"https:\/\/schema.org\/CreativeWork\" ><div class='avia_textblock'  itemprop=\"text\" ><p>Vi kombinerar ett kreativt tillv\u00e4gag\u00e5ngss\u00e4tt och modern teknik f\u00f6r att skapa det b\u00e4sta slutresultatet i v\u00e5rt arbete.<\/p>\n<\/div><\/section><\/p><\/div>\n<div  class='flex_column av-ckkxi6-ea477a04b17a25b393a9b8dc95969ad0 av_one_half  avia-builder-el-21  el_after_av_one_half  el_before_av_hr  flex_column_div  '     ><form action=\"https:\/\/abellanaplus.com\/sv\/tjanster\/\" method=\"post\" data-fields-with-error=\"Found errors in the following field(s):\" class=\"avia_ajax_form av-form-labels-visible   avia-builder-el-22  avia-builder-el-no-sibling   \" data-avia-form-id=\"1\" data-avia-redirect='' ><h3 class=''> <\/h3><fieldset><p class='  first_form  form_element form_fullwidth' id='element_avia_1_1'><label for=\"avia_1_1\">Namn <abbr class=\"required\" title=\"required\">*<\/abbr><\/label> <input name=\"avia_1_1\" class=\"text_input is_empty\" type=\"text\" id=\"avia_1_1\" value=\"\" \/><\/p><p class='  first_form  form_element form_fullwidth' id='element_avia_2_1'><label for=\"avia_2_1\">E-mail <abbr class=\"required\" title=\"required\">*<\/abbr><\/label> <input name=\"avia_2_1\" class=\"text_input is_email\" type=\"text\" id=\"avia_2_1\" value=\"\" \/><\/p><p class='  first_form  form_element form_fullwidth' id='element_avia_3_1'><label for=\"avia_3_1\">\u00c4mne <abbr class=\"required\" title=\"required\">*<\/abbr><\/label> <input name=\"avia_3_1\" class=\"text_input is_empty\" type=\"text\" id=\"avia_3_1\" value=\"\" \/><\/p><p class='  first_form  form_element form_fullwidth' id='element_avia_4_1'><label for=\"avia_4_1\" class=\"textare_label hidden textare_label_avia_4_1\">Meddelande <abbr class=\"required\" title=\"required\">*<\/abbr><\/label><textarea  name=\"avia_4_1\" class=\"text_area is_empty\" cols=\"40\" rows=\"7\" id=\"avia_4_1\" ><\/textarea><\/p><p class=\"hidden\"><input type=\"text\" name=\"avia_5_1\" class=\"hidden \" id=\"avia_5_1\" value=\"\" \/><\/p><p class='   form_element form_fullwidth' id='element_avia_6_1'><span class='value_verifier_label'>0 + 2 = ?<\/span><input name=\"avia_6_1_verifier\" type=\"hidden\" id=\"avia_6_1_verifier\" value=\"177627474\"\/><label for=\"avia_6_1\">Bekr\u00e4fta att du \u00e4r en m\u00e4nniska genom att l\u00f6sa ekvationen <abbr class=\"required\" title=\"required\">*<\/abbr><\/label><input name=\"avia_6_1\" class=\"text_input captcha\" type=\"text\" id=\"avia_6_1\" value=\"\"\/><\/p><p class=\"form_element \"><input type=\"hidden\" value=\"1\" name=\"avia_generated_form1\" \/><input type=\"submit\" value=\"Skicka\" class=\"button\"  data-sending-label=\"Sending\"\/><\/p><\/fieldset><\/form><div id=\"ajaxresponse_1\" class=\"ajaxresponse ajaxresponse_1 hidden\"><\/div><\/div>\n<div  class='hr av-29risu-a7fc576969933edee6c0c5b461e5776a hr-default  avia-builder-el-23  el_after_av_one_half  avia-builder-el-last '><span class='hr-inner '><span class=\"hr-inner-style\"><\/span><\/span><\/div>\n","protected":false},"excerpt":{"rendered":"","protected":false},"author":2,"featured_media":0,"parent":0,"menu_order":200,"comment_status":"closed","ping_status":"closed","template":"","meta":{"footnotes":""},"class_list":["post-2974","page","type-page","status-publish","hentry"],"yoast_head":"<!-- This site is optimized with the Yoast SEO plugin v23.4 - https:\/\/yoast.com\/wordpress\/plugins\/seo\/ -->\n<title>Tj\u00e4nster | Abellana Plus \u2013 your guide to multilingual environment! | Translation Services<\/title>\n<meta name=\"robots\" content=\"index, follow, max-snippet:-1, max-image-preview:large, max-video-preview:-1\" \/>\n<link rel=\"canonical\" href=\"https:\/\/abellanaplus.com\/sv\/tjanster\/\" \/>\n<meta name=\"twitter:label1\" content=\"Ber\u00e4knad l\u00e4stid\" \/>\n\t<meta name=\"twitter:data1\" content=\"6 minuter\" \/>\n<script type=\"application\/ld+json\" class=\"yoast-schema-graph\">{\"@context\":\"https:\/\/schema.org\",\"@graph\":[{\"@type\":\"WebPage\",\"@id\":\"https:\/\/abellanaplus.com\/sv\/tjanster\/\",\"url\":\"https:\/\/abellanaplus.com\/sv\/tjanster\/\",\"name\":\"Tj\u00e4nster | Abellana Plus \u2013 your guide to multilingual environment! | Translation Services\",\"isPartOf\":{\"@id\":\"https:\/\/abellanaplus.com\/sv\/#website\"},\"datePublished\":\"2018-10-08T11:48:48+00:00\",\"dateModified\":\"2019-07-15T10:12:32+00:00\",\"breadcrumb\":{\"@id\":\"https:\/\/abellanaplus.com\/sv\/tjanster\/#breadcrumb\"},\"inLanguage\":\"sv-SE\",\"potentialAction\":[{\"@type\":\"ReadAction\",\"target\":[\"https:\/\/abellanaplus.com\/sv\/tjanster\/\"]}]},{\"@type\":\"BreadcrumbList\",\"@id\":\"https:\/\/abellanaplus.com\/sv\/tjanster\/#breadcrumb\",\"itemListElement\":[{\"@type\":\"ListItem\",\"position\":1,\"name\":\"Home\",\"item\":\"https:\/\/abellanaplus.com\/sv\/\"},{\"@type\":\"ListItem\",\"position\":2,\"name\":\"Tj\u00e4nster\"}]},{\"@type\":\"WebSite\",\"@id\":\"https:\/\/abellanaplus.com\/sv\/#website\",\"url\":\"https:\/\/abellanaplus.com\/sv\/\",\"name\":\"Abellana Plus \u2013 your guide to multilingual environment! | Translation Services\",\"description\":\"\",\"publisher\":{\"@id\":\"https:\/\/abellanaplus.com\/sv\/#organization\"},\"potentialAction\":[{\"@type\":\"SearchAction\",\"target\":{\"@type\":\"EntryPoint\",\"urlTemplate\":\"https:\/\/abellanaplus.com\/sv\/?s={search_term_string}\"},\"query-input\":{\"@type\":\"PropertyValueSpecification\",\"valueRequired\":true,\"valueName\":\"search_term_string\"}}],\"inLanguage\":\"sv-SE\"},{\"@type\":\"Organization\",\"@id\":\"https:\/\/abellanaplus.com\/sv\/#organization\",\"name\":\"Abellana Plus\",\"url\":\"https:\/\/abellanaplus.com\/sv\/\",\"logo\":{\"@type\":\"ImageObject\",\"inLanguage\":\"sv-SE\",\"@id\":\"https:\/\/abellanaplus.com\/sv\/#\/schema\/logo\/image\/\",\"url\":\"https:\/\/abellanaplus.com\/wp-content\/uploads\/2019\/07\/logo.png\",\"contentUrl\":\"https:\/\/abellanaplus.com\/wp-content\/uploads\/2019\/07\/logo.png\",\"width\":350,\"height\":364,\"caption\":\"Abellana Plus\"},\"image\":{\"@id\":\"https:\/\/abellanaplus.com\/sv\/#\/schema\/logo\/image\/\"}}]}<\/script>\n<!-- \/ Yoast SEO plugin. -->","yoast_head_json":{"title":"Tj\u00e4nster | Abellana Plus \u2013 your guide to multilingual environment! | Translation Services","robots":{"index":"index","follow":"follow","max-snippet":"max-snippet:-1","max-image-preview":"max-image-preview:large","max-video-preview":"max-video-preview:-1"},"canonical":"https:\/\/abellanaplus.com\/sv\/tjanster\/","twitter_misc":{"Ber\u00e4knad l\u00e4stid":"6 minuter"},"schema":{"@context":"https:\/\/schema.org","@graph":[{"@type":"WebPage","@id":"https:\/\/abellanaplus.com\/sv\/tjanster\/","url":"https:\/\/abellanaplus.com\/sv\/tjanster\/","name":"Tj\u00e4nster | Abellana Plus \u2013 your guide to multilingual environment! | Translation Services","isPartOf":{"@id":"https:\/\/abellanaplus.com\/sv\/#website"},"datePublished":"2018-10-08T11:48:48+00:00","dateModified":"2019-07-15T10:12:32+00:00","breadcrumb":{"@id":"https:\/\/abellanaplus.com\/sv\/tjanster\/#breadcrumb"},"inLanguage":"sv-SE","potentialAction":[{"@type":"ReadAction","target":["https:\/\/abellanaplus.com\/sv\/tjanster\/"]}]},{"@type":"BreadcrumbList","@id":"https:\/\/abellanaplus.com\/sv\/tjanster\/#breadcrumb","itemListElement":[{"@type":"ListItem","position":1,"name":"Home","item":"https:\/\/abellanaplus.com\/sv\/"},{"@type":"ListItem","position":2,"name":"Tj\u00e4nster"}]},{"@type":"WebSite","@id":"https:\/\/abellanaplus.com\/sv\/#website","url":"https:\/\/abellanaplus.com\/sv\/","name":"Abellana Plus \u2013 your guide to multilingual environment! | Translation Services","description":"","publisher":{"@id":"https:\/\/abellanaplus.com\/sv\/#organization"},"potentialAction":[{"@type":"SearchAction","target":{"@type":"EntryPoint","urlTemplate":"https:\/\/abellanaplus.com\/sv\/?s={search_term_string}"},"query-input":{"@type":"PropertyValueSpecification","valueRequired":true,"valueName":"search_term_string"}}],"inLanguage":"sv-SE"},{"@type":"Organization","@id":"https:\/\/abellanaplus.com\/sv\/#organization","name":"Abellana Plus","url":"https:\/\/abellanaplus.com\/sv\/","logo":{"@type":"ImageObject","inLanguage":"sv-SE","@id":"https:\/\/abellanaplus.com\/sv\/#\/schema\/logo\/image\/","url":"https:\/\/abellanaplus.com\/wp-content\/uploads\/2019\/07\/logo.png","contentUrl":"https:\/\/abellanaplus.com\/wp-content\/uploads\/2019\/07\/logo.png","width":350,"height":364,"caption":"Abellana Plus"},"image":{"@id":"https:\/\/abellanaplus.com\/sv\/#\/schema\/logo\/image\/"}}]}},"_links":{"self":[{"href":"https:\/\/abellanaplus.com\/sv\/wp-json\/wp\/v2\/pages\/2974"}],"collection":[{"href":"https:\/\/abellanaplus.com\/sv\/wp-json\/wp\/v2\/pages"}],"about":[{"href":"https:\/\/abellanaplus.com\/sv\/wp-json\/wp\/v2\/types\/page"}],"author":[{"embeddable":true,"href":"https:\/\/abellanaplus.com\/sv\/wp-json\/wp\/v2\/users\/2"}],"replies":[{"embeddable":true,"href":"https:\/\/abellanaplus.com\/sv\/wp-json\/wp\/v2\/comments?post=2974"}],"version-history":[{"count":2,"href":"https:\/\/abellanaplus.com\/sv\/wp-json\/wp\/v2\/pages\/2974\/revisions"}],"predecessor-version":[{"id":3941,"href":"https:\/\/abellanaplus.com\/sv\/wp-json\/wp\/v2\/pages\/2974\/revisions\/3941"}],"wp:attachment":[{"href":"https:\/\/abellanaplus.com\/sv\/wp-json\/wp\/v2\/media?parent=2974"}],"curies":[{"name":"wp","href":"https:\/\/api.w.org\/{rel}","templated":true}]}}