{"id":2987,"date":"2018-09-28T16:36:48","date_gmt":"2018-09-28T16:36:48","guid":{"rendered":"https:\/\/abellanaplus.com\/?page_id=2987"},"modified":"2019-07-10T16:44:59","modified_gmt":"2019-07-10T16:44:59","slug":"lokalisering","status":"publish","type":"page","link":"https:\/\/abellanaplus.com\/sv\/tjanster\/lokalisering\/","title":{"rendered":"Lokalisering"},"content":{"rendered":"<section  class='av_textblock_section av-jxxh4nxv-e841d6c01bd459fbdf2e2bc403fef1ab '   itemscope=\"itemscope\" itemtype=\"https:\/\/schema.org\/CreativeWork\" ><div class='avia_textblock'  itemprop=\"text\" ><p><strong>Lokalisering \u00e4r processen att \u00f6vers\u00e4tta t.ex. programvara, video- och datorspel och webbplatser till olika spr\u00e5k eller att g\u00f6ra en kulturell anpassning av ett spr\u00e5k till ett visst land eller en viss region. Den omfattar kunskap om m\u00e5lkulturen f\u00f6r att kunna anpassa produkten till lokala behov p\u00e5 ett korrekt s\u00e4tt.<\/strong><\/p>\n<p>Detta kan omfatta fokusering p\u00e5 grammatik och stavning p\u00e5 ett visst spr\u00e5k, anpassning av grafik, antagande av lokala valutor, anv\u00e4ndning av korrekta former f\u00f6r datum, adresser och telefonnummer etc.<\/p>\n<p>Vi har stor erfarenhet av lokalisering och vi erbjuder v\u00e5ra lokaliseringstj\u00e4nster f\u00f6r programvara, webbplatser, tekniska handb\u00f6cker, marknadsf\u00f6ringsmaterial samt andra produkter och tj\u00e4nster.<\/p>\n<p><a href=\"mailto:sales@abellanaplus.com\">Kontakta oss\u00a0<\/a>g\u00e4rna f\u00f6r mer \u00a0information om v\u00e5ra olika lokaliseringsalternativ.<\/p>\n<\/div><\/section>\n","protected":false},"excerpt":{"rendered":"","protected":false},"author":2,"featured_media":0,"parent":2974,"menu_order":220,"comment_status":"closed","ping_status":"closed","template":"","meta":{"footnotes":""},"class_list":["post-2987","page","type-page","status-publish","hentry"],"yoast_head":"<!-- This site is optimized with the Yoast SEO plugin v23.4 - https:\/\/yoast.com\/wordpress\/plugins\/seo\/ -->\n<title>Lokalisering | Abellana Plus \u2013 your guide to multilingual environment! | Translation Services<\/title>\n<meta name=\"robots\" content=\"index, follow, max-snippet:-1, max-image-preview:large, max-video-preview:-1\" \/>\n<link rel=\"canonical\" href=\"https:\/\/abellanaplus.com\/sv\/tjanster\/lokalisering\/\" \/>\n<meta name=\"twitter:label1\" content=\"Ber\u00e4knad l\u00e4stid\" \/>\n\t<meta name=\"twitter:data1\" content=\"1 minut\" \/>\n<script type=\"application\/ld+json\" class=\"yoast-schema-graph\">{\"@context\":\"https:\/\/schema.org\",\"@graph\":[{\"@type\":\"WebPage\",\"@id\":\"https:\/\/abellanaplus.com\/sv\/tjanster\/lokalisering\/\",\"url\":\"https:\/\/abellanaplus.com\/sv\/tjanster\/lokalisering\/\",\"name\":\"Lokalisering | Abellana Plus \u2013 your guide to multilingual environment! | Translation Services\",\"isPartOf\":{\"@id\":\"https:\/\/abellanaplus.com\/sv\/#website\"},\"datePublished\":\"2018-09-28T16:36:48+00:00\",\"dateModified\":\"2019-07-10T16:44:59+00:00\",\"breadcrumb\":{\"@id\":\"https:\/\/abellanaplus.com\/sv\/tjanster\/lokalisering\/#breadcrumb\"},\"inLanguage\":\"sv-SE\",\"potentialAction\":[{\"@type\":\"ReadAction\",\"target\":[\"https:\/\/abellanaplus.com\/sv\/tjanster\/lokalisering\/\"]}]},{\"@type\":\"BreadcrumbList\",\"@id\":\"https:\/\/abellanaplus.com\/sv\/tjanster\/lokalisering\/#breadcrumb\",\"itemListElement\":[{\"@type\":\"ListItem\",\"position\":1,\"name\":\"Home\",\"item\":\"https:\/\/abellanaplus.com\/sv\/\"},{\"@type\":\"ListItem\",\"position\":2,\"name\":\"Tj\u00e4nster\",\"item\":\"https:\/\/abellanaplus.com\/sv\/services\/\"},{\"@type\":\"ListItem\",\"position\":3,\"name\":\"Lokalisering\"}]},{\"@type\":\"WebSite\",\"@id\":\"https:\/\/abellanaplus.com\/sv\/#website\",\"url\":\"https:\/\/abellanaplus.com\/sv\/\",\"name\":\"Abellana Plus \u2013 your guide to multilingual environment! | Translation Services\",\"description\":\"\",\"publisher\":{\"@id\":\"https:\/\/abellanaplus.com\/sv\/#organization\"},\"potentialAction\":[{\"@type\":\"SearchAction\",\"target\":{\"@type\":\"EntryPoint\",\"urlTemplate\":\"https:\/\/abellanaplus.com\/sv\/?s={search_term_string}\"},\"query-input\":{\"@type\":\"PropertyValueSpecification\",\"valueRequired\":true,\"valueName\":\"search_term_string\"}}],\"inLanguage\":\"sv-SE\"},{\"@type\":\"Organization\",\"@id\":\"https:\/\/abellanaplus.com\/sv\/#organization\",\"name\":\"Abellana Plus\",\"url\":\"https:\/\/abellanaplus.com\/sv\/\",\"logo\":{\"@type\":\"ImageObject\",\"inLanguage\":\"sv-SE\",\"@id\":\"https:\/\/abellanaplus.com\/sv\/#\/schema\/logo\/image\/\",\"url\":\"https:\/\/abellanaplus.com\/wp-content\/uploads\/2019\/07\/logo.png\",\"contentUrl\":\"https:\/\/abellanaplus.com\/wp-content\/uploads\/2019\/07\/logo.png\",\"width\":350,\"height\":364,\"caption\":\"Abellana Plus\"},\"image\":{\"@id\":\"https:\/\/abellanaplus.com\/sv\/#\/schema\/logo\/image\/\"}}]}<\/script>\n<!-- \/ Yoast SEO plugin. -->","yoast_head_json":{"title":"Lokalisering | Abellana Plus \u2013 your guide to multilingual environment! | Translation Services","robots":{"index":"index","follow":"follow","max-snippet":"max-snippet:-1","max-image-preview":"max-image-preview:large","max-video-preview":"max-video-preview:-1"},"canonical":"https:\/\/abellanaplus.com\/sv\/tjanster\/lokalisering\/","twitter_misc":{"Ber\u00e4knad l\u00e4stid":"1 minut"},"schema":{"@context":"https:\/\/schema.org","@graph":[{"@type":"WebPage","@id":"https:\/\/abellanaplus.com\/sv\/tjanster\/lokalisering\/","url":"https:\/\/abellanaplus.com\/sv\/tjanster\/lokalisering\/","name":"Lokalisering | Abellana Plus \u2013 your guide to multilingual environment! | Translation Services","isPartOf":{"@id":"https:\/\/abellanaplus.com\/sv\/#website"},"datePublished":"2018-09-28T16:36:48+00:00","dateModified":"2019-07-10T16:44:59+00:00","breadcrumb":{"@id":"https:\/\/abellanaplus.com\/sv\/tjanster\/lokalisering\/#breadcrumb"},"inLanguage":"sv-SE","potentialAction":[{"@type":"ReadAction","target":["https:\/\/abellanaplus.com\/sv\/tjanster\/lokalisering\/"]}]},{"@type":"BreadcrumbList","@id":"https:\/\/abellanaplus.com\/sv\/tjanster\/lokalisering\/#breadcrumb","itemListElement":[{"@type":"ListItem","position":1,"name":"Home","item":"https:\/\/abellanaplus.com\/sv\/"},{"@type":"ListItem","position":2,"name":"Tj\u00e4nster","item":"https:\/\/abellanaplus.com\/sv\/services\/"},{"@type":"ListItem","position":3,"name":"Lokalisering"}]},{"@type":"WebSite","@id":"https:\/\/abellanaplus.com\/sv\/#website","url":"https:\/\/abellanaplus.com\/sv\/","name":"Abellana Plus \u2013 your guide to multilingual environment! | Translation Services","description":"","publisher":{"@id":"https:\/\/abellanaplus.com\/sv\/#organization"},"potentialAction":[{"@type":"SearchAction","target":{"@type":"EntryPoint","urlTemplate":"https:\/\/abellanaplus.com\/sv\/?s={search_term_string}"},"query-input":{"@type":"PropertyValueSpecification","valueRequired":true,"valueName":"search_term_string"}}],"inLanguage":"sv-SE"},{"@type":"Organization","@id":"https:\/\/abellanaplus.com\/sv\/#organization","name":"Abellana Plus","url":"https:\/\/abellanaplus.com\/sv\/","logo":{"@type":"ImageObject","inLanguage":"sv-SE","@id":"https:\/\/abellanaplus.com\/sv\/#\/schema\/logo\/image\/","url":"https:\/\/abellanaplus.com\/wp-content\/uploads\/2019\/07\/logo.png","contentUrl":"https:\/\/abellanaplus.com\/wp-content\/uploads\/2019\/07\/logo.png","width":350,"height":364,"caption":"Abellana Plus"},"image":{"@id":"https:\/\/abellanaplus.com\/sv\/#\/schema\/logo\/image\/"}}]}},"_links":{"self":[{"href":"https:\/\/abellanaplus.com\/sv\/wp-json\/wp\/v2\/pages\/2987"}],"collection":[{"href":"https:\/\/abellanaplus.com\/sv\/wp-json\/wp\/v2\/pages"}],"about":[{"href":"https:\/\/abellanaplus.com\/sv\/wp-json\/wp\/v2\/types\/page"}],"author":[{"embeddable":true,"href":"https:\/\/abellanaplus.com\/sv\/wp-json\/wp\/v2\/users\/2"}],"replies":[{"embeddable":true,"href":"https:\/\/abellanaplus.com\/sv\/wp-json\/wp\/v2\/comments?post=2987"}],"version-history":[{"count":3,"href":"https:\/\/abellanaplus.com\/sv\/wp-json\/wp\/v2\/pages\/2987\/revisions"}],"predecessor-version":[{"id":3826,"href":"https:\/\/abellanaplus.com\/sv\/wp-json\/wp\/v2\/pages\/2987\/revisions\/3826"}],"up":[{"embeddable":true,"href":"https:\/\/abellanaplus.com\/sv\/wp-json\/wp\/v2\/pages\/2974"}],"wp:attachment":[{"href":"https:\/\/abellanaplus.com\/sv\/wp-json\/wp\/v2\/media?parent=2987"}],"curies":[{"name":"wp","href":"https:\/\/api.w.org\/{rel}","templated":true}]}}