{"id":2998,"date":"2018-09-28T16:46:39","date_gmt":"2018-09-28T16:46:39","guid":{"rendered":"https:\/\/abellanaplus.com\/?page_id=2998"},"modified":"2019-07-10T16:46:00","modified_gmt":"2019-07-10T16:46:00","slug":"korrekturlasning","status":"publish","type":"page","link":"https:\/\/abellanaplus.com\/sv\/tjanster\/korrekturlasning\/","title":{"rendered":"Korrekturl\u00e4sning"},"content":{"rendered":"<section  class='av_textblock_section av-jxxh5vcv-81e7d4f323c65f4a05f4d52ee6304d6e '   itemscope=\"itemscope\" itemtype=\"https:\/\/schema.org\/CreativeWork\" ><div class='avia_textblock'  itemprop=\"text\" ><p><strong>Korrekturl\u00e4sning \u00e4r en process som syftar till att uppt\u00e4cka och korrigera fel i \u00f6vers\u00e4ttningen. Det \u00e4r en mycket allvarlig och viktig uppgift och rekommenderas starkt f\u00f6r material som ska publiceras.<\/strong><\/p>\n<p>V\u00e5ra korrekturl\u00e4sningstj\u00e4nster inkluderar:<\/p>\n<ul>\n<li>korrigering av stavnings-, grammatik-, skiljetecken- och mekaniska fel;<\/li>\n<li>s\u00e4kerst\u00e4llande av att terminologi och stil \u00e4r konsekventa;<\/li>\n<li>s\u00e4kerst\u00e4llande av att sidlayout och typsnitt \u00e4r konsekventa;<\/li>\n<li>kontroll av att texten \u00f6verensst\u00e4mmer med spr\u00e5km\u00e4ssiga normer.<\/li>\n<\/ul>\n<p>Alla korrekturl\u00e4sningsuppgifter utf\u00f6rs av spr\u00e5kvetare som har m\u00e5lspr\u00e5ket som modersm\u00e5l, vilket g\u00f6r att vi kan s\u00e4kerst\u00e4lla en slutprodukt av h\u00f6gsta kvalitet.<\/p>\n<p><a href=\"https:\/\/abellanaplus.com\/sv\/kontakta-oss\/\">Kontakta oss\u00a0<\/a>g\u00e4rna f\u00f6r mer information om de korrekturl\u00e4sningstj\u00e4nster vi erbjuder!<\/p>\n<\/div><\/section>\n","protected":false},"excerpt":{"rendered":"","protected":false},"author":2,"featured_media":0,"parent":2974,"menu_order":230,"comment_status":"closed","ping_status":"closed","template":"","meta":{"footnotes":""},"class_list":["post-2998","page","type-page","status-publish","hentry"],"yoast_head":"<!-- This site is optimized with the Yoast SEO plugin v23.4 - https:\/\/yoast.com\/wordpress\/plugins\/seo\/ -->\n<title>Korrekturl\u00e4sning | Abellana Plus \u2013 your guide to multilingual environment! | Translation Services<\/title>\n<meta name=\"robots\" content=\"index, follow, max-snippet:-1, max-image-preview:large, max-video-preview:-1\" \/>\n<link rel=\"canonical\" href=\"https:\/\/abellanaplus.com\/sv\/tjanster\/korrekturlasning\/\" \/>\n<meta name=\"twitter:label1\" content=\"Ber\u00e4knad l\u00e4stid\" \/>\n\t<meta name=\"twitter:data1\" content=\"1 minut\" \/>\n<script type=\"application\/ld+json\" class=\"yoast-schema-graph\">{\"@context\":\"https:\/\/schema.org\",\"@graph\":[{\"@type\":\"WebPage\",\"@id\":\"https:\/\/abellanaplus.com\/sv\/tjanster\/korrekturlasning\/\",\"url\":\"https:\/\/abellanaplus.com\/sv\/tjanster\/korrekturlasning\/\",\"name\":\"Korrekturl\u00e4sning | Abellana Plus \u2013 your guide to multilingual environment! | Translation Services\",\"isPartOf\":{\"@id\":\"https:\/\/abellanaplus.com\/sv\/#website\"},\"datePublished\":\"2018-09-28T16:46:39+00:00\",\"dateModified\":\"2019-07-10T16:46:00+00:00\",\"breadcrumb\":{\"@id\":\"https:\/\/abellanaplus.com\/sv\/tjanster\/korrekturlasning\/#breadcrumb\"},\"inLanguage\":\"sv-SE\",\"potentialAction\":[{\"@type\":\"ReadAction\",\"target\":[\"https:\/\/abellanaplus.com\/sv\/tjanster\/korrekturlasning\/\"]}]},{\"@type\":\"BreadcrumbList\",\"@id\":\"https:\/\/abellanaplus.com\/sv\/tjanster\/korrekturlasning\/#breadcrumb\",\"itemListElement\":[{\"@type\":\"ListItem\",\"position\":1,\"name\":\"Home\",\"item\":\"https:\/\/abellanaplus.com\/sv\/\"},{\"@type\":\"ListItem\",\"position\":2,\"name\":\"Tj\u00e4nster\",\"item\":\"https:\/\/abellanaplus.com\/sv\/services\/\"},{\"@type\":\"ListItem\",\"position\":3,\"name\":\"Korrekturl\u00e4sning\"}]},{\"@type\":\"WebSite\",\"@id\":\"https:\/\/abellanaplus.com\/sv\/#website\",\"url\":\"https:\/\/abellanaplus.com\/sv\/\",\"name\":\"Abellana Plus \u2013 your guide to multilingual environment! | Translation Services\",\"description\":\"\",\"publisher\":{\"@id\":\"https:\/\/abellanaplus.com\/sv\/#organization\"},\"potentialAction\":[{\"@type\":\"SearchAction\",\"target\":{\"@type\":\"EntryPoint\",\"urlTemplate\":\"https:\/\/abellanaplus.com\/sv\/?s={search_term_string}\"},\"query-input\":{\"@type\":\"PropertyValueSpecification\",\"valueRequired\":true,\"valueName\":\"search_term_string\"}}],\"inLanguage\":\"sv-SE\"},{\"@type\":\"Organization\",\"@id\":\"https:\/\/abellanaplus.com\/sv\/#organization\",\"name\":\"Abellana Plus\",\"url\":\"https:\/\/abellanaplus.com\/sv\/\",\"logo\":{\"@type\":\"ImageObject\",\"inLanguage\":\"sv-SE\",\"@id\":\"https:\/\/abellanaplus.com\/sv\/#\/schema\/logo\/image\/\",\"url\":\"https:\/\/abellanaplus.com\/wp-content\/uploads\/2019\/07\/logo.png\",\"contentUrl\":\"https:\/\/abellanaplus.com\/wp-content\/uploads\/2019\/07\/logo.png\",\"width\":350,\"height\":364,\"caption\":\"Abellana Plus\"},\"image\":{\"@id\":\"https:\/\/abellanaplus.com\/sv\/#\/schema\/logo\/image\/\"}}]}<\/script>\n<!-- \/ Yoast SEO plugin. -->","yoast_head_json":{"title":"Korrekturl\u00e4sning | Abellana Plus \u2013 your guide to multilingual environment! | Translation Services","robots":{"index":"index","follow":"follow","max-snippet":"max-snippet:-1","max-image-preview":"max-image-preview:large","max-video-preview":"max-video-preview:-1"},"canonical":"https:\/\/abellanaplus.com\/sv\/tjanster\/korrekturlasning\/","twitter_misc":{"Ber\u00e4knad l\u00e4stid":"1 minut"},"schema":{"@context":"https:\/\/schema.org","@graph":[{"@type":"WebPage","@id":"https:\/\/abellanaplus.com\/sv\/tjanster\/korrekturlasning\/","url":"https:\/\/abellanaplus.com\/sv\/tjanster\/korrekturlasning\/","name":"Korrekturl\u00e4sning | Abellana Plus \u2013 your guide to multilingual environment! | Translation Services","isPartOf":{"@id":"https:\/\/abellanaplus.com\/sv\/#website"},"datePublished":"2018-09-28T16:46:39+00:00","dateModified":"2019-07-10T16:46:00+00:00","breadcrumb":{"@id":"https:\/\/abellanaplus.com\/sv\/tjanster\/korrekturlasning\/#breadcrumb"},"inLanguage":"sv-SE","potentialAction":[{"@type":"ReadAction","target":["https:\/\/abellanaplus.com\/sv\/tjanster\/korrekturlasning\/"]}]},{"@type":"BreadcrumbList","@id":"https:\/\/abellanaplus.com\/sv\/tjanster\/korrekturlasning\/#breadcrumb","itemListElement":[{"@type":"ListItem","position":1,"name":"Home","item":"https:\/\/abellanaplus.com\/sv\/"},{"@type":"ListItem","position":2,"name":"Tj\u00e4nster","item":"https:\/\/abellanaplus.com\/sv\/services\/"},{"@type":"ListItem","position":3,"name":"Korrekturl\u00e4sning"}]},{"@type":"WebSite","@id":"https:\/\/abellanaplus.com\/sv\/#website","url":"https:\/\/abellanaplus.com\/sv\/","name":"Abellana Plus \u2013 your guide to multilingual environment! | Translation Services","description":"","publisher":{"@id":"https:\/\/abellanaplus.com\/sv\/#organization"},"potentialAction":[{"@type":"SearchAction","target":{"@type":"EntryPoint","urlTemplate":"https:\/\/abellanaplus.com\/sv\/?s={search_term_string}"},"query-input":{"@type":"PropertyValueSpecification","valueRequired":true,"valueName":"search_term_string"}}],"inLanguage":"sv-SE"},{"@type":"Organization","@id":"https:\/\/abellanaplus.com\/sv\/#organization","name":"Abellana Plus","url":"https:\/\/abellanaplus.com\/sv\/","logo":{"@type":"ImageObject","inLanguage":"sv-SE","@id":"https:\/\/abellanaplus.com\/sv\/#\/schema\/logo\/image\/","url":"https:\/\/abellanaplus.com\/wp-content\/uploads\/2019\/07\/logo.png","contentUrl":"https:\/\/abellanaplus.com\/wp-content\/uploads\/2019\/07\/logo.png","width":350,"height":364,"caption":"Abellana Plus"},"image":{"@id":"https:\/\/abellanaplus.com\/sv\/#\/schema\/logo\/image\/"}}]}},"_links":{"self":[{"href":"https:\/\/abellanaplus.com\/sv\/wp-json\/wp\/v2\/pages\/2998"}],"collection":[{"href":"https:\/\/abellanaplus.com\/sv\/wp-json\/wp\/v2\/pages"}],"about":[{"href":"https:\/\/abellanaplus.com\/sv\/wp-json\/wp\/v2\/types\/page"}],"author":[{"embeddable":true,"href":"https:\/\/abellanaplus.com\/sv\/wp-json\/wp\/v2\/users\/2"}],"replies":[{"embeddable":true,"href":"https:\/\/abellanaplus.com\/sv\/wp-json\/wp\/v2\/comments?post=2998"}],"version-history":[{"count":3,"href":"https:\/\/abellanaplus.com\/sv\/wp-json\/wp\/v2\/pages\/2998\/revisions"}],"predecessor-version":[{"id":3828,"href":"https:\/\/abellanaplus.com\/sv\/wp-json\/wp\/v2\/pages\/2998\/revisions\/3828"}],"up":[{"embeddable":true,"href":"https:\/\/abellanaplus.com\/sv\/wp-json\/wp\/v2\/pages\/2974"}],"wp:attachment":[{"href":"https:\/\/abellanaplus.com\/sv\/wp-json\/wp\/v2\/media?parent=2998"}],"curies":[{"name":"wp","href":"https:\/\/api.w.org\/{rel}","templated":true}]}}