{"id":3000,"date":"2018-09-28T16:48:13","date_gmt":"2018-09-28T16:48:13","guid":{"rendered":"https:\/\/abellanaplus.com\/?page_id=3000"},"modified":"2019-07-15T13:14:05","modified_gmt":"2019-07-15T10:14:05","slug":"layout-och-anpassning-av-bilder","status":"publish","type":"page","link":"https:\/\/abellanaplus.com\/sv\/tjanster\/layout-och-anpassning-av-bilder\/","title":{"rendered":"Layout och anpassning av bilder"},"content":{"rendered":"<section  class='av_textblock_section av-2jpw20-57cde1b7db6f7f049742a9cfcb02137d '   itemscope=\"itemscope\" itemtype=\"https:\/\/schema.org\/CreativeWork\" ><div class='avia_textblock'  itemprop=\"text\" ><p><strong>Om du beh\u00f6ver \u00f6vers\u00e4tta ett h\u00e4fte, handbok eller n\u00e5gon annan typ av dokument med bilder och layout kommer du sannolikt att beh\u00f6va DTP-tj\u00e4nster eller anpassning av layout\/bilder.\u00a0<\/strong><strong>Vi levererar \u00f6versatt material som \u00e4r redo f\u00f6r tryck och ger alltid g\u00e4rna r\u00e5d om b\u00e4sta metoder f\u00f6r utskrift av dokument.<\/strong><\/p>\n<p>Under \u00f6vers\u00e4ttningsprocessen \u00e4ndras ofta k\u00e4lldokumentets layout eftersom spr\u00e5kens &#8221;bredd&#8221; varierar. Vi tillhandah\u00e5ller d\u00e4rf\u00f6r Desktop publishing efter \u00f6vers\u00e4ttningen f\u00f6r att korrekt infoga \u00f6vers\u00e4ttningen i ditt dokument och justera layouten enligt k\u00e4llversionen.<\/p>\n<p><a href=\"https:\/\/abellanaplus.com\/sv\/kontakta-oss\/\">Kontakta oss<\/a> g\u00e4rna f\u00f6r mer information om de DTP-tj\u00e4nster som erbjuder!<\/p>\n<\/div><\/section>\n","protected":false},"excerpt":{"rendered":"","protected":false},"author":2,"featured_media":0,"parent":2974,"menu_order":240,"comment_status":"closed","ping_status":"closed","template":"","meta":{"footnotes":""},"class_list":["post-3000","page","type-page","status-publish","hentry"],"yoast_head":"<!-- This site is optimized with the Yoast SEO plugin v23.4 - https:\/\/yoast.com\/wordpress\/plugins\/seo\/ -->\n<title>Layout och anpassning av bilder | Abellana Plus \u2013 your guide to multilingual environment! | Translation Services<\/title>\n<meta name=\"robots\" content=\"index, follow, max-snippet:-1, max-image-preview:large, max-video-preview:-1\" \/>\n<link rel=\"canonical\" href=\"https:\/\/abellanaplus.com\/sv\/tjanster\/layout-och-anpassning-av-bilder\/\" \/>\n<meta name=\"twitter:label1\" content=\"Ber\u00e4knad l\u00e4stid\" \/>\n\t<meta name=\"twitter:data1\" content=\"1 minut\" \/>\n<script type=\"application\/ld+json\" class=\"yoast-schema-graph\">{\"@context\":\"https:\/\/schema.org\",\"@graph\":[{\"@type\":\"WebPage\",\"@id\":\"https:\/\/abellanaplus.com\/sv\/tjanster\/layout-och-anpassning-av-bilder\/\",\"url\":\"https:\/\/abellanaplus.com\/sv\/tjanster\/layout-och-anpassning-av-bilder\/\",\"name\":\"Layout och anpassning av bilder | Abellana Plus \u2013 your guide to multilingual environment! | Translation Services\",\"isPartOf\":{\"@id\":\"https:\/\/abellanaplus.com\/sv\/#website\"},\"datePublished\":\"2018-09-28T16:48:13+00:00\",\"dateModified\":\"2019-07-15T10:14:05+00:00\",\"breadcrumb\":{\"@id\":\"https:\/\/abellanaplus.com\/sv\/tjanster\/layout-och-anpassning-av-bilder\/#breadcrumb\"},\"inLanguage\":\"sv-SE\",\"potentialAction\":[{\"@type\":\"ReadAction\",\"target\":[\"https:\/\/abellanaplus.com\/sv\/tjanster\/layout-och-anpassning-av-bilder\/\"]}]},{\"@type\":\"BreadcrumbList\",\"@id\":\"https:\/\/abellanaplus.com\/sv\/tjanster\/layout-och-anpassning-av-bilder\/#breadcrumb\",\"itemListElement\":[{\"@type\":\"ListItem\",\"position\":1,\"name\":\"Home\",\"item\":\"https:\/\/abellanaplus.com\/sv\/\"},{\"@type\":\"ListItem\",\"position\":2,\"name\":\"Tj\u00e4nster\",\"item\":\"https:\/\/abellanaplus.com\/sv\/services\/\"},{\"@type\":\"ListItem\",\"position\":3,\"name\":\"Layout och anpassning av bilder\"}]},{\"@type\":\"WebSite\",\"@id\":\"https:\/\/abellanaplus.com\/sv\/#website\",\"url\":\"https:\/\/abellanaplus.com\/sv\/\",\"name\":\"Abellana Plus \u2013 your guide to multilingual environment! | Translation Services\",\"description\":\"\",\"publisher\":{\"@id\":\"https:\/\/abellanaplus.com\/sv\/#organization\"},\"potentialAction\":[{\"@type\":\"SearchAction\",\"target\":{\"@type\":\"EntryPoint\",\"urlTemplate\":\"https:\/\/abellanaplus.com\/sv\/?s={search_term_string}\"},\"query-input\":{\"@type\":\"PropertyValueSpecification\",\"valueRequired\":true,\"valueName\":\"search_term_string\"}}],\"inLanguage\":\"sv-SE\"},{\"@type\":\"Organization\",\"@id\":\"https:\/\/abellanaplus.com\/sv\/#organization\",\"name\":\"Abellana Plus\",\"url\":\"https:\/\/abellanaplus.com\/sv\/\",\"logo\":{\"@type\":\"ImageObject\",\"inLanguage\":\"sv-SE\",\"@id\":\"https:\/\/abellanaplus.com\/sv\/#\/schema\/logo\/image\/\",\"url\":\"https:\/\/abellanaplus.com\/wp-content\/uploads\/2019\/07\/logo.png\",\"contentUrl\":\"https:\/\/abellanaplus.com\/wp-content\/uploads\/2019\/07\/logo.png\",\"width\":350,\"height\":364,\"caption\":\"Abellana Plus\"},\"image\":{\"@id\":\"https:\/\/abellanaplus.com\/sv\/#\/schema\/logo\/image\/\"}}]}<\/script>\n<!-- \/ Yoast SEO plugin. -->","yoast_head_json":{"title":"Layout och anpassning av bilder | Abellana Plus \u2013 your guide to multilingual environment! | Translation Services","robots":{"index":"index","follow":"follow","max-snippet":"max-snippet:-1","max-image-preview":"max-image-preview:large","max-video-preview":"max-video-preview:-1"},"canonical":"https:\/\/abellanaplus.com\/sv\/tjanster\/layout-och-anpassning-av-bilder\/","twitter_misc":{"Ber\u00e4knad l\u00e4stid":"1 minut"},"schema":{"@context":"https:\/\/schema.org","@graph":[{"@type":"WebPage","@id":"https:\/\/abellanaplus.com\/sv\/tjanster\/layout-och-anpassning-av-bilder\/","url":"https:\/\/abellanaplus.com\/sv\/tjanster\/layout-och-anpassning-av-bilder\/","name":"Layout och anpassning av bilder | Abellana Plus \u2013 your guide to multilingual environment! | Translation Services","isPartOf":{"@id":"https:\/\/abellanaplus.com\/sv\/#website"},"datePublished":"2018-09-28T16:48:13+00:00","dateModified":"2019-07-15T10:14:05+00:00","breadcrumb":{"@id":"https:\/\/abellanaplus.com\/sv\/tjanster\/layout-och-anpassning-av-bilder\/#breadcrumb"},"inLanguage":"sv-SE","potentialAction":[{"@type":"ReadAction","target":["https:\/\/abellanaplus.com\/sv\/tjanster\/layout-och-anpassning-av-bilder\/"]}]},{"@type":"BreadcrumbList","@id":"https:\/\/abellanaplus.com\/sv\/tjanster\/layout-och-anpassning-av-bilder\/#breadcrumb","itemListElement":[{"@type":"ListItem","position":1,"name":"Home","item":"https:\/\/abellanaplus.com\/sv\/"},{"@type":"ListItem","position":2,"name":"Tj\u00e4nster","item":"https:\/\/abellanaplus.com\/sv\/services\/"},{"@type":"ListItem","position":3,"name":"Layout och anpassning av bilder"}]},{"@type":"WebSite","@id":"https:\/\/abellanaplus.com\/sv\/#website","url":"https:\/\/abellanaplus.com\/sv\/","name":"Abellana Plus \u2013 your guide to multilingual environment! | Translation Services","description":"","publisher":{"@id":"https:\/\/abellanaplus.com\/sv\/#organization"},"potentialAction":[{"@type":"SearchAction","target":{"@type":"EntryPoint","urlTemplate":"https:\/\/abellanaplus.com\/sv\/?s={search_term_string}"},"query-input":{"@type":"PropertyValueSpecification","valueRequired":true,"valueName":"search_term_string"}}],"inLanguage":"sv-SE"},{"@type":"Organization","@id":"https:\/\/abellanaplus.com\/sv\/#organization","name":"Abellana Plus","url":"https:\/\/abellanaplus.com\/sv\/","logo":{"@type":"ImageObject","inLanguage":"sv-SE","@id":"https:\/\/abellanaplus.com\/sv\/#\/schema\/logo\/image\/","url":"https:\/\/abellanaplus.com\/wp-content\/uploads\/2019\/07\/logo.png","contentUrl":"https:\/\/abellanaplus.com\/wp-content\/uploads\/2019\/07\/logo.png","width":350,"height":364,"caption":"Abellana Plus"},"image":{"@id":"https:\/\/abellanaplus.com\/sv\/#\/schema\/logo\/image\/"}}]}},"_links":{"self":[{"href":"https:\/\/abellanaplus.com\/sv\/wp-json\/wp\/v2\/pages\/3000"}],"collection":[{"href":"https:\/\/abellanaplus.com\/sv\/wp-json\/wp\/v2\/pages"}],"about":[{"href":"https:\/\/abellanaplus.com\/sv\/wp-json\/wp\/v2\/types\/page"}],"author":[{"embeddable":true,"href":"https:\/\/abellanaplus.com\/sv\/wp-json\/wp\/v2\/users\/2"}],"replies":[{"embeddable":true,"href":"https:\/\/abellanaplus.com\/sv\/wp-json\/wp\/v2\/comments?post=3000"}],"version-history":[{"count":5,"href":"https:\/\/abellanaplus.com\/sv\/wp-json\/wp\/v2\/pages\/3000\/revisions"}],"predecessor-version":[{"id":3943,"href":"https:\/\/abellanaplus.com\/sv\/wp-json\/wp\/v2\/pages\/3000\/revisions\/3943"}],"up":[{"embeddable":true,"href":"https:\/\/abellanaplus.com\/sv\/wp-json\/wp\/v2\/pages\/2974"}],"wp:attachment":[{"href":"https:\/\/abellanaplus.com\/sv\/wp-json\/wp\/v2\/media?parent=3000"}],"curies":[{"name":"wp","href":"https:\/\/api.w.org\/{rel}","templated":true}]}}