{"id":3012,"date":"2018-09-28T19:14:54","date_gmt":"2018-09-28T19:14:54","guid":{"rendered":"https:\/\/abellanaplus.com\/?page_id=3012"},"modified":"2019-07-10T12:26:29","modified_gmt":"2019-07-10T12:26:29","slug":"kvalitet","status":"publish","type":"page","link":"https:\/\/abellanaplus.com\/sv\/kvalitet\/","title":{"rendered":"Kvalitet"},"content":{"rendered":"\n<style type=\"text\/css\" data-created_by=\"avia_inline_auto\" id=\"style-css-av-jxx7sxny-29b636785e80bfabba268b29139b7bcd\">\n#top .av-special-heading.av-jxx7sxny-29b636785e80bfabba268b29139b7bcd{\npadding-bottom:10px;\n}\nbody .av-special-heading.av-jxx7sxny-29b636785e80bfabba268b29139b7bcd .av-special-heading-tag .heading-char{\nfont-size:25px;\n}\n.av-special-heading.av-jxx7sxny-29b636785e80bfabba268b29139b7bcd .av-subheading{\nfont-size:15px;\n}\n<\/style>\n<div  class='av-special-heading av-jxx7sxny-29b636785e80bfabba268b29139b7bcd av-special-heading-h3 blockquote modern-quote  avia-builder-el-0  el_before_av_heading  avia-builder-el-first '><h3 class='av-special-heading-tag '  itemprop=\"headline\"  >Vi \u00e4lskar det vi g\u00f6r och vi g\u00f6r v\u00e5rt b\u00e4sta f\u00f6r att uppn\u00e5 perfekt kvalitet. <\/h3><div class='av-subheading av-subheading_below'><p>Detta s\u00e4kerst\u00e4lls av motsvarande procedurer och r\u00e4tt personer. Vi f\u00f6ljer kraven enligt <b> EN15038<\/b>&#8211; och <b>ISO17100<\/b>-standarderna.<\/p>\n<p>Kvalitet b\u00f6rjar med r\u00e4tt personer. Vi samarbetar med \u00f6ver 500 noggrant utvalda leverant\u00f6rer &#8211; \u00f6vers\u00e4ttare, tolkar och redigerare &#8211; \u00f6ver hela v\u00e4rlden. Vi samarbetar endast med spr\u00e5kvetare som har professionella kvalifikationer inom \u00f6vers\u00e4ttning och bevisad erfarenhet. Vi arbetar bara med \u00f6vers\u00e4ttare som har m\u00e5lspr\u00e5ket som modersm\u00e5l och d\u00e4rf\u00f6r kan vi garantera \u00f6vers\u00e4ttningar av h\u00f6gsta kvalitet som \u00e4r b\u00e5de spr\u00e5kligt och kulturellt noggranna.<\/p>\n<\/div><div class=\"special-heading-border\"><div class=\"special-heading-inner-border\"><\/div><\/div><\/div>\n\n<style type=\"text\/css\" data-created_by=\"avia_inline_auto\" id=\"style-css-av-jxx7t4xj-85ea5bbf968a4dd2a076fb9a5279ecd2\">\n#top .av-special-heading.av-jxx7t4xj-85ea5bbf968a4dd2a076fb9a5279ecd2{\npadding-bottom:10px;\n}\nbody .av-special-heading.av-jxx7t4xj-85ea5bbf968a4dd2a076fb9a5279ecd2 .av-special-heading-tag .heading-char{\nfont-size:25px;\n}\n.av-special-heading.av-jxx7t4xj-85ea5bbf968a4dd2a076fb9a5279ecd2 .av-subheading{\nfont-size:15px;\n}\n<\/style>\n<div  class='av-special-heading av-jxx7t4xj-85ea5bbf968a4dd2a076fb9a5279ecd2 av-special-heading-h3  avia-builder-el-1  el_after_av_heading  el_before_av_iconlist '><h3 class='av-special-heading-tag '  itemprop=\"headline\"  >V\u00e5r kvalitetsprocess \u00e4r f\u00f6ljande: <\/h3><div class=\"special-heading-border\"><div class=\"special-heading-inner-border\"><\/div><\/div><\/div>\n\n<style type=\"text\/css\" data-created_by=\"avia_inline_auto\" id=\"style-css-av-cbupt0-175ddfc80cab947089f4dd021ecade26\">\n#top .avia-icon-list-container.av-cbupt0-175ddfc80cab947089f4dd021ecade26 .iconlist_icon{\nbackground-color:#11abd6;\n}\n<\/style>\n<div  class='avia-icon-list-container av-cbupt0-175ddfc80cab947089f4dd021ecade26  avia-builder-el-2  el_after_av_heading  el_before_av_heading '><ul class='avia-icon-list avia_animate_when_almost_visible avia-icon-list-left av-iconlist-big av-cbupt0-175ddfc80cab947089f4dd021ecade26 avia-iconlist-animate'>\n<li><div class='iconlist_icon av-aiv1es-0440f361fdfcdb35fd80fea0839e0a41 avia-font-entypo-fontello'><span class='iconlist-char' aria-hidden='true' data-av_icon='\ue80b' data-av_iconfont='entypo-fontello'><\/span><\/div><article class=\"article-icon-entry \"  itemscope=\"itemscope\" itemtype=\"https:\/\/schema.org\/CreativeWork\" ><div class=\"iconlist_content_wrap\"><header class=\"entry-content-header\" aria-label=\"Icon: Diskussion om kundens\"><h4 class='av_iconlist_title iconlist_title  '  itemprop=\"headline\" >Diskussion om kundens<\/h4><\/header><div class='iconlist_content '  itemprop=\"text\" ><p>behov och \u00f6verenskommelse om projektets tidslinje\/omfattning\/pris<\/p>\n<\/div><\/div><footer class=\"entry-footer\"><\/footer><\/article><div class=\"iconlist-timeline\"><\/div><\/li>\n<li><div class='iconlist_icon av-av_iconlist_item-ebcde07f3d0b899a973dbb27e4ea5105 avia-font-entypo-fontello'><span class='iconlist-char' aria-hidden='true' data-av_icon='\ue837' data-av_iconfont='entypo-fontello'><\/span><\/div><article class=\"article-icon-entry \"  itemscope=\"itemscope\" itemtype=\"https:\/\/schema.org\/CreativeWork\" ><div class=\"iconlist_content_wrap\"><header class=\"entry-content-header\" aria-label=\"Icon: \u00d6vers\u00e4ttning\"><h4 class='av_iconlist_title iconlist_title  '  itemprop=\"headline\" >\u00d6vers\u00e4ttning<\/h4><\/header><div class='iconlist_content '  itemprop=\"text\" ><p><span lang=\"SV\">i de flesta fall har v\u00e5ra \u00f6vers\u00e4ttare m\u00e5lspr\u00e5ket som modersm\u00e5l <\/span><\/p>\n<\/div><\/div><footer class=\"entry-footer\"><\/footer><\/article><div class=\"iconlist-timeline\"><\/div><\/li>\n<li><div class='iconlist_icon av-7oqk0k-58f7726811f26a23c083f1e6cd0d35d9 avia-font-entypo-fontello'><span class='iconlist-char' aria-hidden='true' data-av_icon='\ue84b' data-av_iconfont='entypo-fontello'><\/span><\/div><article class=\"article-icon-entry \"  itemscope=\"itemscope\" itemtype=\"https:\/\/schema.org\/CreativeWork\" ><div class=\"iconlist_content_wrap\"><header class=\"entry-content-header\" aria-label=\"Icon: Redigering\"><h4 class='av_iconlist_title iconlist_title  '  itemprop=\"headline\" >Redigering<\/h4><\/header><div class='iconlist_content '  itemprop=\"text\" ><p>utf\u00f6rs alltid av \u00f6vers\u00e4ttare med m\u00e5lspr\u00e5ket som modersm\u00e5l<\/p>\n<\/div><\/div><footer class=\"entry-footer\"><\/footer><\/article><div class=\"iconlist-timeline\"><\/div><\/li>\n<li><div class='iconlist_icon av-av_iconlist_item-c508456a78de1b74e7a179aef057d041 avia-font-entypo-fontello'><span class='iconlist-char' aria-hidden='true' data-av_icon='\ue891' data-av_iconfont='entypo-fontello'><\/span><\/div><article class=\"article-icon-entry \"  itemscope=\"itemscope\" itemtype=\"https:\/\/schema.org\/CreativeWork\" ><div class=\"iconlist_content_wrap\"><header class=\"entry-content-header\" aria-label=\"Icon: Kvalitetskontroll \"><h4 class='av_iconlist_title iconlist_title  '  itemprop=\"headline\" >Kvalitetskontroll <\/h4><\/header><div class='iconlist_content '  itemprop=\"text\" ><p><span lang=\"SV\">stickprov + formatkontroll + kontroll av \u00f6verensst\u00e4mmelse med kundspecifika krav\u00a0 <\/span><\/p>\n<\/div><\/div><footer class=\"entry-footer\"><\/footer><\/article><div class=\"iconlist-timeline\"><\/div><\/li>\n<li><div class='iconlist_icon av-av_iconlist_item-688caea59ccbad83ed502ecb73ae7995 avia-font-entypo-fontello'><span class='iconlist-char' aria-hidden='true' data-av_icon='\ue82b' data-av_iconfont='entypo-fontello'><\/span><\/div><article class=\"article-icon-entry \"  itemscope=\"itemscope\" itemtype=\"https:\/\/schema.org\/CreativeWork\" ><div class=\"iconlist_content_wrap\"><header class=\"entry-content-header\" aria-label=\"Icon: Efterkontroll av desktop publishing\"><h4 class='av_iconlist_title iconlist_title  '  itemprop=\"headline\" >Efterkontroll av desktop publishing<\/h4><\/header><div class='iconlist_content '  itemprop=\"text\" ><p><span lang=\"SV\">slutkontroll av den \u00f6versatta texten \u2013 typsnitt, layout, formatering, mellanslag, tryckfel, etc.<\/span><\/p>\n<\/div><\/div><footer class=\"entry-footer\"><\/footer><\/article><div class=\"iconlist-timeline\"><\/div><\/li>\n<\/ul><\/div>\n\n<style type=\"text\/css\" data-created_by=\"avia_inline_auto\" id=\"style-css-av-jxx7tm1a-ccbbfe4a9276bdfdf2f9d9c863f91c36\">\n#top .av-special-heading.av-jxx7tm1a-ccbbfe4a9276bdfdf2f9d9c863f91c36{\npadding-bottom:10px;\n}\nbody .av-special-heading.av-jxx7tm1a-ccbbfe4a9276bdfdf2f9d9c863f91c36 .av-special-heading-tag .heading-char{\nfont-size:25px;\n}\n.av-special-heading.av-jxx7tm1a-ccbbfe4a9276bdfdf2f9d9c863f91c36 .av-subheading{\nfont-size:15px;\n}\n<\/style>\n<div  class='av-special-heading av-jxx7tm1a-ccbbfe4a9276bdfdf2f9d9c863f91c36 av-special-heading-h4 blockquote modern-quote  avia-builder-el-3  el_after_av_iconlist  el_before_av_promobox '><h4 class='av-special-heading-tag '  itemprop=\"headline\"  >Varje kund har sin egen personliga projektkoordinator,<\/h4><div class='av-subheading av-subheading_below'><p>vilket inneb\u00e4r att du bara beh\u00f6ver kommunicera med en person. V\u00e5ra projektkoordinatorer kan ocks\u00e5 n\u00e5s utanf\u00f6r arbetstid dygnet runt, eftersom vi tror att ett n\u00e4ra samarbete med v\u00e5ra kunder under alla projektfaser har en stor betydelse f\u00f6r slutproduktens kvalitet.<\/p>\n<\/div><div class=\"special-heading-border\"><div class=\"special-heading-inner-border\"><\/div><\/div><\/div>\n<div  class='av_promobox av-jtobehum-c3a7562f3c37ed3fda1731369e539d3a avia-button-yes  avia-builder-el-4  el_after_av_heading  avia-builder-el-last '><div class='avia-promocontent'><p>\nOm du vill ha mer information om v\u00e5ra kvalitetsprocesser, kontakta oss.<\/p>\n<\/div><div  class='avia-button-wrap av-jtobehum-26dc0b3b6562bc47c56059a661c33e23-wrap avia-button-right '><a href='https:\/\/abellanaplus.com\/sv\/kontakta-oss\/'  class='avia-button av-jtobehum-26dc0b3b6562bc47c56059a661c33e23 av-link-btn avia-icon_select-yes-left-icon avia-size-large avia-position-right avia-color-theme-color'   aria-label=\"Kontakta oss\"><span class='avia_button_icon avia_button_icon_left' aria-hidden='true' data-av_icon='\ue805' data-av_iconfont='entypo-fontello'><\/span><span class='avia_iconbox_title' >Kontakta oss<\/span><\/a><\/div><\/div>\n","protected":false},"excerpt":{"rendered":"","protected":false},"author":2,"featured_media":0,"parent":0,"menu_order":300,"comment_status":"closed","ping_status":"closed","template":"","meta":{"footnotes":""},"class_list":["post-3012","page","type-page","status-publish","hentry"],"yoast_head":"<!-- This site is optimized with the Yoast SEO plugin v23.4 - https:\/\/yoast.com\/wordpress\/plugins\/seo\/ -->\n<title>Kvalitet | Abellana Plus \u2013 your guide to multilingual environment! | Translation Services<\/title>\n<meta name=\"robots\" content=\"index, follow, max-snippet:-1, max-image-preview:large, max-video-preview:-1\" \/>\n<link rel=\"canonical\" href=\"https:\/\/abellanaplus.com\/sv\/kvalitet\/\" \/>\n<meta name=\"twitter:label1\" content=\"Ber\u00e4knad l\u00e4stid\" \/>\n\t<meta name=\"twitter:data1\" content=\"3 minuter\" \/>\n<script type=\"application\/ld+json\" class=\"yoast-schema-graph\">{\"@context\":\"https:\/\/schema.org\",\"@graph\":[{\"@type\":\"WebPage\",\"@id\":\"https:\/\/abellanaplus.com\/sv\/kvalitet\/\",\"url\":\"https:\/\/abellanaplus.com\/sv\/kvalitet\/\",\"name\":\"Kvalitet | Abellana Plus \u2013 your guide to multilingual environment! | Translation Services\",\"isPartOf\":{\"@id\":\"https:\/\/abellanaplus.com\/sv\/#website\"},\"datePublished\":\"2018-09-28T19:14:54+00:00\",\"dateModified\":\"2019-07-10T12:26:29+00:00\",\"breadcrumb\":{\"@id\":\"https:\/\/abellanaplus.com\/sv\/kvalitet\/#breadcrumb\"},\"inLanguage\":\"sv-SE\",\"potentialAction\":[{\"@type\":\"ReadAction\",\"target\":[\"https:\/\/abellanaplus.com\/sv\/kvalitet\/\"]}]},{\"@type\":\"BreadcrumbList\",\"@id\":\"https:\/\/abellanaplus.com\/sv\/kvalitet\/#breadcrumb\",\"itemListElement\":[{\"@type\":\"ListItem\",\"position\":1,\"name\":\"Home\",\"item\":\"https:\/\/abellanaplus.com\/sv\/\"},{\"@type\":\"ListItem\",\"position\":2,\"name\":\"Kvalitet\"}]},{\"@type\":\"WebSite\",\"@id\":\"https:\/\/abellanaplus.com\/sv\/#website\",\"url\":\"https:\/\/abellanaplus.com\/sv\/\",\"name\":\"Abellana Plus \u2013 your guide to multilingual environment! | Translation Services\",\"description\":\"\",\"publisher\":{\"@id\":\"https:\/\/abellanaplus.com\/sv\/#organization\"},\"potentialAction\":[{\"@type\":\"SearchAction\",\"target\":{\"@type\":\"EntryPoint\",\"urlTemplate\":\"https:\/\/abellanaplus.com\/sv\/?s={search_term_string}\"},\"query-input\":{\"@type\":\"PropertyValueSpecification\",\"valueRequired\":true,\"valueName\":\"search_term_string\"}}],\"inLanguage\":\"sv-SE\"},{\"@type\":\"Organization\",\"@id\":\"https:\/\/abellanaplus.com\/sv\/#organization\",\"name\":\"Abellana Plus\",\"url\":\"https:\/\/abellanaplus.com\/sv\/\",\"logo\":{\"@type\":\"ImageObject\",\"inLanguage\":\"sv-SE\",\"@id\":\"https:\/\/abellanaplus.com\/sv\/#\/schema\/logo\/image\/\",\"url\":\"https:\/\/abellanaplus.com\/wp-content\/uploads\/2019\/07\/logo.png\",\"contentUrl\":\"https:\/\/abellanaplus.com\/wp-content\/uploads\/2019\/07\/logo.png\",\"width\":350,\"height\":364,\"caption\":\"Abellana Plus\"},\"image\":{\"@id\":\"https:\/\/abellanaplus.com\/sv\/#\/schema\/logo\/image\/\"}}]}<\/script>\n<!-- \/ Yoast SEO plugin. -->","yoast_head_json":{"title":"Kvalitet | Abellana Plus \u2013 your guide to multilingual environment! | Translation Services","robots":{"index":"index","follow":"follow","max-snippet":"max-snippet:-1","max-image-preview":"max-image-preview:large","max-video-preview":"max-video-preview:-1"},"canonical":"https:\/\/abellanaplus.com\/sv\/kvalitet\/","twitter_misc":{"Ber\u00e4knad l\u00e4stid":"3 minuter"},"schema":{"@context":"https:\/\/schema.org","@graph":[{"@type":"WebPage","@id":"https:\/\/abellanaplus.com\/sv\/kvalitet\/","url":"https:\/\/abellanaplus.com\/sv\/kvalitet\/","name":"Kvalitet | Abellana Plus \u2013 your guide to multilingual environment! | Translation Services","isPartOf":{"@id":"https:\/\/abellanaplus.com\/sv\/#website"},"datePublished":"2018-09-28T19:14:54+00:00","dateModified":"2019-07-10T12:26:29+00:00","breadcrumb":{"@id":"https:\/\/abellanaplus.com\/sv\/kvalitet\/#breadcrumb"},"inLanguage":"sv-SE","potentialAction":[{"@type":"ReadAction","target":["https:\/\/abellanaplus.com\/sv\/kvalitet\/"]}]},{"@type":"BreadcrumbList","@id":"https:\/\/abellanaplus.com\/sv\/kvalitet\/#breadcrumb","itemListElement":[{"@type":"ListItem","position":1,"name":"Home","item":"https:\/\/abellanaplus.com\/sv\/"},{"@type":"ListItem","position":2,"name":"Kvalitet"}]},{"@type":"WebSite","@id":"https:\/\/abellanaplus.com\/sv\/#website","url":"https:\/\/abellanaplus.com\/sv\/","name":"Abellana Plus \u2013 your guide to multilingual environment! | Translation Services","description":"","publisher":{"@id":"https:\/\/abellanaplus.com\/sv\/#organization"},"potentialAction":[{"@type":"SearchAction","target":{"@type":"EntryPoint","urlTemplate":"https:\/\/abellanaplus.com\/sv\/?s={search_term_string}"},"query-input":{"@type":"PropertyValueSpecification","valueRequired":true,"valueName":"search_term_string"}}],"inLanguage":"sv-SE"},{"@type":"Organization","@id":"https:\/\/abellanaplus.com\/sv\/#organization","name":"Abellana Plus","url":"https:\/\/abellanaplus.com\/sv\/","logo":{"@type":"ImageObject","inLanguage":"sv-SE","@id":"https:\/\/abellanaplus.com\/sv\/#\/schema\/logo\/image\/","url":"https:\/\/abellanaplus.com\/wp-content\/uploads\/2019\/07\/logo.png","contentUrl":"https:\/\/abellanaplus.com\/wp-content\/uploads\/2019\/07\/logo.png","width":350,"height":364,"caption":"Abellana Plus"},"image":{"@id":"https:\/\/abellanaplus.com\/sv\/#\/schema\/logo\/image\/"}}]}},"_links":{"self":[{"href":"https:\/\/abellanaplus.com\/sv\/wp-json\/wp\/v2\/pages\/3012"}],"collection":[{"href":"https:\/\/abellanaplus.com\/sv\/wp-json\/wp\/v2\/pages"}],"about":[{"href":"https:\/\/abellanaplus.com\/sv\/wp-json\/wp\/v2\/types\/page"}],"author":[{"embeddable":true,"href":"https:\/\/abellanaplus.com\/sv\/wp-json\/wp\/v2\/users\/2"}],"replies":[{"embeddable":true,"href":"https:\/\/abellanaplus.com\/sv\/wp-json\/wp\/v2\/comments?post=3012"}],"version-history":[{"count":1,"href":"https:\/\/abellanaplus.com\/sv\/wp-json\/wp\/v2\/pages\/3012\/revisions"}],"predecessor-version":[{"id":3901,"href":"https:\/\/abellanaplus.com\/sv\/wp-json\/wp\/v2\/pages\/3012\/revisions\/3901"}],"wp:attachment":[{"href":"https:\/\/abellanaplus.com\/sv\/wp-json\/wp\/v2\/media?parent=3012"}],"curies":[{"name":"wp","href":"https:\/\/api.w.org\/{rel}","templated":true}]}}